{"id":1299,"date":"2022-04-16T12:02:26","date_gmt":"2022-04-16T10:02:26","guid":{"rendered":"https:\/\/timuntutravel.com\/v3\/?page_id=1299"},"modified":"2025-07-16T15:17:57","modified_gmt":"2025-07-16T13:17:57","slug":"a-propos","status":"publish","type":"page","link":"https:\/\/timuntutravel.com\/v3\/a-propos\/","title":{"rendered":"A Propos"},"content":{"rendered":"\t\t<div data-elementor-type=\"wp-page\" data-elementor-id=\"1299\" class=\"elementor elementor-1299\" data-elementor-post-type=\"page\">\n\t\t\t\t\t\t<section class=\"elementor-section elementor-top-section elementor-element elementor-element-1b2f7be3 elementor-section-height-min-height elementor-section-items-stretch elementor-section-full_width elementor-section-height-default\" data-id=\"1b2f7be3\" data-element_type=\"section\" data-settings=\"{&quot;background_background&quot;:&quot;classic&quot;,&quot;jet_parallax_layout_list&quot;:[]}\">\n\t\t\t\t\t\t\t<div class=\"elementor-background-overlay\"><\/div>\n\t\t\t\t\t\t\t<div class=\"elementor-container elementor-column-gap-default\">\n\t\t\t\t\t<div class=\"elementor-column elementor-col-33 elementor-top-column elementor-element elementor-element-a824fd9\" data-id=\"a824fd9\" data-element_type=\"column\" data-settings=\"{&quot;background_background&quot;:&quot;classic&quot;}\">\n\t\t\t<div class=\"elementor-widget-wrap\">\n\t\t\t\t\t\t\t<\/div>\n\t\t<\/div>\n\t\t\t\t<div class=\"elementor-column elementor-col-33 elementor-top-column elementor-element elementor-element-6c283047\" data-id=\"6c283047\" data-element_type=\"column\" data-settings=\"{&quot;background_background&quot;:&quot;classic&quot;}\">\n\t\t\t<div class=\"elementor-widget-wrap\">\n\t\t\t\t\t\t\t<\/div>\n\t\t<\/div>\n\t\t\t\t<div class=\"elementor-column elementor-col-33 elementor-top-column elementor-element elementor-element-34ea238c\" data-id=\"34ea238c\" data-element_type=\"column\" data-settings=\"{&quot;background_background&quot;:&quot;classic&quot;,&quot;background_motion_fx_motion_fx_scrolling&quot;:&quot;yes&quot;,&quot;background_motion_fx_translateY_effect&quot;:&quot;yes&quot;,&quot;background_motion_fx_translateY_direction&quot;:&quot;negative&quot;,&quot;background_motion_fx_translateY_speed&quot;:{&quot;unit&quot;:&quot;px&quot;,&quot;size&quot;:&quot;3&quot;,&quot;sizes&quot;:[]},&quot;background_motion_fx_translateY_affectedRange&quot;:{&quot;unit&quot;:&quot;%&quot;,&quot;size&quot;:&quot;&quot;,&quot;sizes&quot;:{&quot;start&quot;:0,&quot;end&quot;:100}},&quot;background_motion_fx_devices&quot;:[&quot;desktop&quot;,&quot;tablet&quot;,&quot;mobile&quot;]}\">\n\t\t\t<div class=\"elementor-widget-wrap\">\n\t\t\t\t\t\t\t<\/div>\n\t\t<\/div>\n\t\t\t\t\t<\/div>\n\t\t<\/section>\n\t\t\t\t<section class=\"elementor-section elementor-top-section elementor-element elementor-element-8af22f2 elementor-section-boxed elementor-section-height-default elementor-section-height-default\" data-id=\"8af22f2\" data-element_type=\"section\" data-settings=\"{&quot;background_background&quot;:&quot;classic&quot;,&quot;jet_parallax_layout_list&quot;:[]}\">\n\t\t\t\t\t\t<div class=\"elementor-container elementor-column-gap-default\">\n\t\t\t\t\t<div class=\"elementor-column elementor-col-100 elementor-top-column elementor-element elementor-element-1c44e4c elementor-invisible\" data-id=\"1c44e4c\" data-element_type=\"column\" data-settings=\"{&quot;animation&quot;:&quot;slideInUp&quot;,&quot;animation_delay&quot;:500,&quot;animation_mobile&quot;:&quot;none&quot;}\">\n\t\t\t<div class=\"elementor-widget-wrap elementor-element-populated\">\n\t\t\t\t\t\t<div class=\"elementor-element elementor-element-1d4a74b elementor-widget elementor-widget-video\" data-id=\"1d4a74b\" data-element_type=\"widget\" data-settings=\"{&quot;youtube_url&quot;:&quot;https:\\\/\\\/www.youtube.com\\\/watch?v=5N6MWCHQinw&amp;t=2s&quot;,&quot;show_image_overlay&quot;:&quot;yes&quot;,&quot;image_overlay&quot;:{&quot;url&quot;:&quot;https:\\\/\\\/timuntu-travel.com\\\/wp-content\\\/uploads\\\/2022\\\/04\\\/Capture-de\\u0301cran-2022-04-22-a\\u0300-10.53.11.png&quot;,&quot;id&quot;:2038,&quot;size&quot;:&quot;&quot;,&quot;alt&quot;:&quot;Timuntu Rille&quot;,&quot;source&quot;:&quot;library&quot;},&quot;video_type&quot;:&quot;youtube&quot;}\" data-widget_type=\"video.default\">\n\t\t\t\t<div class=\"elementor-widget-container\">\n\t\t\t\t\t\t\t<div class=\"elementor-wrapper elementor-open-inline\">\n\t\t\t<div class=\"elementor-video\"><\/div>\t\t\t\t<div class=\"elementor-custom-embed-image-overlay\" style=\"background-image: url(https:\/\/timuntutravel.com\/v3\/wp-content\/uploads\/2022\/04\/Capture-de\u0301cran-2022-04-22-a\u0300-10.53.11.png);\">\n\t\t\t\t\t\t\t\t\t\t\t\t\t\t\t\t<div class=\"elementor-custom-embed-play\" role=\"button\" aria-label=\"Lire la vid\u00e9o sur Timuntu Rille\" tabindex=\"0\">\n\t\t\t\t\t\t\t<svg aria-hidden=\"true\" class=\"e-font-icon-svg e-eicon-play\" viewBox=\"0 0 1000 1000\" xmlns=\"http:\/\/www.w3.org\/2000\/svg\"><path d=\"M838 162C746 71 633 25 500 25 371 25 258 71 163 162 71 254 25 367 25 500 25 633 71 746 163 837 254 929 367 979 500 979 633 979 746 933 838 837 929 746 975 633 975 500 975 367 929 254 838 162M808 192C892 279 933 379 933 500 933 621 892 725 808 808 725 892 621 938 500 938 379 938 279 896 196 808 113 725 67 621 67 500 67 379 108 279 196 192 279 108 383 62 500 62 621 62 721 108 808 192M438 392V642L642 517 438 392Z\"><\/path><\/svg>\t\t\t\t\t\t<\/div>\n\t\t\t\t\t\t\t\t\t<\/div>\n\t\t\t\t\t<\/div>\n\t\t\t\t\t\t<\/div>\n\t\t\t\t<\/div>\n\t\t\t\t<div class=\"elementor-element elementor-element-57a6051e elementor-widget elementor-widget-text-editor\" data-id=\"57a6051e\" data-element_type=\"widget\" data-widget_type=\"text-editor.default\">\n\t\t\t\t<div class=\"elementor-widget-container\">\n\t\t\t\t\t\t\t\t\t<p>Timuntu Travel est une agence de voyages engag\u00e9e qui propose des <strong>exp\u00e9riences culturelles et immersives en Afrique<\/strong>, pour toutes celles et ceux qui souhaitent <strong>d\u00e9couvrir le continent autrement<\/strong>, loin des clich\u00e9s.<\/p><p>Que vous soyez <strong>afro-descendant\u00b7e en qu\u00eate de vos racines<\/strong>, ou <strong>voyageur\u00b7se curieux\u00b7se de l\u2019Afrique dans toute sa richesse<\/strong>, nos circuits vous plongent au c\u0153ur des traditions, des peuples et des cultures locales.<\/p><p>En petit groupe ou sur mesure, nous concevons des <strong>voyages porteurs de sens<\/strong>, qui favorisent la rencontre, l\u2019\u00e9change et la d\u00e9couverte de l\u2019Afrique <strong>au plus pr\u00e8s de ses habitants<\/strong>. Vous partirez \u00e0 la rencontre de femmes et d\u2019hommes qui partagent leur quotidien, leur histoire et leur savoir-faire.<\/p><p><strong>Vivez une aventure humaine, enrichissante et profond\u00e9ment authentique.<\/strong><\/p>\t\t\t\t\t\t\t\t<\/div>\n\t\t\t\t<\/div>\n\t\t\t\t\t<\/div>\n\t\t<\/div>\n\t\t\t\t\t<\/div>\n\t\t<\/section>\n\t\t\t\t<section class=\"elementor-section elementor-top-section elementor-element elementor-element-ab596e7 elementor-hidden-mobile elementor-section-boxed elementor-section-height-default elementor-section-height-default\" data-id=\"ab596e7\" data-element_type=\"section\" data-settings=\"{&quot;jet_parallax_layout_list&quot;:[]}\">\n\t\t\t\t\t\t<div class=\"elementor-container elementor-column-gap-default\">\n\t\t\t\t\t<div class=\"elementor-column elementor-col-100 elementor-top-column elementor-element elementor-element-3eb28b6\" data-id=\"3eb28b6\" data-element_type=\"column\">\n\t\t\t<div class=\"elementor-widget-wrap elementor-element-populated\">\n\t\t\t\t\t\t<div class=\"elementor-element elementor-element-8641df6 premium-type-row elementor-widget elementor-widget-premium-icon-list\" data-id=\"8641df6\" data-element_type=\"widget\" data-settings=\"{&quot;rbadges_repeater&quot;:[]}\" data-widget_type=\"premium-icon-list.default\">\n\t\t\t\t<div class=\"elementor-widget-container\">\n\t\t\t\t\t\t\t\t<ul class=\"premium-bullet-list-box\">\r\n\t\t\r\n\t\t\t<li class=\"premium-bullet-list-content elementor-repeater-item-4e79a29 premium-bullet-list-content-grow-effect\">\r\n\t\t\t\t<div class=\"premium-bullet-list-text\">\r\n\t\t\t\t\r\n\t\t\t\t<span   data-text=\"Qui est la fondatrice ?\"> Qui est la fondatrice ? <\/span>\r\n\t\t\t\t<\/div>\r\n\r\n\t\t\t\t\r\n\t\t\t\t\t\t\t\t\t<a class=\"premium-bullet-list-link\" aria-label=\"Qui est la fondatrice ?\" href=\"https:\/\/timuntutravel.com\/v3\/fondatrice\/\">\r\n\t\t\t\t\t\t<span>Qui est la fondatrice ?<\/span>\r\n\t\t\t\t\t<\/a>\r\n\t\t\t\t\r\n\t\t\t<\/li>\r\n\r\n\t\t\t\t\t\t\t\t\t\t<div class=\"premium-bullet-list-divider-inline\"><\/div>\r\n\t\t\t\t\t\r\n\t\t\t<li class=\"premium-bullet-list-content elementor-repeater-item-8974428 premium-bullet-list-content-grow-effect\">\r\n\t\t\t\t<div class=\"premium-bullet-list-text\">\r\n\t\t\t\t\r\n\t\t\t\t<span   data-text=\"Notre vision\"> Notre vision <\/span>\r\n\t\t\t\t<\/div>\r\n\r\n\t\t\t\t\r\n\t\t\t\t\t\t\t\t\t<a class=\"premium-bullet-list-link\" aria-label=\"Notre vision\" href=\"https:\/\/timuntutravel.com\/v3\/notre-vision\/\">\r\n\t\t\t\t\t\t<span>Notre vision<\/span>\r\n\t\t\t\t\t<\/a>\r\n\t\t\t\t\r\n\t\t\t<\/li>\r\n\r\n\t\t\t\t\t\t\t\t\t\t<div class=\"premium-bullet-list-divider-inline premium-bullet-list-divider-inline\"><\/div>\r\n\t\t\t\t\t\r\n\t\t\t<li class=\"premium-bullet-list-content elementor-repeater-item-a27302c premium-bullet-list-content-grow-effect\">\r\n\t\t\t\t<div class=\"premium-bullet-list-text\">\r\n\t\t\t\t\r\n\t\t\t\t<span   data-text=\"Notre valeur ajout\u00e9e\"> Notre valeur ajout\u00e9e <\/span>\r\n\t\t\t\t<\/div>\r\n\r\n\t\t\t\t\r\n\t\t\t\t\t\t\t\t\t<a class=\"premium-bullet-list-link\" aria-label=\"Notre valeur ajout\u00e9e\" href=\"https:\/\/timuntutravel.com\/v3\/notre-valeur-ajoutee\/\">\r\n\t\t\t\t\t\t<span>Notre valeur ajout\u00e9e<\/span>\r\n\t\t\t\t\t<\/a>\r\n\t\t\t\t\r\n\t\t\t<\/li>\r\n\r\n\t\t\t\t\t\t\t\t\t\t<div class=\"premium-bullet-list-divider-inline premium-bullet-list-divider-inline premium-bullet-list-divider-inline\"><\/div>\r\n\t\t\t\t\t\r\n\t\t\t<li class=\"premium-bullet-list-content elementor-repeater-item-e63d816 premium-bullet-list-content-grow-effect\">\r\n\t\t\t\t<div class=\"premium-bullet-list-text\">\r\n\t\t\t\t\r\n\t\t\t\t<span   data-text=\"L&#039; \u00e9quipe Timuntu Travel\"> L' \u00e9quipe Timuntu Travel <\/span>\r\n\t\t\t\t<\/div>\r\n\r\n\t\t\t\t\r\n\t\t\t\t\t\t\t\t\t<a class=\"premium-bullet-list-link\" aria-label=\"L&#039; \u00e9quipe Timuntu Travel\" href=\"https:\/\/timuntutravel.com\/v3\/l-equipe-timuntu-travel\/\">\r\n\t\t\t\t\t\t<span>L' \u00e9quipe Timuntu Travel<\/span>\r\n\t\t\t\t\t<\/a>\r\n\t\t\t\t\r\n\t\t\t<\/li>\r\n\r\n\t\t\t\t\t\t\t\t\t\t<div class=\"premium-bullet-list-divider-inline premium-bullet-list-divider-inline premium-bullet-list-divider-inline premium-bullet-list-divider-inline\"><\/div>\r\n\t\t\t\t\t\r\n\t\t\t<li class=\"premium-bullet-list-content elementor-repeater-item-458cbc0 premium-bullet-list-content-grow-effect\">\r\n\t\t\t\t<div class=\"premium-bullet-list-text\">\r\n\t\t\t\t\r\n\t\t\t\t<span   data-text=\"Les Avantages Timuntu Travel\"> Les Avantages Timuntu Travel <\/span>\r\n\t\t\t\t<\/div>\r\n\r\n\t\t\t\t\r\n\t\t\t\t\t\t\t\t\t<a class=\"premium-bullet-list-link\" aria-label=\"Les Avantages Timuntu Travel\" href=\"https:\/\/timuntutravel.com\/v3\/avantages\/\">\r\n\t\t\t\t\t\t<span>Les Avantages Timuntu Travel<\/span>\r\n\t\t\t\t\t<\/a>\r\n\t\t\t\t\r\n\t\t\t<\/li>\r\n\r\n\t\t\t\t\t\t\t\t\t\t<div class=\"premium-bullet-list-divider-inline premium-bullet-list-divider-inline premium-bullet-list-divider-inline premium-bullet-list-divider-inline premium-bullet-list-divider-inline\"><\/div>\r\n\t\t\t\t\t\t\t<\/ul>\r\n\t\t\t\t\t\t<\/div>\n\t\t\t\t<\/div>\n\t\t\t\t\t<\/div>\n\t\t<\/div>\n\t\t\t\t\t<\/div>\n\t\t<\/section>\n\t\t\t\t<section class=\"elementor-section elementor-top-section elementor-element elementor-element-95e4dd5 elementor-section-boxed elementor-section-height-default elementor-section-height-default\" data-id=\"95e4dd5\" data-element_type=\"section\" data-settings=\"{&quot;jet_parallax_layout_list&quot;:[]}\">\n\t\t\t\t\t\t<div class=\"elementor-container elementor-column-gap-default\">\n\t\t\t\t\t<div class=\"elementor-column elementor-col-100 elementor-top-column elementor-element elementor-element-fcf8142\" data-id=\"fcf8142\" data-element_type=\"column\">\n\t\t\t<div class=\"elementor-widget-wrap elementor-element-populated\">\n\t\t\t\t\t\t<div class=\"elementor-element elementor-element-ebf9a50 premium-type-row premium-mobile-type-column elementor-hidden-desktop elementor-hidden-tablet elementor-widget elementor-widget-premium-icon-list\" data-id=\"ebf9a50\" data-element_type=\"widget\" data-settings=\"{&quot;rbadges_repeater&quot;:[]}\" data-widget_type=\"premium-icon-list.default\">\n\t\t\t\t<div class=\"elementor-widget-container\">\n\t\t\t\t\t\t\t\t<ul class=\"premium-bullet-list-box\">\r\n\t\t\r\n\t\t\t<li class=\"premium-bullet-list-content elementor-repeater-item-4e79a29 premium-bullet-list-content-grow-effect\">\r\n\t\t\t\t<div class=\"premium-bullet-list-text\">\r\n\t\t\t\t\r\n\t\t\t\t<span   data-text=\"Qui est la fondatrice ?\"> Qui est la fondatrice ? <\/span>\r\n\t\t\t\t<\/div>\r\n\r\n\t\t\t\t\r\n\t\t\t\t\t\t\t\t\t<a class=\"premium-bullet-list-link\" aria-label=\"Qui est la fondatrice ?\" href=\"https:\/\/timuntu-travel.com\/fondatrice\/\">\r\n\t\t\t\t\t\t<span>Qui est la fondatrice ?<\/span>\r\n\t\t\t\t\t<\/a>\r\n\t\t\t\t\r\n\t\t\t<\/li>\r\n\r\n\t\t\t\t\r\n\t\t\t<li class=\"premium-bullet-list-content elementor-repeater-item-8974428 premium-bullet-list-content-grow-effect\">\r\n\t\t\t\t<div class=\"premium-bullet-list-text\">\r\n\t\t\t\t\r\n\t\t\t\t<span   data-text=\"Notre vision\"> Notre vision <\/span>\r\n\t\t\t\t<\/div>\r\n\r\n\t\t\t\t\r\n\t\t\t\t\t\t\t\t\t<a class=\"premium-bullet-list-link\" aria-label=\"Notre vision\" href=\"https:\/\/timuntu-travel.com\/notre-vision\/\">\r\n\t\t\t\t\t\t<span>Notre vision<\/span>\r\n\t\t\t\t\t<\/a>\r\n\t\t\t\t\r\n\t\t\t<\/li>\r\n\r\n\t\t\t\t\r\n\t\t\t<li class=\"premium-bullet-list-content elementor-repeater-item-a27302c premium-bullet-list-content-grow-effect\">\r\n\t\t\t\t<div class=\"premium-bullet-list-text\">\r\n\t\t\t\t\r\n\t\t\t\t<span   data-text=\"Notre valeur ajout\u00e9e\"> Notre valeur ajout\u00e9e <\/span>\r\n\t\t\t\t<\/div>\r\n\r\n\t\t\t\t\r\n\t\t\t\t\t\t\t\t\t<a class=\"premium-bullet-list-link\" aria-label=\"Notre valeur ajout\u00e9e\" href=\"https:\/\/timuntu-travel.com\/notre-valeur-ajoutee\/\">\r\n\t\t\t\t\t\t<span>Notre valeur ajout\u00e9e<\/span>\r\n\t\t\t\t\t<\/a>\r\n\t\t\t\t\r\n\t\t\t<\/li>\r\n\r\n\t\t\t\t\r\n\t\t\t<li class=\"premium-bullet-list-content elementor-repeater-item-e63d816 premium-bullet-list-content-grow-effect\">\r\n\t\t\t\t<div class=\"premium-bullet-list-text\">\r\n\t\t\t\t\r\n\t\t\t\t<span   data-text=\"L&#039; \u00e9quipe Timuntu Travel\"> L' \u00e9quipe Timuntu Travel <\/span>\r\n\t\t\t\t<\/div>\r\n\r\n\t\t\t\t\r\n\t\t\t\t\t\t\t\t\t<a class=\"premium-bullet-list-link\" aria-label=\"L&#039; \u00e9quipe Timuntu Travel\" href=\"https:\/\/timuntu-travel.com\/l-equipe-timuntu-travel\/\">\r\n\t\t\t\t\t\t<span>L' \u00e9quipe Timuntu Travel<\/span>\r\n\t\t\t\t\t<\/a>\r\n\t\t\t\t\r\n\t\t\t<\/li>\r\n\r\n\t\t\t\t\t\t<\/ul>\r\n\t\t\t\t\t\t<\/div>\n\t\t\t\t<\/div>\n\t\t\t\t\t<\/div>\n\t\t<\/div>\n\t\t\t\t\t<\/div>\n\t\t<\/section>\n\t\t\t\t<\/div>\n\t\t","protected":false},"excerpt":{"rendered":"<p>https:\/\/www.youtube.com\/watch?v=5N6MWCHQinw&#038;t=2s Timuntu Travel est une agence de voyages engag\u00e9e qui propose des exp\u00e9riences culturelles et immersives en Afrique, pour toutes celles et ceux qui souhaitent d\u00e9couvrir le continent autrement, loin des clich\u00e9s. Que vous soyez afro-descendant\u00b7e en qu\u00eate de vos racines, ou voyageur\u00b7se curieux\u00b7se de l\u2019Afrique dans toute sa richesse, nos circuits vous plongent au [&hellip;]<\/p>\n","protected":false},"author":1,"featured_media":0,"parent":0,"menu_order":0,"comment_status":"closed","ping_status":"closed","template":"elementor_header_footer","meta":{"_acf_changed":false,"_jet_sm_ready_style":"","_jet_sm_style":"","_jet_sm_controls_values":"","_jet_sm_fonts_collection":"","_jet_sm_fonts_links":"","footnotes":""},"class_list":["post-1299","page","type-page","status-publish","hentry"],"acf":[],"yoast_head":"<!-- This site is optimized with the Yoast SEO plugin v25.4 - https:\/\/yoast.com\/wordpress\/plugins\/seo\/ -->\n<title>A Propos - Timuntu Travel<\/title>\n<meta name=\"robots\" content=\"index, follow, max-snippet:-1, max-image-preview:large, max-video-preview:-1\" \/>\n<link rel=\"canonical\" href=\"https:\/\/timuntutravel.com\/v3\/a-propos\/\" \/>\n<meta property=\"og:locale\" content=\"fr_FR\" \/>\n<meta property=\"og:type\" content=\"article\" \/>\n<meta property=\"og:title\" content=\"A Propos - Timuntu Travel\" \/>\n<meta property=\"og:description\" content=\"https:\/\/www.youtube.com\/watch?v=5N6MWCHQinw&#038;t=2s Timuntu Travel est une agence de voyages engag\u00e9e qui propose des exp\u00e9riences culturelles et immersives en Afrique, pour toutes celles et ceux qui souhaitent d\u00e9couvrir le continent autrement, loin des clich\u00e9s. Que vous soyez afro-descendant\u00b7e en qu\u00eate de vos racines, ou voyageur\u00b7se curieux\u00b7se de l\u2019Afrique dans toute sa richesse, nos circuits vous plongent au [&hellip;]\" \/>\n<meta property=\"og:url\" content=\"https:\/\/timuntutravel.com\/v3\/a-propos\/\" \/>\n<meta property=\"og:site_name\" content=\"Timuntu Travel\" \/>\n<meta property=\"article:modified_time\" content=\"2025-07-16T13:17:57+00:00\" \/>\n<meta name=\"twitter:card\" content=\"summary_large_image\" \/>\n<meta name=\"twitter:label1\" content=\"Dur\u00e9e de lecture estim\u00e9e\" \/>\n\t<meta name=\"twitter:data1\" content=\"1 minute\" \/>\n<script type=\"application\/ld+json\" class=\"yoast-schema-graph\">{\"@context\":\"https:\/\/schema.org\",\"@graph\":[{\"@type\":\"WebPage\",\"@id\":\"https:\/\/timuntutravel.com\/v3\/a-propos\/\",\"url\":\"https:\/\/timuntutravel.com\/v3\/a-propos\/\",\"name\":\"A Propos - Timuntu Travel\",\"isPartOf\":{\"@id\":\"https:\/\/timuntutravel.com\/#website\"},\"datePublished\":\"2022-04-16T10:02:26+00:00\",\"dateModified\":\"2025-07-16T13:17:57+00:00\",\"breadcrumb\":{\"@id\":\"https:\/\/timuntutravel.com\/v3\/a-propos\/#breadcrumb\"},\"inLanguage\":\"fr-FR\",\"potentialAction\":[{\"@type\":\"ReadAction\",\"target\":[\"https:\/\/timuntutravel.com\/v3\/a-propos\/\"]}]},{\"@type\":\"BreadcrumbList\",\"@id\":\"https:\/\/timuntutravel.com\/v3\/a-propos\/#breadcrumb\",\"itemListElement\":[{\"@type\":\"ListItem\",\"position\":1,\"name\":\"Accueil\",\"item\":\"https:\/\/timuntutravel.com\/v3\/\"},{\"@type\":\"ListItem\",\"position\":2,\"name\":\"A Propos\"}]},{\"@type\":\"WebSite\",\"@id\":\"https:\/\/timuntutravel.com\/#website\",\"url\":\"https:\/\/timuntutravel.com\/\",\"name\":\"Timuntu Travel\",\"description\":\"Timuntu Travel\",\"publisher\":{\"@id\":\"https:\/\/timuntutravel.com\/#organization\"},\"potentialAction\":[{\"@type\":\"SearchAction\",\"target\":{\"@type\":\"EntryPoint\",\"urlTemplate\":\"https:\/\/timuntutravel.com\/?s={search_term_string}\"},\"query-input\":{\"@type\":\"PropertyValueSpecification\",\"valueRequired\":true,\"valueName\":\"search_term_string\"}}],\"inLanguage\":\"fr-FR\"},{\"@type\":\"Organization\",\"@id\":\"https:\/\/timuntutravel.com\/#organization\",\"name\":\"Timuntu Travel\",\"url\":\"https:\/\/timuntutravel.com\/\",\"logo\":{\"@type\":\"ImageObject\",\"inLanguage\":\"fr-FR\",\"@id\":\"https:\/\/timuntutravel.com\/#\/schema\/logo\/image\/\",\"url\":\"https:\/\/timuntutravel.com\/v3\/wp-content\/uploads\/2022\/04\/Original.png\",\"contentUrl\":\"https:\/\/timuntutravel.com\/v3\/wp-content\/uploads\/2022\/04\/Original.png\",\"width\":800,\"height\":361,\"caption\":\"Timuntu Travel\"},\"image\":{\"@id\":\"https:\/\/timuntutravel.com\/#\/schema\/logo\/image\/\"}}]}<\/script>\n<!-- \/ Yoast SEO plugin. -->","yoast_head_json":{"title":"A Propos - Timuntu Travel","robots":{"index":"index","follow":"follow","max-snippet":"max-snippet:-1","max-image-preview":"max-image-preview:large","max-video-preview":"max-video-preview:-1"},"canonical":"https:\/\/timuntutravel.com\/v3\/a-propos\/","og_locale":"fr_FR","og_type":"article","og_title":"A Propos - Timuntu Travel","og_description":"https:\/\/www.youtube.com\/watch?v=5N6MWCHQinw&#038;t=2s Timuntu Travel est une agence de voyages engag\u00e9e qui propose des exp\u00e9riences culturelles et immersives en Afrique, pour toutes celles et ceux qui souhaitent d\u00e9couvrir le continent autrement, loin des clich\u00e9s. Que vous soyez afro-descendant\u00b7e en qu\u00eate de vos racines, ou voyageur\u00b7se curieux\u00b7se de l\u2019Afrique dans toute sa richesse, nos circuits vous plongent au [&hellip;]","og_url":"https:\/\/timuntutravel.com\/v3\/a-propos\/","og_site_name":"Timuntu Travel","article_modified_time":"2025-07-16T13:17:57+00:00","twitter_card":"summary_large_image","twitter_misc":{"Dur\u00e9e de lecture estim\u00e9e":"1 minute"},"schema":{"@context":"https:\/\/schema.org","@graph":[{"@type":"WebPage","@id":"https:\/\/timuntutravel.com\/v3\/a-propos\/","url":"https:\/\/timuntutravel.com\/v3\/a-propos\/","name":"A Propos - Timuntu Travel","isPartOf":{"@id":"https:\/\/timuntutravel.com\/#website"},"datePublished":"2022-04-16T10:02:26+00:00","dateModified":"2025-07-16T13:17:57+00:00","breadcrumb":{"@id":"https:\/\/timuntutravel.com\/v3\/a-propos\/#breadcrumb"},"inLanguage":"fr-FR","potentialAction":[{"@type":"ReadAction","target":["https:\/\/timuntutravel.com\/v3\/a-propos\/"]}]},{"@type":"BreadcrumbList","@id":"https:\/\/timuntutravel.com\/v3\/a-propos\/#breadcrumb","itemListElement":[{"@type":"ListItem","position":1,"name":"Accueil","item":"https:\/\/timuntutravel.com\/v3\/"},{"@type":"ListItem","position":2,"name":"A Propos"}]},{"@type":"WebSite","@id":"https:\/\/timuntutravel.com\/#website","url":"https:\/\/timuntutravel.com\/","name":"Timuntu Travel","description":"Timuntu Travel","publisher":{"@id":"https:\/\/timuntutravel.com\/#organization"},"potentialAction":[{"@type":"SearchAction","target":{"@type":"EntryPoint","urlTemplate":"https:\/\/timuntutravel.com\/?s={search_term_string}"},"query-input":{"@type":"PropertyValueSpecification","valueRequired":true,"valueName":"search_term_string"}}],"inLanguage":"fr-FR"},{"@type":"Organization","@id":"https:\/\/timuntutravel.com\/#organization","name":"Timuntu Travel","url":"https:\/\/timuntutravel.com\/","logo":{"@type":"ImageObject","inLanguage":"fr-FR","@id":"https:\/\/timuntutravel.com\/#\/schema\/logo\/image\/","url":"https:\/\/timuntutravel.com\/v3\/wp-content\/uploads\/2022\/04\/Original.png","contentUrl":"https:\/\/timuntutravel.com\/v3\/wp-content\/uploads\/2022\/04\/Original.png","width":800,"height":361,"caption":"Timuntu Travel"},"image":{"@id":"https:\/\/timuntutravel.com\/#\/schema\/logo\/image\/"}}]}},"_links":{"self":[{"href":"https:\/\/timuntutravel.com\/v3\/wp-json\/wp\/v2\/pages\/1299","targetHints":{"allow":["GET"]}}],"collection":[{"href":"https:\/\/timuntutravel.com\/v3\/wp-json\/wp\/v2\/pages"}],"about":[{"href":"https:\/\/timuntutravel.com\/v3\/wp-json\/wp\/v2\/types\/page"}],"author":[{"embeddable":true,"href":"https:\/\/timuntutravel.com\/v3\/wp-json\/wp\/v2\/users\/1"}],"replies":[{"embeddable":true,"href":"https:\/\/timuntutravel.com\/v3\/wp-json\/wp\/v2\/comments?post=1299"}],"version-history":[{"count":193,"href":"https:\/\/timuntutravel.com\/v3\/wp-json\/wp\/v2\/pages\/1299\/revisions"}],"predecessor-version":[{"id":7322,"href":"https:\/\/timuntutravel.com\/v3\/wp-json\/wp\/v2\/pages\/1299\/revisions\/7322"}],"wp:attachment":[{"href":"https:\/\/timuntutravel.com\/v3\/wp-json\/wp\/v2\/media?parent=1299"}],"curies":[{"name":"wp","href":"https:\/\/api.w.org\/{rel}","templated":true}]}}