{"id":1826,"date":"2022-04-18T18:20:16","date_gmt":"2022-04-18T16:20:16","guid":{"rendered":"https:\/\/timuntutravel.com\/v3\/?page_id=1826"},"modified":"2022-05-06T17:03:10","modified_gmt":"2022-05-06T15:03:10","slug":"avantages","status":"publish","type":"page","link":"https:\/\/timuntutravel.com\/v3\/avantages\/","title":{"rendered":"Avantages"},"content":{"rendered":"\t\t<div data-elementor-type=\"wp-page\" data-elementor-id=\"1826\" class=\"elementor elementor-1826\" data-elementor-post-type=\"page\">\n\t\t\t\t\t\t<section class=\"elementor-section elementor-top-section elementor-element elementor-element-ac85f0b elementor-section-full_width elementor-section-height-min-height elementor-section-height-default elementor-section-items-middle\" data-id=\"ac85f0b\" data-element_type=\"section\" data-settings=\"{&quot;background_background&quot;:&quot;classic&quot;,&quot;jet_parallax_layout_list&quot;:[]}\">\n\t\t\t\t\t\t<div class=\"elementor-container elementor-column-gap-default\">\n\t\t\t\t\t<div class=\"elementor-column elementor-col-100 elementor-top-column elementor-element elementor-element-3f45562\" data-id=\"3f45562\" data-element_type=\"column\">\n\t\t\t<div class=\"elementor-widget-wrap elementor-element-populated\">\n\t\t\t\t\t\t<div class=\"elementor-element elementor-element-ac66523 elementor-widget elementor-widget-heading\" data-id=\"ac66523\" data-element_type=\"widget\" data-widget_type=\"heading.default\">\n\t\t\t\t<div class=\"elementor-widget-container\">\n\t\t\t\t\t<h2 class=\"elementor-heading-title elementor-size-default\">Les avantages <br>Timuntu Travel<\/h2>\t\t\t\t<\/div>\n\t\t\t\t<\/div>\n\t\t\t\t\t<\/div>\n\t\t<\/div>\n\t\t\t\t\t<\/div>\n\t\t<\/section>\n\t\t\t\t<section class=\"elementor-section elementor-top-section elementor-element elementor-element-09bf8d9 elementor-section-boxed elementor-section-height-default elementor-section-height-default\" data-id=\"09bf8d9\" data-element_type=\"section\" data-settings=\"{&quot;jet_parallax_layout_list&quot;:[]}\">\n\t\t\t\t\t\t<div class=\"elementor-container elementor-column-gap-default\">\n\t\t\t\t\t<div class=\"elementor-column elementor-col-100 elementor-top-column elementor-element elementor-element-0f3841b\" data-id=\"0f3841b\" data-element_type=\"column\">\n\t\t\t<div class=\"elementor-widget-wrap elementor-element-populated\">\n\t\t\t\t\t\t<div class=\"elementor-element elementor-element-a20a3aa elementor-widget elementor-widget-text-editor\" data-id=\"a20a3aa\" data-element_type=\"widget\" data-widget_type=\"text-editor.default\">\n\t\t\t\t<div class=\"elementor-widget-container\">\n\t\t\t\t\t\t\t\t\t<h2><b>Carte de fid\u00e9lit\u00e9<br \/><br \/><\/b><\/h2><p><b>\u00ab <\/b><b>MA CARTE SOLIDAIRE<\/b><b> \u00bb<\/b><span style=\"font-weight: 400;\"> : Timuntu Travel r\u00e9compense votre fid\u00e9lit\u00e9, tout achat que vous ferez sera r\u00e9compens\u00e9. Ainsi l&rsquo;agence vous offre la possibilit\u00e9 de b\u00e9n\u00e9ficier de certains avantages en vous mettant \u00e0 disposition une carte de fid\u00e9lit\u00e9 nominative d\u00e8s votre premier achat.\u00a0<\/span><\/p><p><b>Avantage de \u00ab Ma carte solidaire \u00bb :<\/b><span style=\"font-weight: 400;\"> Timuntu Travel vous propose cette carte <\/span><b>gratuitement et sans limite de validit\u00e9<\/b><span style=\"font-weight: 400;\">.\u00a0<\/span><\/p><p><span style=\"font-weight: 400;\">B\u00e9n\u00e9ficiez des r\u00e9ductions indiqu\u00e9es ci-dessous et des offres promotionnelles Timuntu Travel en avant-premi\u00e8re.\u00a0<\/span><\/p><p><span style=\"font-weight: 400;\">Parrainer un proche et gagnez 5 points par filleul parrain\u00e9. (Vous r\u00e9f\u00e9rer \u00e0 l\u2019onglet parrainage).\u00a0<\/span><\/p><p><b>Le + Timuntu Travel :<\/b><span style=\"font-weight: 400;\"> \u00ab Ma carte solidaire \u00bb, <\/span><b>une carte qui se pr\u00eate<\/b><span style=\"font-weight: 400;\">.\u00a0<\/span><\/p><p><span style=\"font-weight: 400;\">Si vous souhaitez cumuler rapidement vos points vous pouvez pr\u00eater votre carte \u00e0 qui bon vous semble. Mais attention ! La r\u00e9duction ne s\u2019applique qu\u2019au seul d\u00e9tenteur de la carte, sauf s\u2019il en d\u00e9cide autrement.\u00a0<\/span><\/p><p><b>(100\u20ac d\u00e9pens\u00e9s = 1 point gagn\u00e9)<\/b><span style=\"font-weight: 400;\">\u00a0<\/span><\/p><ul><li><span style=\"font-weight: 400;\"> Pour <\/span><b>100 points<\/b><span style=\"font-weight: 400;\"> cumul\u00e9s, b\u00e9n\u00e9ficiez de <\/span><b>-50 \u20ac<\/b><span style=\"font-weight: 400;\"> de r\u00e9duction sur votre prochain voyage d\u2019un montant minimum de 2500 \u20ac.<\/span><\/li><li><span style=\"font-weight: 400;\"> Pour <\/span><b>150 points<\/b><span style=\"font-weight: 400;\"> cumul\u00e9s, b\u00e9n\u00e9ficiez de <\/span><b>-100 \u20ac<\/b><span style=\"font-weight: 400;\"> de r\u00e9duction sur votre prochain voyage d\u2019un montant minimum de 2500 \u20ac.<\/span><\/li><li><span style=\"font-weight: 400;\"> Pour <\/span><b>200 points<\/b><span style=\"font-weight: 400;\"> cumul\u00e9s, b\u00e9n\u00e9ficiez de <\/span><b>-150 \u20ac<\/b><span style=\"font-weight: 400;\"> de r\u00e9duction sur votre prochain voyage d\u2019un montant minimum de 2500 \u20ac.<\/span><\/li><li><span style=\"font-weight: 400;\"> Pour <\/span><b>250 points<\/b><span style=\"font-weight: 400;\"> cumul\u00e9s, b\u00e9n\u00e9ficiez de <\/span><b>-200 \u20ac<\/b> <span style=\"font-weight: 400;\">de r\u00e9duction sur votre prochain voyage d\u2019un montant minimum de 2500 \u20ac.<br \/><br \/><br \/><\/span><\/li><\/ul><h2><b>Offre parrainage<br \/><br \/><\/b><\/h2><p><span style=\"font-weight: 400;\">Timuntu Travel vous offre la possibilit\u00e9 de parrainer une personne. Pour ce faire, vous devrez nous communiquer votre nom, pr\u00e9nom, num\u00e9ro de carte de fid\u00e9lit\u00e9 ainsi que les coordonn\u00e9es de votre filleul afin que l\u2019on puisse vous identifier comme \u00e9tant le parrain. Ainsi, vous pourrez <\/span><b>accumuler des points sur \u201cMa carte solidaire\u201d<\/b><span style=\"font-weight: 400;\">.\u00a0<\/span><\/p><p><span style=\"font-weight: 400;\">Le principe est simple, pour chaque personne parrain\u00e9e 5 points seront cr\u00e9dit\u00e9s sur votre carte personnelle. En guise de bienvenue votre filleul se verra offrir une carte solidaire et <\/span><b>2 points<\/b><span style=\"font-weight: 400;\"> y seront automatiquement cr\u00e9dit\u00e9s. La pr\u00e9sence des deux parties n&rsquo;est pas n\u00e9cessaire \u00e0 partir du moment o\u00f9 nous avons toutes les informations requises.<\/span><\/p><p><span style=\"font-weight: 400;\">\u00a0<\/span><\/p><p><span style=\"font-weight: 400;\">Si vous \u00eates le filleul, pas de probl\u00e8me. Transmettez-nous le num\u00e9ro de la carte de fid\u00e9lit\u00e9 de votre parrain ainsi que son nom, pr\u00e9nom et son num\u00e9ro de client afin que nous puissions valider votre demande. Ensuite, nous cr\u00e9diterons les<\/span><b> 5 points<\/b><span style=\"font-weight: 400;\"> sur la carte solidaire de votre parrain. Vous recevrez \u00e9galement votre carte solidaire personnelle qui sera pr\u00e9alablement cr\u00e9dit\u00e9e de 2 points.\u00a0<\/span><\/p><p><span style=\"font-weight: 400;\">\u00a0<\/span><\/p><p><span style=\"font-weight: 400;\">*Attention, pour valider le parrainage le filleul devra obligatoirement avoir r\u00e9serv\u00e9 ou \u00eatre en cours de <\/span><b>r\u00e9servation<\/b><span style=\"font-weight: 400;\"> pour effectuer un voyage avec Timuntu Travel. La validation de la demande sera effective d\u00e8s la confirmation de son voyage. Vous pouvez parrainer autant de filleul que vous souhaitez d\u00e8s lors que la condition pr\u00e9c\u00e9dente est remplie.<\/span><\/p><p><span style=\"font-weight: 400;\">Pour toute information compl\u00e9mentaire, n&rsquo;h\u00e9sitez pas \u00e0 prendre contact avec un de nos conseillers : <\/span><a href=\"mailto:contact@timuntutravel.com\"><span style=\"font-weight: 400;\">contact@timuntutravel.com<\/span><\/a><span style=\"font-weight: 400;\">.<\/span><\/p>\t\t\t\t\t\t\t\t<\/div>\n\t\t\t\t<\/div>\n\t\t\t\t\t<\/div>\n\t\t<\/div>\n\t\t\t\t\t<\/div>\n\t\t<\/section>\n\t\t\t\t<\/div>\n\t\t","protected":false},"excerpt":{"rendered":"<p>Les avantages Timuntu Travel Carte de fid\u00e9lit\u00e9 \u00ab MA CARTE SOLIDAIRE \u00bb : Timuntu Travel r\u00e9compense votre fid\u00e9lit\u00e9, tout achat que vous ferez sera r\u00e9compens\u00e9. Ainsi l&rsquo;agence vous offre la possibilit\u00e9 de b\u00e9n\u00e9ficier de certains avantages en vous mettant \u00e0 disposition une carte de fid\u00e9lit\u00e9 nominative d\u00e8s votre premier achat.\u00a0 Avantage de \u00ab Ma carte [&hellip;]<\/p>\n","protected":false},"author":1,"featured_media":0,"parent":0,"menu_order":0,"comment_status":"closed","ping_status":"closed","template":"elementor_header_footer","meta":{"_acf_changed":false,"_jet_sm_ready_style":"","_jet_sm_style":"","_jet_sm_controls_values":"","_jet_sm_fonts_collection":"","_jet_sm_fonts_links":"","footnotes":""},"class_list":["post-1826","page","type-page","status-publish","hentry"],"acf":[],"yoast_head":"<!-- This site is optimized with the Yoast SEO plugin v25.4 - https:\/\/yoast.com\/wordpress\/plugins\/seo\/ -->\n<title>Avantages - Timuntu Travel<\/title>\n<meta name=\"robots\" content=\"index, follow, max-snippet:-1, max-image-preview:large, max-video-preview:-1\" \/>\n<link rel=\"canonical\" href=\"https:\/\/timuntutravel.com\/v3\/avantages\/\" \/>\n<meta property=\"og:locale\" content=\"fr_FR\" \/>\n<meta property=\"og:type\" content=\"article\" \/>\n<meta property=\"og:title\" content=\"Avantages - Timuntu Travel\" \/>\n<meta property=\"og:description\" content=\"Les avantages Timuntu Travel Carte de fid\u00e9lit\u00e9 \u00ab MA CARTE SOLIDAIRE \u00bb : Timuntu Travel r\u00e9compense votre fid\u00e9lit\u00e9, tout achat que vous ferez sera r\u00e9compens\u00e9. Ainsi l&rsquo;agence vous offre la possibilit\u00e9 de b\u00e9n\u00e9ficier de certains avantages en vous mettant \u00e0 disposition une carte de fid\u00e9lit\u00e9 nominative d\u00e8s votre premier achat.\u00a0 Avantage de \u00ab Ma carte [&hellip;]\" \/>\n<meta property=\"og:url\" content=\"https:\/\/timuntutravel.com\/v3\/avantages\/\" \/>\n<meta property=\"og:site_name\" content=\"Timuntu Travel\" \/>\n<meta property=\"article:modified_time\" content=\"2022-05-06T15:03:10+00:00\" \/>\n<meta name=\"twitter:card\" content=\"summary_large_image\" \/>\n<meta name=\"twitter:label1\" content=\"Dur\u00e9e de lecture estim\u00e9e\" \/>\n\t<meta name=\"twitter:data1\" content=\"3 minutes\" \/>\n<script type=\"application\/ld+json\" class=\"yoast-schema-graph\">{\"@context\":\"https:\/\/schema.org\",\"@graph\":[{\"@type\":\"WebPage\",\"@id\":\"https:\/\/timuntutravel.com\/v3\/avantages\/\",\"url\":\"https:\/\/timuntutravel.com\/v3\/avantages\/\",\"name\":\"Avantages - Timuntu Travel\",\"isPartOf\":{\"@id\":\"https:\/\/timuntutravel.com\/#website\"},\"datePublished\":\"2022-04-18T16:20:16+00:00\",\"dateModified\":\"2022-05-06T15:03:10+00:00\",\"breadcrumb\":{\"@id\":\"https:\/\/timuntutravel.com\/v3\/avantages\/#breadcrumb\"},\"inLanguage\":\"fr-FR\",\"potentialAction\":[{\"@type\":\"ReadAction\",\"target\":[\"https:\/\/timuntutravel.com\/v3\/avantages\/\"]}]},{\"@type\":\"BreadcrumbList\",\"@id\":\"https:\/\/timuntutravel.com\/v3\/avantages\/#breadcrumb\",\"itemListElement\":[{\"@type\":\"ListItem\",\"position\":1,\"name\":\"Accueil\",\"item\":\"https:\/\/timuntutravel.com\/v3\/\"},{\"@type\":\"ListItem\",\"position\":2,\"name\":\"Avantages\"}]},{\"@type\":\"WebSite\",\"@id\":\"https:\/\/timuntutravel.com\/#website\",\"url\":\"https:\/\/timuntutravel.com\/\",\"name\":\"Timuntu Travel\",\"description\":\"Timuntu Travel\",\"publisher\":{\"@id\":\"https:\/\/timuntutravel.com\/#organization\"},\"potentialAction\":[{\"@type\":\"SearchAction\",\"target\":{\"@type\":\"EntryPoint\",\"urlTemplate\":\"https:\/\/timuntutravel.com\/?s={search_term_string}\"},\"query-input\":{\"@type\":\"PropertyValueSpecification\",\"valueRequired\":true,\"valueName\":\"search_term_string\"}}],\"inLanguage\":\"fr-FR\"},{\"@type\":\"Organization\",\"@id\":\"https:\/\/timuntutravel.com\/#organization\",\"name\":\"Timuntu Travel\",\"url\":\"https:\/\/timuntutravel.com\/\",\"logo\":{\"@type\":\"ImageObject\",\"inLanguage\":\"fr-FR\",\"@id\":\"https:\/\/timuntutravel.com\/#\/schema\/logo\/image\/\",\"url\":\"https:\/\/timuntutravel.com\/v3\/wp-content\/uploads\/2022\/04\/Original.png\",\"contentUrl\":\"https:\/\/timuntutravel.com\/v3\/wp-content\/uploads\/2022\/04\/Original.png\",\"width\":800,\"height\":361,\"caption\":\"Timuntu Travel\"},\"image\":{\"@id\":\"https:\/\/timuntutravel.com\/#\/schema\/logo\/image\/\"}}]}<\/script>\n<!-- \/ Yoast SEO plugin. -->","yoast_head_json":{"title":"Avantages - Timuntu Travel","robots":{"index":"index","follow":"follow","max-snippet":"max-snippet:-1","max-image-preview":"max-image-preview:large","max-video-preview":"max-video-preview:-1"},"canonical":"https:\/\/timuntutravel.com\/v3\/avantages\/","og_locale":"fr_FR","og_type":"article","og_title":"Avantages - Timuntu Travel","og_description":"Les avantages Timuntu Travel Carte de fid\u00e9lit\u00e9 \u00ab MA CARTE SOLIDAIRE \u00bb : Timuntu Travel r\u00e9compense votre fid\u00e9lit\u00e9, tout achat que vous ferez sera r\u00e9compens\u00e9. Ainsi l&rsquo;agence vous offre la possibilit\u00e9 de b\u00e9n\u00e9ficier de certains avantages en vous mettant \u00e0 disposition une carte de fid\u00e9lit\u00e9 nominative d\u00e8s votre premier achat.\u00a0 Avantage de \u00ab Ma carte [&hellip;]","og_url":"https:\/\/timuntutravel.com\/v3\/avantages\/","og_site_name":"Timuntu Travel","article_modified_time":"2022-05-06T15:03:10+00:00","twitter_card":"summary_large_image","twitter_misc":{"Dur\u00e9e de lecture estim\u00e9e":"3 minutes"},"schema":{"@context":"https:\/\/schema.org","@graph":[{"@type":"WebPage","@id":"https:\/\/timuntutravel.com\/v3\/avantages\/","url":"https:\/\/timuntutravel.com\/v3\/avantages\/","name":"Avantages - Timuntu Travel","isPartOf":{"@id":"https:\/\/timuntutravel.com\/#website"},"datePublished":"2022-04-18T16:20:16+00:00","dateModified":"2022-05-06T15:03:10+00:00","breadcrumb":{"@id":"https:\/\/timuntutravel.com\/v3\/avantages\/#breadcrumb"},"inLanguage":"fr-FR","potentialAction":[{"@type":"ReadAction","target":["https:\/\/timuntutravel.com\/v3\/avantages\/"]}]},{"@type":"BreadcrumbList","@id":"https:\/\/timuntutravel.com\/v3\/avantages\/#breadcrumb","itemListElement":[{"@type":"ListItem","position":1,"name":"Accueil","item":"https:\/\/timuntutravel.com\/v3\/"},{"@type":"ListItem","position":2,"name":"Avantages"}]},{"@type":"WebSite","@id":"https:\/\/timuntutravel.com\/#website","url":"https:\/\/timuntutravel.com\/","name":"Timuntu Travel","description":"Timuntu Travel","publisher":{"@id":"https:\/\/timuntutravel.com\/#organization"},"potentialAction":[{"@type":"SearchAction","target":{"@type":"EntryPoint","urlTemplate":"https:\/\/timuntutravel.com\/?s={search_term_string}"},"query-input":{"@type":"PropertyValueSpecification","valueRequired":true,"valueName":"search_term_string"}}],"inLanguage":"fr-FR"},{"@type":"Organization","@id":"https:\/\/timuntutravel.com\/#organization","name":"Timuntu Travel","url":"https:\/\/timuntutravel.com\/","logo":{"@type":"ImageObject","inLanguage":"fr-FR","@id":"https:\/\/timuntutravel.com\/#\/schema\/logo\/image\/","url":"https:\/\/timuntutravel.com\/v3\/wp-content\/uploads\/2022\/04\/Original.png","contentUrl":"https:\/\/timuntutravel.com\/v3\/wp-content\/uploads\/2022\/04\/Original.png","width":800,"height":361,"caption":"Timuntu Travel"},"image":{"@id":"https:\/\/timuntutravel.com\/#\/schema\/logo\/image\/"}}]}},"_links":{"self":[{"href":"https:\/\/timuntutravel.com\/v3\/wp-json\/wp\/v2\/pages\/1826","targetHints":{"allow":["GET"]}}],"collection":[{"href":"https:\/\/timuntutravel.com\/v3\/wp-json\/wp\/v2\/pages"}],"about":[{"href":"https:\/\/timuntutravel.com\/v3\/wp-json\/wp\/v2\/types\/page"}],"author":[{"embeddable":true,"href":"https:\/\/timuntutravel.com\/v3\/wp-json\/wp\/v2\/users\/1"}],"replies":[{"embeddable":true,"href":"https:\/\/timuntutravel.com\/v3\/wp-json\/wp\/v2\/comments?post=1826"}],"version-history":[{"count":10,"href":"https:\/\/timuntutravel.com\/v3\/wp-json\/wp\/v2\/pages\/1826\/revisions"}],"predecessor-version":[{"id":4030,"href":"https:\/\/timuntutravel.com\/v3\/wp-json\/wp\/v2\/pages\/1826\/revisions\/4030"}],"wp:attachment":[{"href":"https:\/\/timuntutravel.com\/v3\/wp-json\/wp\/v2\/media?parent=1826"}],"curies":[{"name":"wp","href":"https:\/\/api.w.org\/{rel}","templated":true}]}}