{"id":3951,"date":"2022-05-03T15:08:19","date_gmt":"2022-05-03T13:08:19","guid":{"rendered":"https:\/\/timuntutravel.com\/v3\/?page_id=3951"},"modified":"2025-07-15T11:24:30","modified_gmt":"2025-07-15T09:24:30","slug":"mentions-legales","status":"publish","type":"page","link":"https:\/\/timuntutravel.com\/v3\/mentions-legales\/","title":{"rendered":"Mentions l\u00e9gales"},"content":{"rendered":"\t\t<div data-elementor-type=\"wp-page\" data-elementor-id=\"3951\" class=\"elementor elementor-3951\" data-elementor-post-type=\"page\">\n\t\t\t\t<div class=\"elementor-element elementor-element-9d3193e e-flex e-con-boxed e-con e-parent\" data-id=\"9d3193e\" data-element_type=\"container\" data-settings=\"{&quot;jet_parallax_layout_list&quot;:[]}\">\n\t\t\t\t\t<div class=\"e-con-inner\">\n\t\t\t\t<div class=\"elementor-element elementor-element-4163e62 elementor-widget elementor-widget-heading\" data-id=\"4163e62\" data-element_type=\"widget\" data-widget_type=\"heading.default\">\n\t\t\t\t<div class=\"elementor-widget-container\">\n\t\t\t\t\t<h2 class=\"elementor-heading-title elementor-size-default\">Mentions l\u00e9gales<\/h2>\t\t\t\t<\/div>\n\t\t\t\t<\/div>\n\t\t\t\t<div class=\"elementor-element elementor-element-6a38b3e elementor-widget elementor-widget-text-editor\" data-id=\"6a38b3e\" data-element_type=\"widget\" data-widget_type=\"text-editor.default\">\n\t\t\t\t<div class=\"elementor-widget-container\">\n\t\t\t\t\t\t\t\t\t<h4><span style=\"font-weight: 400;\">EDITEUR<\/span><\/h4><p>Timuntu Travel (Pty) Ltd<\/p><p><span style=\"font-weight: 400;\">Ferndale<\/span><\/p><p><span style=\"font-weight: 400;\">Johannesburg \u2013 Afrique du Sud<\/span><\/p><p><span style=\"font-weight: 400;\">Tel: +27 67 647 2001<\/span><\/p><p><span style=\"font-weight: 400;\">Num\u00e9ro d\u2019immatriculation : 2020\/586320\/07<\/span><\/p><p><span style=\"font-weight: 400;\">Email: <\/span><a href=\"mailto:contact@timuntu-travel.com\"><span style=\"font-weight: 400;\">contact@timuntu-travel.com<\/span><\/a><\/p><h4><span style=\"font-weight: 400;\">PROPRI\u00c9T\u00c9 INTELLECTUELLE<\/span><\/h4><p><span style=\"font-weight: 400;\">Toute repr\u00e9sentation totale ou partielle de ce Site ou de son contenu (structure g\u00e9n\u00e9rale, textes, sons, logos, images anim\u00e9es ou non), par quelque proc\u00e9d\u00e9 que ce soit, sans autorisation pr\u00e9alable et expresse de Timuntu Travel (Pty) Ltd est interdite et constituerait une contrefa\u00e7on sanctionn\u00e9e par le code de la Propri\u00e9t\u00e9 Intellectuelle.<\/span><\/p><p>\u00a0<\/p><h4><span style=\"font-weight: 400;\">DONN\u00c9ES PERSONNELLES<\/span><\/h4><p><span style=\"font-weight: 400;\">De mani\u00e8re g\u00e9n\u00e9rale, vous pouvez visiter notre site sur Internet sans avoir \u00e0 d\u00e9cliner votre identit\u00e9 et \u00e0 fournir des informations personnelles vous concernant. Cependant, nous pouvons parfois vous demander des informations pour \u00e9tablir une correspondance ou \u00e9tablir un devis.<\/span><\/p><p><span style=\"font-weight: 400;\">Vous disposez d&rsquo;un droit d&rsquo;acc\u00e8s, de modification, de rectification et de suppression des donn\u00e9es qui vous concernent (article 34 de la loi \u00ab Informatique et libert\u00e9s \u00bb). Ces donn\u00e9es sont destin\u00e9es \u00e0 Timuntu Travel (Pty) Ltd mais elles peuvent \u00eatre transmises \u00e0 des tiers.<\/span><\/p><p><span style=\"font-weight: 400;\">Pour exercer vos droits ou si vous ne souhaitez pas que les donn\u00e9es vous concernant soient transmises, \u00e9crivez au si\u00e8ge de la soci\u00e9t\u00e9 \u00e0 l&rsquo;adresse suivante :<\/span><\/p><p><span style=\"font-weight: 400;\">Timuntu Travel (Pty) Ltd<\/span><\/p><p><span style=\"font-weight: 400;\">Ferndale<\/span><\/p><p><span style=\"font-weight: 400;\">Johannesburg<\/span><\/p><p><span style=\"font-weight: 400;\">AFRIQUE DU SUD<\/span><\/p><p>\u00a0<\/p><h4><span style=\"font-weight: 400;\">COOKIES<\/span><\/h4><p><span style=\"font-weight: 400;\">Si vous laissez un commentaire sur notre site, vous pouvez choisir d&rsquo;enregistrer votre nom, votre adresse e-mail et votre site Web dans des cookies. Ceux-ci sont pour votre commodit\u00e9 afin que vous n&rsquo;ayez pas \u00e0 remplir \u00e0 nouveau vos coordonn\u00e9es lorsque vous laissez un autre commentaire. Ces cookies dureront un an.<\/span><\/p><p><span style=\"font-weight: 400;\">Si vous visitez notre page de connexion, nous installerons un cookie temporaire pour d\u00e9terminer si votre navigateur accepte les cookies. Ce cookie ne contient aucune donn\u00e9e personnelle et est supprim\u00e9 lorsque vous fermez votre navigateur.<\/span><\/p><p><span style=\"font-weight: 400;\">Lors de votre connexion, nous mettrons \u00e9galement en place plusieurs cookies pour enregistrer vos informations de connexion et vos choix d&rsquo;affichage \u00e0 l&rsquo;\u00e9cran. Les cookies de connexion durent deux jours et les cookies d&rsquo;options d&rsquo;\u00e9cran durent un an. Si vous s\u00e9lectionnez \u00ab\u00a0Se souvenir de moi\u00a0\u00bb, votre connexion persistera pendant deux semaines. Si vous vous d\u00e9connectez de votre compte, les cookies de connexion seront supprim\u00e9s.<\/span><\/p><p><span style=\"font-weight: 400;\">Si vous modifiez ou publiez un article, un cookie suppl\u00e9mentaire sera enregistr\u00e9 dans votre navigateur. Ce cookie ne contient aucune donn\u00e9e personnelle et indique simplement l&rsquo;identifiant de publication de l&rsquo;article que vous venez d&rsquo;\u00e9diter. Il expire apr\u00e8s 1 jour.<\/span><\/p><p>\u00a0<\/p><h4><span style=\"font-weight: 400;\">CONTENU INT\u00c9GR\u00c9 D&rsquo;AUTRES SITES WEB<\/span><\/h4><p><span style=\"font-weight: 400;\">Les articles de ce site peuvent inclure des contenus int\u00e9gr\u00e9s (par exemple des vid\u00e9os, des images, des articles, etc.). Le contenu int\u00e9gr\u00e9 d&rsquo;autres sites Web se comporte exactement de la m\u00eame mani\u00e8re que si le visiteur avait visit\u00e9 l&rsquo;autre site Web.<\/span><\/p><p><span style=\"font-weight: 400;\">Ces sites Web peuvent collecter des donn\u00e9es vous concernant, utiliser des cookies, int\u00e9grer un suivi tiers suppl\u00e9mentaire et surveiller votre interaction avec ce contenu int\u00e9gr\u00e9, y compris le suivi de votre interaction avec le contenu int\u00e9gr\u00e9 si vous avez un compte et \u00eates connect\u00e9 \u00e0 ce site Web.<\/span><\/p><p>\u00a0<\/p><h4><span style=\"font-weight: 400;\">QUESTIONS TECHNIQUES<\/span><\/h4><p><span style=\"font-weight: 400;\">Pour toutes questions techniques li\u00e9es \u00e0 ce site, vous pouvez nous envoyer un mail \u00e0 contact@timuntu-travel.com.<\/span><\/p><p>\u00a0<\/p><h4><span style=\"font-weight: 400;\">RESPONSABILIT\u00c9 \u00c9DITORIALE<\/span><\/h4><p><span style=\"font-weight: 400;\">La directrice de la publication et de la r\u00e9daction du site internet est Madame Rille BABINGUI-TAKORE en sa qualit\u00e9 de Fondatrice et Directrice G\u00e9n\u00e9rale de Timuntu Travel (Pty) Ltd.<\/span><\/p><p>\u00a0<\/p><h4><span style=\"font-weight: 400;\">HEBERGEUR<\/span><\/h4><p><span style=\"font-weight: 400;\">85media.fr (A2K Agency)<\/span><\/p><p><span style=\"font-weight: 400;\">Siren : 937656437<\/span><\/p><p><span style=\"font-weight: 400;\">Directeur : A. Josephine<\/span><\/p><p><span style=\"font-weight: 400;\">Site Web : https:\/\/85media.fr<\/span><\/p><p><span style=\"font-weight: 400;\">Adresse enregistr\u00e9e:<\/span><\/p><p>Chessy, Seine et Marne, France<\/p>\t\t\t\t\t\t\t\t<\/div>\n\t\t\t\t<\/div>\n\t\t\t\t\t<\/div>\n\t\t\t\t<\/div>\n\t\t\t\t<\/div>\n\t\t","protected":false},"excerpt":{"rendered":"<p>Mentions l\u00e9gales EDITEUR Timuntu Travel (Pty) Ltd Ferndale Johannesburg \u2013 Afrique du Sud Tel: +27 67 647 2001 Num\u00e9ro d\u2019immatriculation : 2020\/586320\/07 Email: contact@timuntu-travel.com PROPRI\u00c9T\u00c9 INTELLECTUELLE Toute repr\u00e9sentation totale ou partielle de ce Site ou de son contenu (structure g\u00e9n\u00e9rale, textes, sons, logos, images anim\u00e9es ou non), par quelque proc\u00e9d\u00e9 que ce soit, sans autorisation [&hellip;]<\/p>\n","protected":false},"author":1,"featured_media":0,"parent":0,"menu_order":0,"comment_status":"closed","ping_status":"closed","template":"elementor_header_footer","meta":{"_acf_changed":false,"_jet_sm_ready_style":"","_jet_sm_style":"","_jet_sm_controls_values":"","_jet_sm_fonts_collection":"","_jet_sm_fonts_links":"","footnotes":""},"class_list":["post-3951","page","type-page","status-publish","hentry"],"acf":[],"yoast_head":"<!-- This site is optimized with the Yoast SEO plugin v25.4 - https:\/\/yoast.com\/wordpress\/plugins\/seo\/ -->\n<title>Mentions l\u00e9gales - Timuntu Travel<\/title>\n<meta name=\"robots\" content=\"index, follow, max-snippet:-1, max-image-preview:large, max-video-preview:-1\" \/>\n<link rel=\"canonical\" href=\"https:\/\/timuntutravel.com\/v3\/mentions-legales\/\" \/>\n<meta property=\"og:locale\" content=\"fr_FR\" \/>\n<meta property=\"og:type\" content=\"article\" \/>\n<meta property=\"og:title\" content=\"Mentions l\u00e9gales - Timuntu Travel\" \/>\n<meta property=\"og:description\" content=\"Mentions l\u00e9gales EDITEUR Timuntu Travel (Pty) Ltd Ferndale Johannesburg \u2013 Afrique du Sud Tel: +27 67 647 2001 Num\u00e9ro d\u2019immatriculation : 2020\/586320\/07 Email: contact@timuntu-travel.com PROPRI\u00c9T\u00c9 INTELLECTUELLE Toute repr\u00e9sentation totale ou partielle de ce Site ou de son contenu (structure g\u00e9n\u00e9rale, textes, sons, logos, images anim\u00e9es ou non), par quelque proc\u00e9d\u00e9 que ce soit, sans autorisation [&hellip;]\" \/>\n<meta property=\"og:url\" content=\"https:\/\/timuntutravel.com\/v3\/mentions-legales\/\" \/>\n<meta property=\"og:site_name\" content=\"Timuntu Travel\" \/>\n<meta property=\"article:modified_time\" content=\"2025-07-15T09:24:30+00:00\" \/>\n<meta name=\"twitter:card\" content=\"summary_large_image\" \/>\n<meta name=\"twitter:label1\" content=\"Dur\u00e9e de lecture estim\u00e9e\" \/>\n\t<meta name=\"twitter:data1\" content=\"3 minutes\" \/>\n<script type=\"application\/ld+json\" class=\"yoast-schema-graph\">{\"@context\":\"https:\/\/schema.org\",\"@graph\":[{\"@type\":\"WebPage\",\"@id\":\"https:\/\/timuntutravel.com\/v3\/mentions-legales\/\",\"url\":\"https:\/\/timuntutravel.com\/v3\/mentions-legales\/\",\"name\":\"Mentions l\u00e9gales - Timuntu Travel\",\"isPartOf\":{\"@id\":\"https:\/\/timuntutravel.com\/#website\"},\"datePublished\":\"2022-05-03T13:08:19+00:00\",\"dateModified\":\"2025-07-15T09:24:30+00:00\",\"breadcrumb\":{\"@id\":\"https:\/\/timuntutravel.com\/v3\/mentions-legales\/#breadcrumb\"},\"inLanguage\":\"fr-FR\",\"potentialAction\":[{\"@type\":\"ReadAction\",\"target\":[\"https:\/\/timuntutravel.com\/v3\/mentions-legales\/\"]}]},{\"@type\":\"BreadcrumbList\",\"@id\":\"https:\/\/timuntutravel.com\/v3\/mentions-legales\/#breadcrumb\",\"itemListElement\":[{\"@type\":\"ListItem\",\"position\":1,\"name\":\"Accueil\",\"item\":\"https:\/\/timuntutravel.com\/v3\/\"},{\"@type\":\"ListItem\",\"position\":2,\"name\":\"Mentions l\u00e9gales\"}]},{\"@type\":\"WebSite\",\"@id\":\"https:\/\/timuntutravel.com\/#website\",\"url\":\"https:\/\/timuntutravel.com\/\",\"name\":\"Timuntu Travel\",\"description\":\"Timuntu Travel\",\"publisher\":{\"@id\":\"https:\/\/timuntutravel.com\/#organization\"},\"potentialAction\":[{\"@type\":\"SearchAction\",\"target\":{\"@type\":\"EntryPoint\",\"urlTemplate\":\"https:\/\/timuntutravel.com\/?s={search_term_string}\"},\"query-input\":{\"@type\":\"PropertyValueSpecification\",\"valueRequired\":true,\"valueName\":\"search_term_string\"}}],\"inLanguage\":\"fr-FR\"},{\"@type\":\"Organization\",\"@id\":\"https:\/\/timuntutravel.com\/#organization\",\"name\":\"Timuntu Travel\",\"url\":\"https:\/\/timuntutravel.com\/\",\"logo\":{\"@type\":\"ImageObject\",\"inLanguage\":\"fr-FR\",\"@id\":\"https:\/\/timuntutravel.com\/#\/schema\/logo\/image\/\",\"url\":\"https:\/\/timuntutravel.com\/v3\/wp-content\/uploads\/2022\/04\/Original.png\",\"contentUrl\":\"https:\/\/timuntutravel.com\/v3\/wp-content\/uploads\/2022\/04\/Original.png\",\"width\":800,\"height\":361,\"caption\":\"Timuntu Travel\"},\"image\":{\"@id\":\"https:\/\/timuntutravel.com\/#\/schema\/logo\/image\/\"}}]}<\/script>\n<!-- \/ Yoast SEO plugin. -->","yoast_head_json":{"title":"Mentions l\u00e9gales - Timuntu Travel","robots":{"index":"index","follow":"follow","max-snippet":"max-snippet:-1","max-image-preview":"max-image-preview:large","max-video-preview":"max-video-preview:-1"},"canonical":"https:\/\/timuntutravel.com\/v3\/mentions-legales\/","og_locale":"fr_FR","og_type":"article","og_title":"Mentions l\u00e9gales - Timuntu Travel","og_description":"Mentions l\u00e9gales EDITEUR Timuntu Travel (Pty) Ltd Ferndale Johannesburg \u2013 Afrique du Sud Tel: +27 67 647 2001 Num\u00e9ro d\u2019immatriculation : 2020\/586320\/07 Email: contact@timuntu-travel.com PROPRI\u00c9T\u00c9 INTELLECTUELLE Toute repr\u00e9sentation totale ou partielle de ce Site ou de son contenu (structure g\u00e9n\u00e9rale, textes, sons, logos, images anim\u00e9es ou non), par quelque proc\u00e9d\u00e9 que ce soit, sans autorisation [&hellip;]","og_url":"https:\/\/timuntutravel.com\/v3\/mentions-legales\/","og_site_name":"Timuntu Travel","article_modified_time":"2025-07-15T09:24:30+00:00","twitter_card":"summary_large_image","twitter_misc":{"Dur\u00e9e de lecture estim\u00e9e":"3 minutes"},"schema":{"@context":"https:\/\/schema.org","@graph":[{"@type":"WebPage","@id":"https:\/\/timuntutravel.com\/v3\/mentions-legales\/","url":"https:\/\/timuntutravel.com\/v3\/mentions-legales\/","name":"Mentions l\u00e9gales - Timuntu Travel","isPartOf":{"@id":"https:\/\/timuntutravel.com\/#website"},"datePublished":"2022-05-03T13:08:19+00:00","dateModified":"2025-07-15T09:24:30+00:00","breadcrumb":{"@id":"https:\/\/timuntutravel.com\/v3\/mentions-legales\/#breadcrumb"},"inLanguage":"fr-FR","potentialAction":[{"@type":"ReadAction","target":["https:\/\/timuntutravel.com\/v3\/mentions-legales\/"]}]},{"@type":"BreadcrumbList","@id":"https:\/\/timuntutravel.com\/v3\/mentions-legales\/#breadcrumb","itemListElement":[{"@type":"ListItem","position":1,"name":"Accueil","item":"https:\/\/timuntutravel.com\/v3\/"},{"@type":"ListItem","position":2,"name":"Mentions l\u00e9gales"}]},{"@type":"WebSite","@id":"https:\/\/timuntutravel.com\/#website","url":"https:\/\/timuntutravel.com\/","name":"Timuntu Travel","description":"Timuntu Travel","publisher":{"@id":"https:\/\/timuntutravel.com\/#organization"},"potentialAction":[{"@type":"SearchAction","target":{"@type":"EntryPoint","urlTemplate":"https:\/\/timuntutravel.com\/?s={search_term_string}"},"query-input":{"@type":"PropertyValueSpecification","valueRequired":true,"valueName":"search_term_string"}}],"inLanguage":"fr-FR"},{"@type":"Organization","@id":"https:\/\/timuntutravel.com\/#organization","name":"Timuntu Travel","url":"https:\/\/timuntutravel.com\/","logo":{"@type":"ImageObject","inLanguage":"fr-FR","@id":"https:\/\/timuntutravel.com\/#\/schema\/logo\/image\/","url":"https:\/\/timuntutravel.com\/v3\/wp-content\/uploads\/2022\/04\/Original.png","contentUrl":"https:\/\/timuntutravel.com\/v3\/wp-content\/uploads\/2022\/04\/Original.png","width":800,"height":361,"caption":"Timuntu Travel"},"image":{"@id":"https:\/\/timuntutravel.com\/#\/schema\/logo\/image\/"}}]}},"_links":{"self":[{"href":"https:\/\/timuntutravel.com\/v3\/wp-json\/wp\/v2\/pages\/3951","targetHints":{"allow":["GET"]}}],"collection":[{"href":"https:\/\/timuntutravel.com\/v3\/wp-json\/wp\/v2\/pages"}],"about":[{"href":"https:\/\/timuntutravel.com\/v3\/wp-json\/wp\/v2\/types\/page"}],"author":[{"embeddable":true,"href":"https:\/\/timuntutravel.com\/v3\/wp-json\/wp\/v2\/users\/1"}],"replies":[{"embeddable":true,"href":"https:\/\/timuntutravel.com\/v3\/wp-json\/wp\/v2\/comments?post=3951"}],"version-history":[{"count":10,"href":"https:\/\/timuntutravel.com\/v3\/wp-json\/wp\/v2\/pages\/3951\/revisions"}],"predecessor-version":[{"id":7240,"href":"https:\/\/timuntutravel.com\/v3\/wp-json\/wp\/v2\/pages\/3951\/revisions\/7240"}],"wp:attachment":[{"href":"https:\/\/timuntutravel.com\/v3\/wp-json\/wp\/v2\/media?parent=3951"}],"curies":[{"name":"wp","href":"https:\/\/api.w.org\/{rel}","templated":true}]}}