{"id":3956,"date":"2022-05-03T15:15:51","date_gmt":"2022-05-03T13:15:51","guid":{"rendered":"https:\/\/timuntutravel.com\/v3\/?page_id=3956"},"modified":"2025-07-15T11:00:06","modified_gmt":"2025-07-15T09:00:06","slug":"conditions-generales-de-ventes","status":"publish","type":"page","link":"https:\/\/timuntutravel.com\/v3\/conditions-generales-de-ventes\/","title":{"rendered":"Conditions G\u00e9n\u00e9rales et particuli\u00e8res de ventes"},"content":{"rendered":"\t\t<div data-elementor-type=\"wp-page\" data-elementor-id=\"3956\" class=\"elementor elementor-3956\" data-elementor-post-type=\"page\">\n\t\t\t\t<div class=\"elementor-element elementor-element-8a7ae99 e-flex e-con-boxed e-con e-parent\" data-id=\"8a7ae99\" data-element_type=\"container\" data-settings=\"{&quot;jet_parallax_layout_list&quot;:[]}\">\n\t\t\t\t\t<div class=\"e-con-inner\">\n\t\t\t\t<div class=\"elementor-element elementor-element-ce4a3aa elementor-widget elementor-widget-heading\" data-id=\"ce4a3aa\" data-element_type=\"widget\" data-widget_type=\"heading.default\">\n\t\t\t\t<div class=\"elementor-widget-container\">\n\t\t\t\t\t<h1 class=\"elementor-heading-title elementor-size-default\">Conditions G\u00e9narales et Particuli\u00e8res de vente<\/h1>\t\t\t\t<\/div>\n\t\t\t\t<\/div>\n\t\t\t\t\t<\/div>\n\t\t\t\t<\/div>\n\t\t<div class=\"elementor-element elementor-element-a8bd0ee e-flex e-con-boxed e-con e-parent\" data-id=\"a8bd0ee\" data-element_type=\"container\" data-settings=\"{&quot;jet_parallax_layout_list&quot;:[]}\">\n\t\t\t\t\t<div class=\"e-con-inner\">\n\t\t\t\t<div class=\"elementor-element elementor-element-1e1e1cb elementor-widget elementor-widget-text-editor\" data-id=\"1e1e1cb\" data-element_type=\"widget\" data-widget_type=\"text-editor.default\">\n\t\t\t\t<div class=\"elementor-widget-container\">\n\t\t\t\t\t\t\t\t\t<h2>1. INSCRIPTION, DEVIS &amp; PAIEMENT<\/h2>\n<p><strong>Demande de devis<\/strong><br \/>Pour tout projet de voyage sur mesure, Timuntu Travel propose d\u00e9sormais un service de conception personnalis\u00e9 factur\u00e9 2000 ZAR (environ 100 \u20ac). Ce forfait couvre le temps de recherche, la s\u00e9lection des partenaires locaux et la cr\u00e9ation d\u2019un programme adapt\u00e9 aux envies du voyageur.<br \/>\u2022 50 % du montant est d\u00e9duit de la facture finale en cas de confirmation du voyage.<br \/>\u2022 Les 50 % restants sont revers\u00e9s \u00e0 une association partenaire soutenue par Timuntu Travel.<br \/>Ce service refl\u00e8te notre engagement \u00e0 proposer des voyages uniques, responsables et immersifs.<br \/><br \/><\/p>\n<p><strong>R\u00e9servation et paiement<\/strong><br \/>La r\u00e9servation devient effective apr\u00e8s r\u00e9ception du devis valid\u00e9, du bulletin d\u2019inscription sign\u00e9 et du paiement (acompte ou total). Timuntu Travel confirme la r\u00e9servation une fois les disponibilit\u00e9s v\u00e9rifi\u00e9es. Le client est invit\u00e9 \u00e0 cr\u00e9er un compte personnel sur notre site pour suivre son dossier.<br \/><br \/>Le r\u00e8glement peut s\u2019effectuer par carte bancaire (Visa\/MasterCard) via PayFast (en ZAR uniquement) ou par virement bancaire. Tous les frais bancaires sont \u00e0 la charge du client.<br \/><br \/>Pour toute inscription effectu\u00e9e \u00e0 plus de 45 jours de la date de d\u00e9part, un acompte de 60 % des prestations terrestres est exig\u00e9. Le solde est d\u00fb 45 jours avant le d\u00e9part. Pour une inscription \u00e0 moins de 45 jours, la totalit\u00e9 est exig\u00e9e imm\u00e9diatement.<\/p>\n<p><strong>Cas particulier :<\/strong>\u00a0dans le cas d\u2019\u00e9v\u00e9nements sp\u00e9cifiques tels que les salons de pr\u00e9sentation, Timuntu Travel se r\u00e9serve le droit \u00e0 titre exceptionnel d\u2019accepter les paiements sur le lieu de l\u2019\u00e9v\u00e9nement. Dans ce cas pr\u00e9cis, le paiement pourra \u00eatre effectu\u00e9 via le site internet, par virement bancaire, en esp\u00e8ces ou par ch\u00e8que. Uniquement lors de ce type d\u2019op\u00e9rations, l\u2019agence se r\u00e9servera le droit d\u2019accepter les paiements mixtes (diff\u00e9rents modes de paiement).<\/p>\n<h2>2. FRAIS DE MODIFICATION<\/h2>\n<p><strong>Avant le d\u00e9part :<\/strong><br \/>Toute modification (dates, nombre de participants, itin\u00e9raire\u2026) entra\u00eene des frais entre 1 \u20ac et 50 \u20ac, ou entre 1 % et 2 % du prix selon la complexit\u00e9.<br \/><br \/><strong>Pendant le voyage :<\/strong><br \/>Des modifications peuvent \u00eatre n\u00e9cessaires pour des raisons de s\u00e9curit\u00e9 ou logistiques. Dans ce cas, Timuntu Travel informe le client et propose des solutions de remplacement ou rembourse la diff\u00e9rence \u00e9ventuelle.<\/p>\n<h2>3. FRAIS D\u2019ANNULATION<\/h2>\n<p><strong>Avant le d\u00e9part :<\/strong><br \/>\u2022 Plus de 90 jours : 25 % de l\u2019acompte terrestre conserv\u00e9<br \/>\u2022 89 \u00e0 46 jours : 50 % de l\u2019acompte<br \/>\u2022 Moins de 45 jours : 100 % du total<br \/><br \/>Les vols domestiques sont rembours\u00e9s selon les conditions des compagnies. Aucun remboursement pour une interruption de voyage ou un manquement de documents de voyage.<br \/><br \/>Force majeure : Timuntu Travel ne peut \u00eatre tenu responsable des retards, gr\u00e8ves, catastrophes, troubles sociaux, etc. Aucun remboursement ne pourra \u00eatre exig\u00e9.<\/p>\n<h2>4. BON TIMUNTU \u2013 Carte Cadeau Voyage<\/h2>\n<p>Le Bon Timuntu est une carte cadeau ou un acompte flexible \u00e0 valoir sur un futur circuit Timuntu Travel. Valable 18 mois \u00e0 compter de l\u2019achat, il permet au b\u00e9n\u00e9ficiaire de r\u00e9server un voyage \u00e0 venir, en toute libert\u00e9. Les paiements s\u2019effectuent en ZAR via notre formulaire ou via notre lien de paiement s\u00e9curis\u00e9.<br \/>Les bons ne sont ni remboursables ni \u00e9changeables. Ils peuvent \u00eatre utilis\u00e9s pour n\u2019importe quel circuit en groupe propos\u00e9 par Timuntu Travel, dans la limite de leur validit\u00e9.<\/p>\n<p>Les autres sections (transports, assurances, r\u00e9clamations, responsabilit\u00e9, etc.) sont \u00e0 relire et seront int\u00e9gr\u00e9es \u00e0 la suite avec les m\u00eames standards.<\/p>\n<p><strong>5.DROIT DE RETRACTATION<\/strong><\/p>\n<p>En application des dispositions du Code de la consommation, les prestations propos\u00e9es sur le site par Timuntu Travel ne sont pas soumises \u00e0 l\u2019application du droit de r\u00e9tractation.<\/p>\n<p>En cons\u00e9quence, les prestations command\u00e9es sur le site sont exclusivement soumises aux conditions d\u2019annulation et de modification pr\u00e9vues par les pr\u00e9sentes Conditions g\u00e9n\u00e9rales et particuli\u00e8res de vente et le client ne pourra pas invoquer le droit \u00e0 r\u00e9tractation.<\/p>\n<p>\u00a0<\/p>\n<ol start=\"6\">\n<li><strong> CESSION DE LA PRESTATION<\/strong><\/li>\n<\/ol>\n<p>Conform\u00e9ment aux dispositions de l\u2019article L 211-11 du Code du tourisme, le client peut c\u00e9der son contrat \u00e0 un tiers (hors contrat d\u2019assurance), \u00e0 condition d\u2019en informer Timuntu Travel par lettre recommand\u00e9e avec accus\u00e9 de r\u00e9ception, au plus tard 7 jours avant le d\u00e9but du s\u00e9jour. Cette cession devra mentionner les noms, pr\u00e9noms et coordonn\u00e9es compl\u00e8tes du cessionnaire, ainsi que la preuve que ce dernier remplit les m\u00eames conditions que le client initial (\u00e2ge, visa, aptitude physique, etc.).<\/p>\n<p>Le client c\u00e9dant et le cessionnaire sont solidairement responsables du paiement du solde et de tous frais suppl\u00e9mentaires occasionn\u00e9s par la cession. Des frais de dossier s\u2019appliquent, selon les conditions pr\u00e9cis\u00e9es dans l\u2019article 2.<\/p>\n<ol start=\"7\">\n<li><strong> TRANSPORT A\u00c9RIEN &amp; CLIMAT<\/strong><\/li>\n<\/ol>\n<p>Timuntu Travel ne prend pas en charge la r\u00e9servation des vols internationaux. Le voyageur est responsable de son arriv\u00e9e sur le lieu de rendez-vous du circuit. En cas de perturbations li\u00e9es au climat ou au trafic a\u00e9rien (retards, annulations, gr\u00e8ves, etc.), l\u2019agence ne peut \u00eatre tenue pour responsable. Une solution alternative sera propos\u00e9e si possible, mais les frais engendr\u00e9s restent \u00e0 la charge du client.<\/p>\n<p>En cas de r\u00e9servation de vols par Timuntu Travel, l\u2019agence s\u2019engage \u00e0 communiquer l\u2019identit\u00e9 des transporteurs \u00e0 l\u2019inscription, et \u00e0 vous informer de tout changement. Les compagnies utilis\u00e9es seront conformes aux normes en vigueur.<\/p>\n<p>Les retards, pertes de bagages ou surr\u00e9servations doivent \u00eatre directement r\u00e9clam\u00e9s aupr\u00e8s de la compagnie a\u00e9rienne. Timuntu Travel ne saurait \u00eatre tenu responsable des frais induits.<\/p>\n<ol start=\"8\">\n<li><strong> ASSURANCES<\/strong><\/li>\n<\/ol>\n<p>Timuntu Travel recommande vivement \u00e0 chaque participant de souscrire \u00e0 une assurance assistance-rapatriement et \u00e0 une assurance annulation. Ces assurances restent facultatives mais fortement conseill\u00e9es. Timuntu Travel a un partenaire d\u2019assurance privil\u00e9gier. Pour plus d\u2019informations sur les conditions de souscription, merci de nous contacter. <a href=\"https:\/\/www.chapkadirect.fr\/index.php?action=produit&amp;id=824&amp;app=timuntu\">Assurance voyage pour explorer le monde sereinement | Chapka Assurances<\/a><\/p>\n<ol start=\"9\">\n<li><strong> MINEURS<\/strong><\/li>\n<\/ol>\n<p>Les inscriptions de mineurs n\u00e9cessitent une autorisation parentale ou du tuteur l\u00e9gal. Selon les destinations, des documents suppl\u00e9mentaires peuvent \u00eatre exig\u00e9s : autorisation de sortie du territoire, copie int\u00e9grale d\u2019acte de naissance, etc. Le client est responsable de la conformit\u00e9 des documents de voyage des mineurs. En cas de d\u00e9faut, Timuntu Travel ne pourra \u00eatre tenu responsable et les frais d\u2019annulation resteront \u00e0 la charge du client.<\/p>\n<ol start=\"10\">\n<li><strong> R\u00c9CLAMATIONS<\/strong><\/li>\n<\/ol>\n<p>Toute r\u00e9clamation doit \u00eatre adress\u00e9e par courrier recommand\u00e9 avec accus\u00e9 de r\u00e9ception \u00e0 Timuntu Travel. L\u2019agence privil\u00e9gie le r\u00e8glement \u00e0 l\u2019amiable. En cas de litige non r\u00e9solu, les tribunaux comp\u00e9tents seront ceux d\u2019Afrique du Sud, o\u00f9 Timuntu Travel est enregistr\u00e9.<\/p>\n<ol start=\"11\">\n<li><strong> RESPONSABILIT\u00c9<\/strong><\/li>\n<\/ol>\n<p>Le participant est responsable de l\u2019obtention de tous les documents n\u00e9cessaires au voyage (passeport, visa, vaccins, etc.). Timuntu Travel fournit des informations indicatives mais ne peut \u00eatre tenu responsable d\u2019un refus d\u2019embarquement ou d\u2019entr\u00e9e sur le territoire.<\/p>\n<p>Le voyageur doit rester joignable et vigilant pour recevoir toutes les informations communiqu\u00e9es par l\u2019agence. Il s\u2019engage \u00e0 v\u00e9rifier ses documents de voyage avant le d\u00e9part. Tout comportement mettant en danger le groupe pourra entra\u00eener une exclusion sans compensation.<\/p>\n<p>Les circuits propos\u00e9s comportent des risques inh\u00e9rents \u00e0 l\u2019\u00e9loignement ou \u00e0 l\u2019environnement naturel. En participant, le client accepte ces risques. Timuntu Travel ne pourra \u00eatre tenu responsable d\u2019un accident ou incident li\u00e9 \u00e0 l\u2019imprudence du voyageur ou \u00e0 des conditions locales exceptionnelles.<\/p>\n<ol start=\"12\">\n<li><strong> VOLS ET PERTES<\/strong><\/li>\n<\/ol>\n<p>Timuntu Travel d\u00e9cline toute responsabilit\u00e9 en cas de vol ou de perte d\u2019effets personnels durant le voyage. Les affaires du participant demeurent sous sa surveillance exclusive. Aucun recours ne pourra \u00eatre exerc\u00e9 \u00e0 l\u2019encontre de l\u2019agence ou de ses prestataires.<\/p>\n<ol start=\"13\">\n<li><strong> TAUX DE CHANGE ET MODIFICATION TARIFAIRE<\/strong><\/li>\n<\/ol>\n<p>Les prix affich\u00e9s en euros sont indicatifs et bas\u00e9s sur un taux de change au moment de l\u2019\u00e9mission du devis. En cas de d\u00e9valuation significative ou de variation des co\u00fbts (carburants, taxes a\u00e9roportuaires, etc.), Timuntu Travel se r\u00e9serve le droit d\u2019ajuster les tarifs. Le client en sera inform\u00e9 au plus tard 30 jours avant le d\u00e9part.<\/p>\n<p><strong>ACCEPTATION<\/strong><\/p>\n<p>L\u2019acceptation d\u2019un devis, l\u2019envoi du bulletin de r\u00e9servation sign\u00e9 et\/ou le paiement total ou partiel du voyage valent pour acceptation sans r\u00e9serve des pr\u00e9sentes Conditions G\u00e9n\u00e9rales et Particuli\u00e8res de Vente.<\/p>\n<p>Derni\u00e8re mise \u00e0 jour : Juin 2025<\/p>\n<p>\u00a0<\/p>\t\t\t\t\t\t\t\t<\/div>\n\t\t\t\t<\/div>\n\t\t\t\t\t<\/div>\n\t\t\t\t<\/div>\n\t\t\t\t<\/div>\n\t\t","protected":false},"excerpt":{"rendered":"<p>Conditions G\u00e9narales et Particuli\u00e8res de vente 1. INSCRIPTION, DEVIS &amp; PAIEMENT Demande de devisPour tout projet de voyage sur mesure, Timuntu Travel propose d\u00e9sormais un service de conception personnalis\u00e9 factur\u00e9 2000 ZAR (environ 100 \u20ac). Ce forfait couvre le temps de recherche, la s\u00e9lection des partenaires locaux et la cr\u00e9ation d\u2019un programme adapt\u00e9 aux envies [&hellip;]<\/p>\n","protected":false},"author":1,"featured_media":0,"parent":0,"menu_order":0,"comment_status":"closed","ping_status":"closed","template":"elementor_header_footer","meta":{"_acf_changed":false,"_jet_sm_ready_style":"","_jet_sm_style":"","_jet_sm_controls_values":"","_jet_sm_fonts_collection":"","_jet_sm_fonts_links":"","footnotes":""},"class_list":["post-3956","page","type-page","status-publish","hentry"],"acf":[],"yoast_head":"<!-- This site is optimized with the Yoast SEO plugin v25.4 - https:\/\/yoast.com\/wordpress\/plugins\/seo\/ -->\n<title>Conditions G\u00e9n\u00e9rales et particuli\u00e8res de ventes - Timuntu Travel<\/title>\n<meta name=\"robots\" content=\"index, follow, max-snippet:-1, max-image-preview:large, max-video-preview:-1\" \/>\n<link rel=\"canonical\" href=\"https:\/\/timuntutravel.com\/v3\/conditions-generales-de-ventes\/\" \/>\n<meta property=\"og:locale\" content=\"fr_FR\" \/>\n<meta property=\"og:type\" content=\"article\" \/>\n<meta property=\"og:title\" content=\"Conditions G\u00e9n\u00e9rales et particuli\u00e8res de ventes - Timuntu Travel\" \/>\n<meta property=\"og:description\" content=\"Conditions G\u00e9narales et Particuli\u00e8res de vente 1. INSCRIPTION, DEVIS &amp; PAIEMENT Demande de devisPour tout projet de voyage sur mesure, Timuntu Travel propose d\u00e9sormais un service de conception personnalis\u00e9 factur\u00e9 2000 ZAR (environ 100 \u20ac). Ce forfait couvre le temps de recherche, la s\u00e9lection des partenaires locaux et la cr\u00e9ation d\u2019un programme adapt\u00e9 aux envies [&hellip;]\" \/>\n<meta property=\"og:url\" content=\"https:\/\/timuntutravel.com\/v3\/conditions-generales-de-ventes\/\" \/>\n<meta property=\"og:site_name\" content=\"Timuntu Travel\" \/>\n<meta property=\"article:modified_time\" content=\"2025-07-15T09:00:06+00:00\" \/>\n<meta name=\"twitter:card\" content=\"summary_large_image\" \/>\n<meta name=\"twitter:label1\" content=\"Dur\u00e9e de lecture estim\u00e9e\" \/>\n\t<meta name=\"twitter:data1\" content=\"7 minutes\" \/>\n<script type=\"application\/ld+json\" class=\"yoast-schema-graph\">{\"@context\":\"https:\/\/schema.org\",\"@graph\":[{\"@type\":\"WebPage\",\"@id\":\"https:\/\/timuntutravel.com\/v3\/conditions-generales-de-ventes\/\",\"url\":\"https:\/\/timuntutravel.com\/v3\/conditions-generales-de-ventes\/\",\"name\":\"Conditions G\u00e9n\u00e9rales et particuli\u00e8res de ventes - Timuntu Travel\",\"isPartOf\":{\"@id\":\"https:\/\/timuntutravel.com\/#website\"},\"datePublished\":\"2022-05-03T13:15:51+00:00\",\"dateModified\":\"2025-07-15T09:00:06+00:00\",\"breadcrumb\":{\"@id\":\"https:\/\/timuntutravel.com\/v3\/conditions-generales-de-ventes\/#breadcrumb\"},\"inLanguage\":\"fr-FR\",\"potentialAction\":[{\"@type\":\"ReadAction\",\"target\":[\"https:\/\/timuntutravel.com\/v3\/conditions-generales-de-ventes\/\"]}]},{\"@type\":\"BreadcrumbList\",\"@id\":\"https:\/\/timuntutravel.com\/v3\/conditions-generales-de-ventes\/#breadcrumb\",\"itemListElement\":[{\"@type\":\"ListItem\",\"position\":1,\"name\":\"Accueil\",\"item\":\"https:\/\/timuntutravel.com\/v3\/\"},{\"@type\":\"ListItem\",\"position\":2,\"name\":\"Conditions G\u00e9n\u00e9rales et particuli\u00e8res de ventes\"}]},{\"@type\":\"WebSite\",\"@id\":\"https:\/\/timuntutravel.com\/#website\",\"url\":\"https:\/\/timuntutravel.com\/\",\"name\":\"Timuntu Travel\",\"description\":\"Timuntu Travel\",\"publisher\":{\"@id\":\"https:\/\/timuntutravel.com\/#organization\"},\"potentialAction\":[{\"@type\":\"SearchAction\",\"target\":{\"@type\":\"EntryPoint\",\"urlTemplate\":\"https:\/\/timuntutravel.com\/?s={search_term_string}\"},\"query-input\":{\"@type\":\"PropertyValueSpecification\",\"valueRequired\":true,\"valueName\":\"search_term_string\"}}],\"inLanguage\":\"fr-FR\"},{\"@type\":\"Organization\",\"@id\":\"https:\/\/timuntutravel.com\/#organization\",\"name\":\"Timuntu Travel\",\"url\":\"https:\/\/timuntutravel.com\/\",\"logo\":{\"@type\":\"ImageObject\",\"inLanguage\":\"fr-FR\",\"@id\":\"https:\/\/timuntutravel.com\/#\/schema\/logo\/image\/\",\"url\":\"https:\/\/timuntutravel.com\/v3\/wp-content\/uploads\/2022\/04\/Original.png\",\"contentUrl\":\"https:\/\/timuntutravel.com\/v3\/wp-content\/uploads\/2022\/04\/Original.png\",\"width\":800,\"height\":361,\"caption\":\"Timuntu Travel\"},\"image\":{\"@id\":\"https:\/\/timuntutravel.com\/#\/schema\/logo\/image\/\"}}]}<\/script>\n<!-- \/ Yoast SEO plugin. -->","yoast_head_json":{"title":"Conditions G\u00e9n\u00e9rales et particuli\u00e8res de ventes - Timuntu Travel","robots":{"index":"index","follow":"follow","max-snippet":"max-snippet:-1","max-image-preview":"max-image-preview:large","max-video-preview":"max-video-preview:-1"},"canonical":"https:\/\/timuntutravel.com\/v3\/conditions-generales-de-ventes\/","og_locale":"fr_FR","og_type":"article","og_title":"Conditions G\u00e9n\u00e9rales et particuli\u00e8res de ventes - Timuntu Travel","og_description":"Conditions G\u00e9narales et Particuli\u00e8res de vente 1. INSCRIPTION, DEVIS &amp; PAIEMENT Demande de devisPour tout projet de voyage sur mesure, Timuntu Travel propose d\u00e9sormais un service de conception personnalis\u00e9 factur\u00e9 2000 ZAR (environ 100 \u20ac). Ce forfait couvre le temps de recherche, la s\u00e9lection des partenaires locaux et la cr\u00e9ation d\u2019un programme adapt\u00e9 aux envies [&hellip;]","og_url":"https:\/\/timuntutravel.com\/v3\/conditions-generales-de-ventes\/","og_site_name":"Timuntu Travel","article_modified_time":"2025-07-15T09:00:06+00:00","twitter_card":"summary_large_image","twitter_misc":{"Dur\u00e9e de lecture estim\u00e9e":"7 minutes"},"schema":{"@context":"https:\/\/schema.org","@graph":[{"@type":"WebPage","@id":"https:\/\/timuntutravel.com\/v3\/conditions-generales-de-ventes\/","url":"https:\/\/timuntutravel.com\/v3\/conditions-generales-de-ventes\/","name":"Conditions G\u00e9n\u00e9rales et particuli\u00e8res de ventes - Timuntu Travel","isPartOf":{"@id":"https:\/\/timuntutravel.com\/#website"},"datePublished":"2022-05-03T13:15:51+00:00","dateModified":"2025-07-15T09:00:06+00:00","breadcrumb":{"@id":"https:\/\/timuntutravel.com\/v3\/conditions-generales-de-ventes\/#breadcrumb"},"inLanguage":"fr-FR","potentialAction":[{"@type":"ReadAction","target":["https:\/\/timuntutravel.com\/v3\/conditions-generales-de-ventes\/"]}]},{"@type":"BreadcrumbList","@id":"https:\/\/timuntutravel.com\/v3\/conditions-generales-de-ventes\/#breadcrumb","itemListElement":[{"@type":"ListItem","position":1,"name":"Accueil","item":"https:\/\/timuntutravel.com\/v3\/"},{"@type":"ListItem","position":2,"name":"Conditions G\u00e9n\u00e9rales et particuli\u00e8res de ventes"}]},{"@type":"WebSite","@id":"https:\/\/timuntutravel.com\/#website","url":"https:\/\/timuntutravel.com\/","name":"Timuntu Travel","description":"Timuntu Travel","publisher":{"@id":"https:\/\/timuntutravel.com\/#organization"},"potentialAction":[{"@type":"SearchAction","target":{"@type":"EntryPoint","urlTemplate":"https:\/\/timuntutravel.com\/?s={search_term_string}"},"query-input":{"@type":"PropertyValueSpecification","valueRequired":true,"valueName":"search_term_string"}}],"inLanguage":"fr-FR"},{"@type":"Organization","@id":"https:\/\/timuntutravel.com\/#organization","name":"Timuntu Travel","url":"https:\/\/timuntutravel.com\/","logo":{"@type":"ImageObject","inLanguage":"fr-FR","@id":"https:\/\/timuntutravel.com\/#\/schema\/logo\/image\/","url":"https:\/\/timuntutravel.com\/v3\/wp-content\/uploads\/2022\/04\/Original.png","contentUrl":"https:\/\/timuntutravel.com\/v3\/wp-content\/uploads\/2022\/04\/Original.png","width":800,"height":361,"caption":"Timuntu Travel"},"image":{"@id":"https:\/\/timuntutravel.com\/#\/schema\/logo\/image\/"}}]}},"_links":{"self":[{"href":"https:\/\/timuntutravel.com\/v3\/wp-json\/wp\/v2\/pages\/3956","targetHints":{"allow":["GET"]}}],"collection":[{"href":"https:\/\/timuntutravel.com\/v3\/wp-json\/wp\/v2\/pages"}],"about":[{"href":"https:\/\/timuntutravel.com\/v3\/wp-json\/wp\/v2\/types\/page"}],"author":[{"embeddable":true,"href":"https:\/\/timuntutravel.com\/v3\/wp-json\/wp\/v2\/users\/1"}],"replies":[{"embeddable":true,"href":"https:\/\/timuntutravel.com\/v3\/wp-json\/wp\/v2\/comments?post=3956"}],"version-history":[{"count":36,"href":"https:\/\/timuntutravel.com\/v3\/wp-json\/wp\/v2\/pages\/3956\/revisions"}],"predecessor-version":[{"id":7229,"href":"https:\/\/timuntutravel.com\/v3\/wp-json\/wp\/v2\/pages\/3956\/revisions\/7229"}],"wp:attachment":[{"href":"https:\/\/timuntutravel.com\/v3\/wp-json\/wp\/v2\/media?parent=3956"}],"curies":[{"name":"wp","href":"https:\/\/api.w.org\/{rel}","templated":true}]}}