{"id":1580,"date":"2022-04-16T22:23:45","date_gmt":"2022-04-16T20:23:45","guid":{"rendered":"https:\/\/timuntutravel.com\/v3\/?post_type=product&#038;p=1580"},"modified":"2022-04-16T22:23:47","modified_gmt":"2022-04-16T20:23:47","slug":"jeu-de-cartes-culturepedia-edition-ndop","status":"publish","type":"product","link":"https:\/\/timuntutravel.com\/v3\/produit\/jeu-de-cartes-culturepedia-edition-ndop\/","title":{"rendered":"Jeu de cartes CULTUREPEDIA &#8211; \u00e9dition NDOP"},"content":{"rendered":"<p>Les cartes Culturepedia proposent une collection de JEUX DE CARTES ludiques, cr\u00e9atifs et \u00e9ducatifs pour perp\u00e9trer et transmettre le patrimoine culturel africain.<br \/>\nA travers ces cartes, on peut jouer, apprendre, se r\u00e9approprier le patrimoine culturel africain ou d\u00e9couvrir la richesse et la diversit\u00e9 culturelle du continent.<\/p>\n<p>La collection NDOP, inspir\u00e9e par la diversit\u00e9 culturelle des peuples GRASSFIELDS du CAMEROUN, est la premi\u00e8re cr\u00e9ation d\u2019une s\u00e9rie de jeux de cartes personnalis\u00e9s \u00e0 caract\u00e8re culturel. La volont\u00e9 de Culturepedia est de promouvoir la richesse et la diversit\u00e9 culturelle des pays africains, en mettant en avant les cr\u00e9ations artistiques comme les tissus, et les cultures traditionnelles ori ginales d\u2019Afrique.<\/p>\n<p>Le jeu de cartes contient un total de 55 cartes :<br \/>\n\u2013 1 carte explicative, qui pr\u00e9sente le tissu africain utilis\u00e9 en arri\u00e8re-plan des cartes<br \/>\n\u2013 54 cartes standard utilis\u00e9es pour le jeu.<\/p>\n<p>Le contenu des cartes \u00e0 jouer est tr\u00e8s particulier. Toutes les figurines connues des jeux de cartes classiques ont \u00e9t\u00e9 supprim\u00e9es, et remplac\u00e9es par des images et des symboles culturels africains, ainsi que par des textes explicatifs et descriptifs.<\/p>\n<p>Connaissez-vous le symbolisme de la noix de Kola en Afrique ? L\u2019utilisation du jujube ou de l\u2019arbre de la paix ? la signification des symboles pr\u00e9sents sur le c\u00e9l\u00e8bre tissu culturel des peuples d\u2019Afrique ?<\/p>\n<p>Nos jeux vous livreront tous les secrets culturels des peuples d\u2019Afrique.<\/p>\n<p>Jouez, amusez-vous, d\u00e9couvrez et transmettez ces connaissances de g\u00e9n\u00e9ration en g\u00e9n\u00e9ration.<\/p>\n","protected":false},"excerpt":{"rendered":"<p>Les cartes Culturepedia proposent une collection de JEUX DE CARTES ludiques, cr\u00e9atifs et \u00e9ducatifs pour perp\u00e9trer et transmettre le patrimoine culturel africain.<br \/>\nA travers ces cartes, on peut jouer, apprendre, se r\u00e9approprier le patrimoine culturel africain ou d\u00e9couvrir la richesse et la diversit\u00e9 culturelle du continent.<\/p>\n","protected":false},"featured_media":1581,"comment_status":"open","ping_status":"closed","template":"","meta":{"_acf_changed":false,"_jet_sm_ready_style":"","_jet_sm_style":"","_jet_sm_controls_values":"","_jet_sm_fonts_collection":"","_jet_sm_fonts_links":""},"product_brand":[],"product_cat":[214],"product_tag":[],"class_list":{"0":"post-1580","1":"product","2":"type-product","3":"status-publish","4":"has-post-thumbnail","6":"product_cat-jeux","8":"first","9":"instock","10":"shipping-taxable","11":"purchasable","12":"product-type-simple"},"acf":[],"yoast_head":"<!-- This site is optimized with the Yoast SEO plugin v25.4 - https:\/\/yoast.com\/wordpress\/plugins\/seo\/ -->\n<title>Jeu de cartes CULTUREPEDIA - \u00e9dition NDOP - Timuntu Travel<\/title>\n<meta name=\"robots\" content=\"index, follow, max-snippet:-1, max-image-preview:large, max-video-preview:-1\" \/>\n<link rel=\"canonical\" href=\"https:\/\/timuntutravel.com\/v3\/produit\/jeu-de-cartes-culturepedia-edition-ndop\/\" \/>\n<meta property=\"og:locale\" content=\"fr_FR\" \/>\n<meta property=\"og:type\" content=\"article\" \/>\n<meta property=\"og:title\" content=\"Jeu de cartes CULTUREPEDIA - \u00e9dition NDOP - Timuntu Travel\" \/>\n<meta property=\"og:description\" content=\"Les cartes Culturepedia proposent une collection de JEUX DE CARTES ludiques, cr\u00e9atifs et \u00e9ducatifs pour perp\u00e9trer et transmettre le patrimoine culturel africain. A travers ces cartes, on peut jouer, apprendre, se r\u00e9approprier le patrimoine culturel africain ou d\u00e9couvrir la richesse et la diversit\u00e9 culturelle du continent.\" \/>\n<meta property=\"og:url\" content=\"https:\/\/timuntutravel.com\/v3\/produit\/jeu-de-cartes-culturepedia-edition-ndop\/\" \/>\n<meta property=\"og:site_name\" content=\"Timuntu Travel\" \/>\n<meta property=\"article:modified_time\" content=\"2022-04-16T20:23:47+00:00\" \/>\n<meta property=\"og:image\" content=\"https:\/\/timuntutravel.com\/v3\/wp-content\/uploads\/2022\/04\/ND1.webp\" \/>\n\t<meta property=\"og:image:width\" content=\"600\" \/>\n\t<meta property=\"og:image:height\" content=\"600\" \/>\n\t<meta property=\"og:image:type\" content=\"image\/webp\" \/>\n<meta name=\"twitter:card\" content=\"summary_large_image\" \/>\n<meta name=\"twitter:label1\" content=\"Dur\u00e9e de lecture estim\u00e9e\" \/>\n\t<meta name=\"twitter:data1\" content=\"1 minute\" \/>\n<script type=\"application\/ld+json\" class=\"yoast-schema-graph\">{\"@context\":\"https:\/\/schema.org\",\"@graph\":[{\"@type\":\"WebPage\",\"@id\":\"https:\/\/timuntutravel.com\/v3\/produit\/jeu-de-cartes-culturepedia-edition-ndop\/\",\"url\":\"https:\/\/timuntutravel.com\/v3\/produit\/jeu-de-cartes-culturepedia-edition-ndop\/\",\"name\":\"Jeu de cartes CULTUREPEDIA - \u00e9dition NDOP - Timuntu Travel\",\"isPartOf\":{\"@id\":\"https:\/\/timuntutravel.com\/#website\"},\"primaryImageOfPage\":{\"@id\":\"https:\/\/timuntutravel.com\/v3\/produit\/jeu-de-cartes-culturepedia-edition-ndop\/#primaryimage\"},\"image\":{\"@id\":\"https:\/\/timuntutravel.com\/v3\/produit\/jeu-de-cartes-culturepedia-edition-ndop\/#primaryimage\"},\"thumbnailUrl\":\"https:\/\/timuntutravel.com\/v3\/wp-content\/uploads\/2022\/04\/ND1.webp\",\"datePublished\":\"2022-04-16T20:23:45+00:00\",\"dateModified\":\"2022-04-16T20:23:47+00:00\",\"breadcrumb\":{\"@id\":\"https:\/\/timuntutravel.com\/v3\/produit\/jeu-de-cartes-culturepedia-edition-ndop\/#breadcrumb\"},\"inLanguage\":\"fr-FR\",\"potentialAction\":[{\"@type\":\"ReadAction\",\"target\":[\"https:\/\/timuntutravel.com\/v3\/produit\/jeu-de-cartes-culturepedia-edition-ndop\/\"]}]},{\"@type\":\"ImageObject\",\"inLanguage\":\"fr-FR\",\"@id\":\"https:\/\/timuntutravel.com\/v3\/produit\/jeu-de-cartes-culturepedia-edition-ndop\/#primaryimage\",\"url\":\"https:\/\/timuntutravel.com\/v3\/wp-content\/uploads\/2022\/04\/ND1.webp\",\"contentUrl\":\"https:\/\/timuntutravel.com\/v3\/wp-content\/uploads\/2022\/04\/ND1.webp\",\"width\":600,\"height\":600},{\"@type\":\"BreadcrumbList\",\"@id\":\"https:\/\/timuntutravel.com\/v3\/produit\/jeu-de-cartes-culturepedia-edition-ndop\/#breadcrumb\",\"itemListElement\":[{\"@type\":\"ListItem\",\"position\":1,\"name\":\"Accueil\",\"item\":\"https:\/\/timuntutravel.com\/v3\/\"},{\"@type\":\"ListItem\",\"position\":2,\"name\":\"Boutique\",\"item\":\"https:\/\/timuntutravel.com\/v3\/boutique\/\"},{\"@type\":\"ListItem\",\"position\":3,\"name\":\"Jeu de cartes CULTUREPEDIA &#8211; \u00e9dition NDOP\"}]},{\"@type\":\"WebSite\",\"@id\":\"https:\/\/timuntutravel.com\/#website\",\"url\":\"https:\/\/timuntutravel.com\/\",\"name\":\"Timuntu Travel\",\"description\":\"Timuntu Travel\",\"publisher\":{\"@id\":\"https:\/\/timuntutravel.com\/#organization\"},\"potentialAction\":[{\"@type\":\"SearchAction\",\"target\":{\"@type\":\"EntryPoint\",\"urlTemplate\":\"https:\/\/timuntutravel.com\/?s={search_term_string}\"},\"query-input\":{\"@type\":\"PropertyValueSpecification\",\"valueRequired\":true,\"valueName\":\"search_term_string\"}}],\"inLanguage\":\"fr-FR\"},{\"@type\":\"Organization\",\"@id\":\"https:\/\/timuntutravel.com\/#organization\",\"name\":\"Timuntu Travel\",\"url\":\"https:\/\/timuntutravel.com\/\",\"logo\":{\"@type\":\"ImageObject\",\"inLanguage\":\"fr-FR\",\"@id\":\"https:\/\/timuntutravel.com\/#\/schema\/logo\/image\/\",\"url\":\"https:\/\/timuntutravel.com\/v3\/wp-content\/uploads\/2022\/04\/Original.png\",\"contentUrl\":\"https:\/\/timuntutravel.com\/v3\/wp-content\/uploads\/2022\/04\/Original.png\",\"width\":800,\"height\":361,\"caption\":\"Timuntu Travel\"},\"image\":{\"@id\":\"https:\/\/timuntutravel.com\/#\/schema\/logo\/image\/\"}}]}<\/script>\n<!-- \/ Yoast SEO plugin. -->","yoast_head_json":{"title":"Jeu de cartes CULTUREPEDIA - \u00e9dition NDOP - Timuntu Travel","robots":{"index":"index","follow":"follow","max-snippet":"max-snippet:-1","max-image-preview":"max-image-preview:large","max-video-preview":"max-video-preview:-1"},"canonical":"https:\/\/timuntutravel.com\/v3\/produit\/jeu-de-cartes-culturepedia-edition-ndop\/","og_locale":"fr_FR","og_type":"article","og_title":"Jeu de cartes CULTUREPEDIA - \u00e9dition NDOP - Timuntu Travel","og_description":"Les cartes Culturepedia proposent une collection de JEUX DE CARTES ludiques, cr\u00e9atifs et \u00e9ducatifs pour perp\u00e9trer et transmettre le patrimoine culturel africain. A travers ces cartes, on peut jouer, apprendre, se r\u00e9approprier le patrimoine culturel africain ou d\u00e9couvrir la richesse et la diversit\u00e9 culturelle du continent.","og_url":"https:\/\/timuntutravel.com\/v3\/produit\/jeu-de-cartes-culturepedia-edition-ndop\/","og_site_name":"Timuntu Travel","article_modified_time":"2022-04-16T20:23:47+00:00","og_image":[{"width":600,"height":600,"url":"https:\/\/timuntutravel.com\/v3\/wp-content\/uploads\/2022\/04\/ND1.webp","type":"image\/webp"}],"twitter_card":"summary_large_image","twitter_misc":{"Dur\u00e9e de lecture estim\u00e9e":"1 minute"},"schema":{"@context":"https:\/\/schema.org","@graph":[{"@type":"WebPage","@id":"https:\/\/timuntutravel.com\/v3\/produit\/jeu-de-cartes-culturepedia-edition-ndop\/","url":"https:\/\/timuntutravel.com\/v3\/produit\/jeu-de-cartes-culturepedia-edition-ndop\/","name":"Jeu de cartes CULTUREPEDIA - \u00e9dition NDOP - Timuntu Travel","isPartOf":{"@id":"https:\/\/timuntutravel.com\/#website"},"primaryImageOfPage":{"@id":"https:\/\/timuntutravel.com\/v3\/produit\/jeu-de-cartes-culturepedia-edition-ndop\/#primaryimage"},"image":{"@id":"https:\/\/timuntutravel.com\/v3\/produit\/jeu-de-cartes-culturepedia-edition-ndop\/#primaryimage"},"thumbnailUrl":"https:\/\/timuntutravel.com\/v3\/wp-content\/uploads\/2022\/04\/ND1.webp","datePublished":"2022-04-16T20:23:45+00:00","dateModified":"2022-04-16T20:23:47+00:00","breadcrumb":{"@id":"https:\/\/timuntutravel.com\/v3\/produit\/jeu-de-cartes-culturepedia-edition-ndop\/#breadcrumb"},"inLanguage":"fr-FR","potentialAction":[{"@type":"ReadAction","target":["https:\/\/timuntutravel.com\/v3\/produit\/jeu-de-cartes-culturepedia-edition-ndop\/"]}]},{"@type":"ImageObject","inLanguage":"fr-FR","@id":"https:\/\/timuntutravel.com\/v3\/produit\/jeu-de-cartes-culturepedia-edition-ndop\/#primaryimage","url":"https:\/\/timuntutravel.com\/v3\/wp-content\/uploads\/2022\/04\/ND1.webp","contentUrl":"https:\/\/timuntutravel.com\/v3\/wp-content\/uploads\/2022\/04\/ND1.webp","width":600,"height":600},{"@type":"BreadcrumbList","@id":"https:\/\/timuntutravel.com\/v3\/produit\/jeu-de-cartes-culturepedia-edition-ndop\/#breadcrumb","itemListElement":[{"@type":"ListItem","position":1,"name":"Accueil","item":"https:\/\/timuntutravel.com\/v3\/"},{"@type":"ListItem","position":2,"name":"Boutique","item":"https:\/\/timuntutravel.com\/v3\/boutique\/"},{"@type":"ListItem","position":3,"name":"Jeu de cartes CULTUREPEDIA &#8211; \u00e9dition NDOP"}]},{"@type":"WebSite","@id":"https:\/\/timuntutravel.com\/#website","url":"https:\/\/timuntutravel.com\/","name":"Timuntu Travel","description":"Timuntu Travel","publisher":{"@id":"https:\/\/timuntutravel.com\/#organization"},"potentialAction":[{"@type":"SearchAction","target":{"@type":"EntryPoint","urlTemplate":"https:\/\/timuntutravel.com\/?s={search_term_string}"},"query-input":{"@type":"PropertyValueSpecification","valueRequired":true,"valueName":"search_term_string"}}],"inLanguage":"fr-FR"},{"@type":"Organization","@id":"https:\/\/timuntutravel.com\/#organization","name":"Timuntu Travel","url":"https:\/\/timuntutravel.com\/","logo":{"@type":"ImageObject","inLanguage":"fr-FR","@id":"https:\/\/timuntutravel.com\/#\/schema\/logo\/image\/","url":"https:\/\/timuntutravel.com\/v3\/wp-content\/uploads\/2022\/04\/Original.png","contentUrl":"https:\/\/timuntutravel.com\/v3\/wp-content\/uploads\/2022\/04\/Original.png","width":800,"height":361,"caption":"Timuntu Travel"},"image":{"@id":"https:\/\/timuntutravel.com\/#\/schema\/logo\/image\/"}}]}},"_links":{"self":[{"href":"https:\/\/timuntutravel.com\/v3\/wp-json\/wp\/v2\/product\/1580","targetHints":{"allow":["GET"]}}],"collection":[{"href":"https:\/\/timuntutravel.com\/v3\/wp-json\/wp\/v2\/product"}],"about":[{"href":"https:\/\/timuntutravel.com\/v3\/wp-json\/wp\/v2\/types\/product"}],"replies":[{"embeddable":true,"href":"https:\/\/timuntutravel.com\/v3\/wp-json\/wp\/v2\/comments?post=1580"}],"wp:featuredmedia":[{"embeddable":true,"href":"https:\/\/timuntutravel.com\/v3\/wp-json\/wp\/v2\/media\/1581"}],"wp:attachment":[{"href":"https:\/\/timuntutravel.com\/v3\/wp-json\/wp\/v2\/media?parent=1580"}],"wp:term":[{"taxonomy":"product_brand","embeddable":true,"href":"https:\/\/timuntutravel.com\/v3\/wp-json\/wp\/v2\/product_brand?post=1580"},{"taxonomy":"product_cat","embeddable":true,"href":"https:\/\/timuntutravel.com\/v3\/wp-json\/wp\/v2\/product_cat?post=1580"},{"taxonomy":"product_tag","embeddable":true,"href":"https:\/\/timuntutravel.com\/v3\/wp-json\/wp\/v2\/product_tag?post=1580"}],"curies":[{"name":"wp","href":"https:\/\/api.w.org\/{rel}","templated":true}]}}