{"id":1583,"date":"2022-04-16T22:26:44","date_gmt":"2022-04-16T20:26:44","guid":{"rendered":"https:\/\/timuntutravel.com\/v3\/?post_type=product&#038;p=1583"},"modified":"2022-11-17T09:30:55","modified_gmt":"2022-11-17T08:30:55","slug":"wari-wari","status":"publish","type":"product","link":"https:\/\/timuntutravel.com\/v3\/produit\/wari-wari\/","title":{"rendered":"Wari Wari"},"content":{"rendered":"<p>Avec le jeu \u00ab\u00a0Wari Wari\u00a0\u00bb d\u2019o\u00f9 que l\u2019on vienne, une plong\u00e9e au c\u0153ur de l\u2019Afrique, des march\u00e9s aux \u00e9pices et ses saveurs, des rires des enfants, des mille et une odeurs, de la musique d\u2019ambiance, de la bonne humeur et de l\u2019accueil chaleureux des villages, l\u2019Afrique n\u2019a jamais \u00e9t\u00e9 aussi proche. C\u2019est ce patrimoine \u00e9conomique, traditionnel et culturel africain que vous partagerez avec votre famille le temps d\u2019un jeu.<\/p>\n<p>Wari Wari le jeu est amusant, divertissant et interg\u00e9n\u00e9rationnel et vous rendra rapidement accro !<\/p>\n<p>Lancez vos d\u00e9s et d\u00e9placez vos Korys sur les cases du plateau. Un bon tirage et vous obtenez la cagnotte de la tontine (pot commun) et recevez un maximum de Korys.<\/p>\n<p>Vous faites un mauvais tirage et c\u2019est le drame pour votre porte-monnaie : un cousin que vous ne connaissez pas surgit de nulle part et vous annonce le bapt\u00eame de son fils, cette dr\u00f4le de surprise vous co\u00fbtera 500 Korys. Le jeu est plein de rebondissements : une seule mauvaise r\u00e9ponse \u00e0 une question et vous devez revenir sur deux affaires. Un jeu tr\u00e8s esth\u00e9tique et intuitif, avec un plateau \u00e9l\u00e9gant aux couleurs modernes, d\u00e9cor\u00e9 en noir et 6 pi\u00e8ces symbolis\u00e9es par des Korys.<\/p>\n<p>Ce jeu est con\u00e7u pour deux \u00e0 six joueurs, et consiste \u00e0 s\u2019immerger dans la vie quotidienne en Afrique tout en g\u00e9rant son portefeuille de Korys.<\/p>\n","protected":false},"excerpt":{"rendered":"<p>Avec le jeu \u00ab\u00a0Wari Wari\u00a0\u00bb d\u2019o\u00f9 que l\u2019on vienne, une plong\u00e9e au c\u0153ur de l\u2019Afrique, des march\u00e9s aux \u00e9pices et ses saveurs, des rires des enfants, des mille et une odeurs, de la musique d\u2019ambiance, de la bonne humeur et de l\u2019accueil chaleureux des villages, l\u2019Afrique n\u2019a jamais \u00e9t\u00e9 aussi proche. C\u2019est ce patrimoine \u00e9conomique, [&hellip;]<\/p>\n","protected":false},"featured_media":1584,"comment_status":"open","ping_status":"closed","template":"","meta":{"_acf_changed":false,"_jet_sm_ready_style":"","_jet_sm_style":"","_jet_sm_controls_values":"","_jet_sm_fonts_collection":"","_jet_sm_fonts_links":""},"product_brand":[],"product_cat":[214],"product_tag":[],"class_list":{"0":"post-1583","1":"product","2":"type-product","3":"status-publish","4":"has-post-thumbnail","6":"product_cat-jeux","8":"first","9":"instock","10":"shipping-taxable","11":"purchasable","12":"product-type-simple"},"acf":[],"yoast_head":"<!-- This site is optimized with the Yoast SEO plugin v25.4 - https:\/\/yoast.com\/wordpress\/plugins\/seo\/ -->\n<title>Wari Wari - Timuntu Travel<\/title>\n<meta name=\"robots\" content=\"index, follow, max-snippet:-1, max-image-preview:large, max-video-preview:-1\" \/>\n<link rel=\"canonical\" href=\"https:\/\/timuntutravel.com\/v3\/produit\/wari-wari\/\" \/>\n<meta property=\"og:locale\" content=\"fr_FR\" \/>\n<meta property=\"og:type\" content=\"article\" \/>\n<meta property=\"og:title\" content=\"Wari Wari - Timuntu Travel\" \/>\n<meta property=\"og:description\" content=\"Avec le jeu \u00ab\u00a0Wari Wari\u00a0\u00bb d\u2019o\u00f9 que l\u2019on vienne, une plong\u00e9e au c\u0153ur de l\u2019Afrique, des march\u00e9s aux \u00e9pices et ses saveurs, des rires des enfants, des mille et une odeurs, de la musique d\u2019ambiance, de la bonne humeur et de l\u2019accueil chaleureux des villages, l\u2019Afrique n\u2019a jamais \u00e9t\u00e9 aussi proche. C\u2019est ce patrimoine \u00e9conomique, [&hellip;]\" \/>\n<meta property=\"og:url\" content=\"https:\/\/timuntutravel.com\/v3\/produit\/wari-wari\/\" \/>\n<meta property=\"og:site_name\" content=\"Timuntu Travel\" \/>\n<meta property=\"article:modified_time\" content=\"2022-11-17T08:30:55+00:00\" \/>\n<meta property=\"og:image\" content=\"https:\/\/timuntutravel.com\/v3\/wp-content\/uploads\/2022\/04\/wari-wari.png\" \/>\n\t<meta property=\"og:image:width\" content=\"2880\" \/>\n\t<meta property=\"og:image:height\" content=\"1800\" \/>\n\t<meta property=\"og:image:type\" content=\"image\/png\" \/>\n<meta name=\"twitter:card\" content=\"summary_large_image\" \/>\n<meta name=\"twitter:label1\" content=\"Dur\u00e9e de lecture estim\u00e9e\" \/>\n\t<meta name=\"twitter:data1\" content=\"1 minute\" \/>\n<script type=\"application\/ld+json\" class=\"yoast-schema-graph\">{\"@context\":\"https:\/\/schema.org\",\"@graph\":[{\"@type\":\"WebPage\",\"@id\":\"https:\/\/timuntutravel.com\/v3\/produit\/wari-wari\/\",\"url\":\"https:\/\/timuntutravel.com\/v3\/produit\/wari-wari\/\",\"name\":\"Wari Wari - Timuntu Travel\",\"isPartOf\":{\"@id\":\"https:\/\/timuntutravel.com\/#website\"},\"primaryImageOfPage\":{\"@id\":\"https:\/\/timuntutravel.com\/v3\/produit\/wari-wari\/#primaryimage\"},\"image\":{\"@id\":\"https:\/\/timuntutravel.com\/v3\/produit\/wari-wari\/#primaryimage\"},\"thumbnailUrl\":\"https:\/\/timuntutravel.com\/v3\/wp-content\/uploads\/2022\/04\/wari-wari.png\",\"datePublished\":\"2022-04-16T20:26:44+00:00\",\"dateModified\":\"2022-11-17T08:30:55+00:00\",\"breadcrumb\":{\"@id\":\"https:\/\/timuntutravel.com\/v3\/produit\/wari-wari\/#breadcrumb\"},\"inLanguage\":\"fr-FR\",\"potentialAction\":[{\"@type\":\"ReadAction\",\"target\":[\"https:\/\/timuntutravel.com\/v3\/produit\/wari-wari\/\"]}]},{\"@type\":\"ImageObject\",\"inLanguage\":\"fr-FR\",\"@id\":\"https:\/\/timuntutravel.com\/v3\/produit\/wari-wari\/#primaryimage\",\"url\":\"https:\/\/timuntutravel.com\/v3\/wp-content\/uploads\/2022\/04\/wari-wari.png\",\"contentUrl\":\"https:\/\/timuntutravel.com\/v3\/wp-content\/uploads\/2022\/04\/wari-wari.png\",\"width\":2880,\"height\":1800},{\"@type\":\"BreadcrumbList\",\"@id\":\"https:\/\/timuntutravel.com\/v3\/produit\/wari-wari\/#breadcrumb\",\"itemListElement\":[{\"@type\":\"ListItem\",\"position\":1,\"name\":\"Accueil\",\"item\":\"https:\/\/timuntutravel.com\/v3\/\"},{\"@type\":\"ListItem\",\"position\":2,\"name\":\"Boutique\",\"item\":\"https:\/\/timuntutravel.com\/v3\/boutique\/\"},{\"@type\":\"ListItem\",\"position\":3,\"name\":\"Wari Wari\"}]},{\"@type\":\"WebSite\",\"@id\":\"https:\/\/timuntutravel.com\/#website\",\"url\":\"https:\/\/timuntutravel.com\/\",\"name\":\"Timuntu Travel\",\"description\":\"Timuntu Travel\",\"publisher\":{\"@id\":\"https:\/\/timuntutravel.com\/#organization\"},\"potentialAction\":[{\"@type\":\"SearchAction\",\"target\":{\"@type\":\"EntryPoint\",\"urlTemplate\":\"https:\/\/timuntutravel.com\/?s={search_term_string}\"},\"query-input\":{\"@type\":\"PropertyValueSpecification\",\"valueRequired\":true,\"valueName\":\"search_term_string\"}}],\"inLanguage\":\"fr-FR\"},{\"@type\":\"Organization\",\"@id\":\"https:\/\/timuntutravel.com\/#organization\",\"name\":\"Timuntu Travel\",\"url\":\"https:\/\/timuntutravel.com\/\",\"logo\":{\"@type\":\"ImageObject\",\"inLanguage\":\"fr-FR\",\"@id\":\"https:\/\/timuntutravel.com\/#\/schema\/logo\/image\/\",\"url\":\"https:\/\/timuntutravel.com\/v3\/wp-content\/uploads\/2022\/04\/Original.png\",\"contentUrl\":\"https:\/\/timuntutravel.com\/v3\/wp-content\/uploads\/2022\/04\/Original.png\",\"width\":800,\"height\":361,\"caption\":\"Timuntu Travel\"},\"image\":{\"@id\":\"https:\/\/timuntutravel.com\/#\/schema\/logo\/image\/\"}}]}<\/script>\n<!-- \/ Yoast SEO plugin. -->","yoast_head_json":{"title":"Wari Wari - Timuntu Travel","robots":{"index":"index","follow":"follow","max-snippet":"max-snippet:-1","max-image-preview":"max-image-preview:large","max-video-preview":"max-video-preview:-1"},"canonical":"https:\/\/timuntutravel.com\/v3\/produit\/wari-wari\/","og_locale":"fr_FR","og_type":"article","og_title":"Wari Wari - Timuntu Travel","og_description":"Avec le jeu \u00ab\u00a0Wari Wari\u00a0\u00bb d\u2019o\u00f9 que l\u2019on vienne, une plong\u00e9e au c\u0153ur de l\u2019Afrique, des march\u00e9s aux \u00e9pices et ses saveurs, des rires des enfants, des mille et une odeurs, de la musique d\u2019ambiance, de la bonne humeur et de l\u2019accueil chaleureux des villages, l\u2019Afrique n\u2019a jamais \u00e9t\u00e9 aussi proche. C\u2019est ce patrimoine \u00e9conomique, [&hellip;]","og_url":"https:\/\/timuntutravel.com\/v3\/produit\/wari-wari\/","og_site_name":"Timuntu Travel","article_modified_time":"2022-11-17T08:30:55+00:00","og_image":[{"width":2880,"height":1800,"url":"https:\/\/timuntutravel.com\/v3\/wp-content\/uploads\/2022\/04\/wari-wari.png","type":"image\/png"}],"twitter_card":"summary_large_image","twitter_misc":{"Dur\u00e9e de lecture estim\u00e9e":"1 minute"},"schema":{"@context":"https:\/\/schema.org","@graph":[{"@type":"WebPage","@id":"https:\/\/timuntutravel.com\/v3\/produit\/wari-wari\/","url":"https:\/\/timuntutravel.com\/v3\/produit\/wari-wari\/","name":"Wari Wari - Timuntu Travel","isPartOf":{"@id":"https:\/\/timuntutravel.com\/#website"},"primaryImageOfPage":{"@id":"https:\/\/timuntutravel.com\/v3\/produit\/wari-wari\/#primaryimage"},"image":{"@id":"https:\/\/timuntutravel.com\/v3\/produit\/wari-wari\/#primaryimage"},"thumbnailUrl":"https:\/\/timuntutravel.com\/v3\/wp-content\/uploads\/2022\/04\/wari-wari.png","datePublished":"2022-04-16T20:26:44+00:00","dateModified":"2022-11-17T08:30:55+00:00","breadcrumb":{"@id":"https:\/\/timuntutravel.com\/v3\/produit\/wari-wari\/#breadcrumb"},"inLanguage":"fr-FR","potentialAction":[{"@type":"ReadAction","target":["https:\/\/timuntutravel.com\/v3\/produit\/wari-wari\/"]}]},{"@type":"ImageObject","inLanguage":"fr-FR","@id":"https:\/\/timuntutravel.com\/v3\/produit\/wari-wari\/#primaryimage","url":"https:\/\/timuntutravel.com\/v3\/wp-content\/uploads\/2022\/04\/wari-wari.png","contentUrl":"https:\/\/timuntutravel.com\/v3\/wp-content\/uploads\/2022\/04\/wari-wari.png","width":2880,"height":1800},{"@type":"BreadcrumbList","@id":"https:\/\/timuntutravel.com\/v3\/produit\/wari-wari\/#breadcrumb","itemListElement":[{"@type":"ListItem","position":1,"name":"Accueil","item":"https:\/\/timuntutravel.com\/v3\/"},{"@type":"ListItem","position":2,"name":"Boutique","item":"https:\/\/timuntutravel.com\/v3\/boutique\/"},{"@type":"ListItem","position":3,"name":"Wari Wari"}]},{"@type":"WebSite","@id":"https:\/\/timuntutravel.com\/#website","url":"https:\/\/timuntutravel.com\/","name":"Timuntu Travel","description":"Timuntu Travel","publisher":{"@id":"https:\/\/timuntutravel.com\/#organization"},"potentialAction":[{"@type":"SearchAction","target":{"@type":"EntryPoint","urlTemplate":"https:\/\/timuntutravel.com\/?s={search_term_string}"},"query-input":{"@type":"PropertyValueSpecification","valueRequired":true,"valueName":"search_term_string"}}],"inLanguage":"fr-FR"},{"@type":"Organization","@id":"https:\/\/timuntutravel.com\/#organization","name":"Timuntu Travel","url":"https:\/\/timuntutravel.com\/","logo":{"@type":"ImageObject","inLanguage":"fr-FR","@id":"https:\/\/timuntutravel.com\/#\/schema\/logo\/image\/","url":"https:\/\/timuntutravel.com\/v3\/wp-content\/uploads\/2022\/04\/Original.png","contentUrl":"https:\/\/timuntutravel.com\/v3\/wp-content\/uploads\/2022\/04\/Original.png","width":800,"height":361,"caption":"Timuntu Travel"},"image":{"@id":"https:\/\/timuntutravel.com\/#\/schema\/logo\/image\/"}}]}},"_links":{"self":[{"href":"https:\/\/timuntutravel.com\/v3\/wp-json\/wp\/v2\/product\/1583","targetHints":{"allow":["GET"]}}],"collection":[{"href":"https:\/\/timuntutravel.com\/v3\/wp-json\/wp\/v2\/product"}],"about":[{"href":"https:\/\/timuntutravel.com\/v3\/wp-json\/wp\/v2\/types\/product"}],"replies":[{"embeddable":true,"href":"https:\/\/timuntutravel.com\/v3\/wp-json\/wp\/v2\/comments?post=1583"}],"wp:featuredmedia":[{"embeddable":true,"href":"https:\/\/timuntutravel.com\/v3\/wp-json\/wp\/v2\/media\/1584"}],"wp:attachment":[{"href":"https:\/\/timuntutravel.com\/v3\/wp-json\/wp\/v2\/media?parent=1583"}],"wp:term":[{"taxonomy":"product_brand","embeddable":true,"href":"https:\/\/timuntutravel.com\/v3\/wp-json\/wp\/v2\/product_brand?post=1583"},{"taxonomy":"product_cat","embeddable":true,"href":"https:\/\/timuntutravel.com\/v3\/wp-json\/wp\/v2\/product_cat?post=1583"},{"taxonomy":"product_tag","embeddable":true,"href":"https:\/\/timuntutravel.com\/v3\/wp-json\/wp\/v2\/product_tag?post=1583"}],"curies":[{"name":"wp","href":"https:\/\/api.w.org\/{rel}","templated":true}]}}