{"id":1585,"date":"2022-04-16T22:33:14","date_gmt":"2022-04-16T20:33:14","guid":{"rendered":"https:\/\/timuntutravel.com\/v3\/?post_type=product&#038;p=1585"},"modified":"2022-04-16T22:33:15","modified_gmt":"2022-04-16T20:33:15","slug":"tour-dafrique","status":"publish","type":"product","link":"https:\/\/timuntutravel.com\/v3\/produit\/tour-dafrique\/","title":{"rendered":"Tour d&rsquo;Afrique"},"content":{"rendered":"<p>Tour d\u2019Afrique est un jeu de soci\u00e9t\u00e9 bas\u00e9 sur la culture g\u00e9n\u00e9rale et dont le th\u00e8me est le continent africain. Tout en parcourant virtuellement l\u2019Afrique, les joueurs sont invit\u00e9s \u00e0 r\u00e9pondre \u00e0 des questions \u00e0 choix multiples sur les arts, la nature, la g\u00e9ogra phie, les sports et l\u2019histoire du continent.<\/p>\n<p>Le jeu contient plus de 1 200 questions.<\/p>\n<p>Un jeu \u00e0 fort potentiel \u00e9ducatif, un v\u00e9hicule de la connaissance, une porte ouverte sur le savoir.<br \/>\nLe jeu est disponible en fran\u00e7ais<\/p>\n<p>Les d\u00e9lais de livraison sont de trois \u00e0 six jours ouvrables. Nous ne livrons pas r\u00e9guli\u00e8rement en Am\u00e9rique du Nord ou en Afrique car les prix sont trop \u00e9lev\u00e9s.<br \/>\nNous avons deux formules :<br \/>\n\u2013 Relais Mondial R68.91 Belgique et France R121.29<br \/>\n\u2013 Via la Poste R148.85 pour la Belgique et R301.38 pour la France.<\/p>\n","protected":false},"excerpt":{"rendered":"<p>Tour d\u2019Afrique est un jeu de soci\u00e9t\u00e9 bas\u00e9 sur la culture g\u00e9n\u00e9rale et dont le th\u00e8me est le continent africain. Tout en parcourant virtuellement l\u2019Afrique, les joueurs sont invit\u00e9s \u00e0 r\u00e9pondre \u00e0 des questions \u00e0 choix multiples sur les arts, la nature, la g\u00e9ogra phie, les sports et l\u2019histoire du continent.<\/p>\n","protected":false},"featured_media":5719,"comment_status":"open","ping_status":"closed","template":"","meta":{"_acf_changed":false,"_jet_sm_ready_style":"","_jet_sm_style":"","_jet_sm_controls_values":"","_jet_sm_fonts_collection":"","_jet_sm_fonts_links":""},"product_brand":[],"product_cat":[214],"product_tag":[],"class_list":{"0":"post-1585","1":"product","2":"type-product","3":"status-publish","4":"has-post-thumbnail","6":"product_cat-jeux","8":"first","9":"instock","10":"shipping-taxable","11":"purchasable","12":"product-type-simple"},"acf":[],"yoast_head":"<!-- This site is optimized with the Yoast SEO plugin v25.4 - https:\/\/yoast.com\/wordpress\/plugins\/seo\/ -->\n<title>Tour d&#039;Afrique - Timuntu Travel<\/title>\n<meta name=\"robots\" content=\"index, follow, max-snippet:-1, max-image-preview:large, max-video-preview:-1\" \/>\n<link rel=\"canonical\" href=\"https:\/\/timuntutravel.com\/v3\/produit\/tour-dafrique\/\" \/>\n<meta property=\"og:locale\" content=\"fr_FR\" \/>\n<meta property=\"og:type\" content=\"article\" \/>\n<meta property=\"og:title\" content=\"Tour d&#039;Afrique - Timuntu Travel\" \/>\n<meta property=\"og:description\" content=\"Tour d\u2019Afrique est un jeu de soci\u00e9t\u00e9 bas\u00e9 sur la culture g\u00e9n\u00e9rale et dont le th\u00e8me est le continent africain. Tout en parcourant virtuellement l\u2019Afrique, les joueurs sont invit\u00e9s \u00e0 r\u00e9pondre \u00e0 des questions \u00e0 choix multiples sur les arts, la nature, la g\u00e9ogra phie, les sports et l\u2019histoire du continent.\" \/>\n<meta property=\"og:url\" content=\"https:\/\/timuntutravel.com\/v3\/produit\/tour-dafrique\/\" \/>\n<meta property=\"og:site_name\" content=\"Timuntu Travel\" \/>\n<meta property=\"article:modified_time\" content=\"2022-04-16T20:33:15+00:00\" \/>\n<meta property=\"og:image\" content=\"https:\/\/timuntutravel.com\/v3\/wp-content\/uploads\/2019\/02\/Argentina-12.jpg\" \/>\n\t<meta property=\"og:image:width\" content=\"1440\" \/>\n\t<meta property=\"og:image:height\" content=\"800\" \/>\n\t<meta property=\"og:image:type\" content=\"image\/jpeg\" \/>\n<meta name=\"twitter:card\" content=\"summary_large_image\" \/>\n<meta name=\"twitter:label1\" content=\"Dur\u00e9e de lecture estim\u00e9e\" \/>\n\t<meta name=\"twitter:data1\" content=\"1 minute\" \/>\n<script type=\"application\/ld+json\" class=\"yoast-schema-graph\">{\"@context\":\"https:\/\/schema.org\",\"@graph\":[{\"@type\":\"WebPage\",\"@id\":\"https:\/\/timuntutravel.com\/v3\/produit\/tour-dafrique\/\",\"url\":\"https:\/\/timuntutravel.com\/v3\/produit\/tour-dafrique\/\",\"name\":\"Tour d'Afrique - Timuntu Travel\",\"isPartOf\":{\"@id\":\"https:\/\/timuntutravel.com\/#website\"},\"primaryImageOfPage\":{\"@id\":\"https:\/\/timuntutravel.com\/v3\/produit\/tour-dafrique\/#primaryimage\"},\"image\":{\"@id\":\"https:\/\/timuntutravel.com\/v3\/produit\/tour-dafrique\/#primaryimage\"},\"thumbnailUrl\":\"https:\/\/timuntutravel.com\/v3\/wp-content\/uploads\/2019\/02\/Argentina-12.jpg\",\"datePublished\":\"2022-04-16T20:33:14+00:00\",\"dateModified\":\"2022-04-16T20:33:15+00:00\",\"breadcrumb\":{\"@id\":\"https:\/\/timuntutravel.com\/v3\/produit\/tour-dafrique\/#breadcrumb\"},\"inLanguage\":\"fr-FR\",\"potentialAction\":[{\"@type\":\"ReadAction\",\"target\":[\"https:\/\/timuntutravel.com\/v3\/produit\/tour-dafrique\/\"]}]},{\"@type\":\"ImageObject\",\"inLanguage\":\"fr-FR\",\"@id\":\"https:\/\/timuntutravel.com\/v3\/produit\/tour-dafrique\/#primaryimage\",\"url\":\"https:\/\/timuntutravel.com\/v3\/wp-content\/uploads\/2019\/02\/Argentina-12.jpg\",\"contentUrl\":\"https:\/\/timuntutravel.com\/v3\/wp-content\/uploads\/2019\/02\/Argentina-12.jpg\",\"width\":1440,\"height\":800},{\"@type\":\"BreadcrumbList\",\"@id\":\"https:\/\/timuntutravel.com\/v3\/produit\/tour-dafrique\/#breadcrumb\",\"itemListElement\":[{\"@type\":\"ListItem\",\"position\":1,\"name\":\"Accueil\",\"item\":\"https:\/\/timuntutravel.com\/v3\/\"},{\"@type\":\"ListItem\",\"position\":2,\"name\":\"Boutique\",\"item\":\"https:\/\/timuntutravel.com\/v3\/boutique\/\"},{\"@type\":\"ListItem\",\"position\":3,\"name\":\"Tour d&rsquo;Afrique\"}]},{\"@type\":\"WebSite\",\"@id\":\"https:\/\/timuntutravel.com\/#website\",\"url\":\"https:\/\/timuntutravel.com\/\",\"name\":\"Timuntu Travel\",\"description\":\"Timuntu Travel\",\"publisher\":{\"@id\":\"https:\/\/timuntutravel.com\/#organization\"},\"potentialAction\":[{\"@type\":\"SearchAction\",\"target\":{\"@type\":\"EntryPoint\",\"urlTemplate\":\"https:\/\/timuntutravel.com\/?s={search_term_string}\"},\"query-input\":{\"@type\":\"PropertyValueSpecification\",\"valueRequired\":true,\"valueName\":\"search_term_string\"}}],\"inLanguage\":\"fr-FR\"},{\"@type\":\"Organization\",\"@id\":\"https:\/\/timuntutravel.com\/#organization\",\"name\":\"Timuntu Travel\",\"url\":\"https:\/\/timuntutravel.com\/\",\"logo\":{\"@type\":\"ImageObject\",\"inLanguage\":\"fr-FR\",\"@id\":\"https:\/\/timuntutravel.com\/#\/schema\/logo\/image\/\",\"url\":\"https:\/\/timuntutravel.com\/v3\/wp-content\/uploads\/2022\/04\/Original.png\",\"contentUrl\":\"https:\/\/timuntutravel.com\/v3\/wp-content\/uploads\/2022\/04\/Original.png\",\"width\":800,\"height\":361,\"caption\":\"Timuntu Travel\"},\"image\":{\"@id\":\"https:\/\/timuntutravel.com\/#\/schema\/logo\/image\/\"}}]}<\/script>\n<!-- \/ Yoast SEO plugin. -->","yoast_head_json":{"title":"Tour d'Afrique - Timuntu Travel","robots":{"index":"index","follow":"follow","max-snippet":"max-snippet:-1","max-image-preview":"max-image-preview:large","max-video-preview":"max-video-preview:-1"},"canonical":"https:\/\/timuntutravel.com\/v3\/produit\/tour-dafrique\/","og_locale":"fr_FR","og_type":"article","og_title":"Tour d'Afrique - Timuntu Travel","og_description":"Tour d\u2019Afrique est un jeu de soci\u00e9t\u00e9 bas\u00e9 sur la culture g\u00e9n\u00e9rale et dont le th\u00e8me est le continent africain. Tout en parcourant virtuellement l\u2019Afrique, les joueurs sont invit\u00e9s \u00e0 r\u00e9pondre \u00e0 des questions \u00e0 choix multiples sur les arts, la nature, la g\u00e9ogra phie, les sports et l\u2019histoire du continent.","og_url":"https:\/\/timuntutravel.com\/v3\/produit\/tour-dafrique\/","og_site_name":"Timuntu Travel","article_modified_time":"2022-04-16T20:33:15+00:00","og_image":[{"width":1440,"height":800,"url":"https:\/\/timuntutravel.com\/v3\/wp-content\/uploads\/2019\/02\/Argentina-12.jpg","type":"image\/jpeg"}],"twitter_card":"summary_large_image","twitter_misc":{"Dur\u00e9e de lecture estim\u00e9e":"1 minute"},"schema":{"@context":"https:\/\/schema.org","@graph":[{"@type":"WebPage","@id":"https:\/\/timuntutravel.com\/v3\/produit\/tour-dafrique\/","url":"https:\/\/timuntutravel.com\/v3\/produit\/tour-dafrique\/","name":"Tour d'Afrique - Timuntu Travel","isPartOf":{"@id":"https:\/\/timuntutravel.com\/#website"},"primaryImageOfPage":{"@id":"https:\/\/timuntutravel.com\/v3\/produit\/tour-dafrique\/#primaryimage"},"image":{"@id":"https:\/\/timuntutravel.com\/v3\/produit\/tour-dafrique\/#primaryimage"},"thumbnailUrl":"https:\/\/timuntutravel.com\/v3\/wp-content\/uploads\/2019\/02\/Argentina-12.jpg","datePublished":"2022-04-16T20:33:14+00:00","dateModified":"2022-04-16T20:33:15+00:00","breadcrumb":{"@id":"https:\/\/timuntutravel.com\/v3\/produit\/tour-dafrique\/#breadcrumb"},"inLanguage":"fr-FR","potentialAction":[{"@type":"ReadAction","target":["https:\/\/timuntutravel.com\/v3\/produit\/tour-dafrique\/"]}]},{"@type":"ImageObject","inLanguage":"fr-FR","@id":"https:\/\/timuntutravel.com\/v3\/produit\/tour-dafrique\/#primaryimage","url":"https:\/\/timuntutravel.com\/v3\/wp-content\/uploads\/2019\/02\/Argentina-12.jpg","contentUrl":"https:\/\/timuntutravel.com\/v3\/wp-content\/uploads\/2019\/02\/Argentina-12.jpg","width":1440,"height":800},{"@type":"BreadcrumbList","@id":"https:\/\/timuntutravel.com\/v3\/produit\/tour-dafrique\/#breadcrumb","itemListElement":[{"@type":"ListItem","position":1,"name":"Accueil","item":"https:\/\/timuntutravel.com\/v3\/"},{"@type":"ListItem","position":2,"name":"Boutique","item":"https:\/\/timuntutravel.com\/v3\/boutique\/"},{"@type":"ListItem","position":3,"name":"Tour d&rsquo;Afrique"}]},{"@type":"WebSite","@id":"https:\/\/timuntutravel.com\/#website","url":"https:\/\/timuntutravel.com\/","name":"Timuntu Travel","description":"Timuntu Travel","publisher":{"@id":"https:\/\/timuntutravel.com\/#organization"},"potentialAction":[{"@type":"SearchAction","target":{"@type":"EntryPoint","urlTemplate":"https:\/\/timuntutravel.com\/?s={search_term_string}"},"query-input":{"@type":"PropertyValueSpecification","valueRequired":true,"valueName":"search_term_string"}}],"inLanguage":"fr-FR"},{"@type":"Organization","@id":"https:\/\/timuntutravel.com\/#organization","name":"Timuntu Travel","url":"https:\/\/timuntutravel.com\/","logo":{"@type":"ImageObject","inLanguage":"fr-FR","@id":"https:\/\/timuntutravel.com\/#\/schema\/logo\/image\/","url":"https:\/\/timuntutravel.com\/v3\/wp-content\/uploads\/2022\/04\/Original.png","contentUrl":"https:\/\/timuntutravel.com\/v3\/wp-content\/uploads\/2022\/04\/Original.png","width":800,"height":361,"caption":"Timuntu Travel"},"image":{"@id":"https:\/\/timuntutravel.com\/#\/schema\/logo\/image\/"}}]}},"_links":{"self":[{"href":"https:\/\/timuntutravel.com\/v3\/wp-json\/wp\/v2\/product\/1585","targetHints":{"allow":["GET"]}}],"collection":[{"href":"https:\/\/timuntutravel.com\/v3\/wp-json\/wp\/v2\/product"}],"about":[{"href":"https:\/\/timuntutravel.com\/v3\/wp-json\/wp\/v2\/types\/product"}],"replies":[{"embeddable":true,"href":"https:\/\/timuntutravel.com\/v3\/wp-json\/wp\/v2\/comments?post=1585"}],"wp:featuredmedia":[{"embeddable":true,"href":"https:\/\/timuntutravel.com\/v3\/wp-json\/wp\/v2\/media\/5719"}],"wp:attachment":[{"href":"https:\/\/timuntutravel.com\/v3\/wp-json\/wp\/v2\/media?parent=1585"}],"wp:term":[{"taxonomy":"product_brand","embeddable":true,"href":"https:\/\/timuntutravel.com\/v3\/wp-json\/wp\/v2\/product_brand?post=1585"},{"taxonomy":"product_cat","embeddable":true,"href":"https:\/\/timuntutravel.com\/v3\/wp-json\/wp\/v2\/product_cat?post=1585"},{"taxonomy":"product_tag","embeddable":true,"href":"https:\/\/timuntutravel.com\/v3\/wp-json\/wp\/v2\/product_tag?post=1585"}],"curies":[{"name":"wp","href":"https:\/\/api.w.org\/{rel}","templated":true}]}}