{"id":1595,"date":"2022-04-16T22:46:36","date_gmt":"2022-04-16T20:46:36","guid":{"rendered":"https:\/\/timuntutravel.com\/v3\/?post_type=product&#038;p=1595"},"modified":"2022-04-16T22:46:37","modified_gmt":"2022-04-16T20:46:37","slug":"el-rhysh","status":"publish","type":"product","link":"https:\/\/timuntutravel.com\/v3\/produit\/el-rhysh\/","title":{"rendered":"El R&rsquo;hysh"},"content":{"rendered":"<p>Vous avez besoin de voyages culinaires, de recettes authentiques revisit\u00e9es aux saveurs originales, de la gastronomie fran\u00e7aise aux notes exotiques ?<\/p>\n<p>Ces confitures artisanales porteront haut les couleurs et les saveurs de la tradition ivoirienne. Nous souhaitons vous emmener dans un v\u00e9ritable voyage de saveurs en vous faisant d\u00e9couvrir des produits de qualit\u00e9 avec ces confitures originales, en choisissant de beaux fruits bien m\u00fbrs et en les cuisinant avec du sucre de canne en petites quantit\u00e9s.<\/p>\n<p>Nos confitures artisanales sont l\u2019expression de notre savoir-faire artisanal et industriel d\u2019excellence. Elles vous assurent une qualit\u00e9 r\u00e9sultant d\u2019une grande ma\u00eetrise des techniques traditionnelles d\u2019\u00e9laboration et de cuisson des confitures et pr\u00e9parations de fruits.<\/p>\n<p>Les confitures sont l\u00e9g\u00e8res, \u00e9co-responsables, des compotes comme \u00e0 la maison cuisin\u00e9es \u00e0 partir de morceaux de fruits, (miels), des recettes \u00e0 marier avec des fromages, des compositions de charcuterie.<\/p>\n<p>Les recettes de confitures sont disponibles en deux formats diff\u00e9rents :<br \/>\nde l\u2019individuel de 30g au traditionnel pot de 250g.<\/p>\n<p>Plus de 6 confitures traditionnelles avec une teneur en sucre plus faible (moins de 30%), des pr\u00e9parations encore plus riches en fruits avec 100% de fruits, des recettes r\u00e9alis\u00e9es \u00e0 partir de fruits issus d\u2019une agriculture \u00e9co-responsable, toujours cuites en bassine de Cuivre, \u00e0 l\u2019ancienne, selon les savoir-faire, et en petites quantit\u00e9s pour pr\u00e9server les morceaux de fruits ou le fruit entier choisi.<\/p>\n<p>Confitures traditionnelles l\u00e9g\u00e8res en pots d\u2019\u00e9picerie (30% de moins).<br \/>\n5 parfums de confitures :<br \/>\nMangue<br \/>\nMangue-ananas<br \/>\nMangue Citron<br \/>\nMangue-passion<br \/>\nMangue Gingembre<\/p>\n","protected":false},"excerpt":{"rendered":"<p>Vous avez besoin de voyages culinaires, de recettes authentiques revisit\u00e9es aux saveurs originales, de la gastronomie fran\u00e7aise aux notes exotiques ? Ces confitures artisanales porteront haut les couleurs et les saveurs de la tradition ivoirienne. Nous souhaitons vous emmener dans un v\u00e9ritable voyage de saveurs en vous faisant d\u00e9couvrir des produits de qualit\u00e9 avec ces [&hellip;]<\/p>\n","protected":false},"featured_media":1596,"comment_status":"open","ping_status":"closed","template":"","meta":{"_acf_changed":false,"_jet_sm_ready_style":"","_jet_sm_style":"","_jet_sm_controls_values":"","_jet_sm_fonts_collection":"","_jet_sm_fonts_links":""},"product_brand":[],"product_cat":[216],"product_tag":[],"class_list":{"0":"post-1595","1":"product","2":"type-product","3":"status-publish","4":"has-post-thumbnail","6":"product_cat-gastronomie","8":"first","9":"instock","10":"shipping-taxable","11":"purchasable","12":"product-type-simple"},"acf":[],"yoast_head":"<!-- This site is optimized with the Yoast SEO plugin v25.4 - https:\/\/yoast.com\/wordpress\/plugins\/seo\/ -->\n<title>El R&#039;hysh - Timuntu Travel<\/title>\n<meta name=\"robots\" content=\"index, follow, max-snippet:-1, max-image-preview:large, max-video-preview:-1\" \/>\n<link rel=\"canonical\" href=\"https:\/\/timuntutravel.com\/v3\/produit\/el-rhysh\/\" \/>\n<meta property=\"og:locale\" content=\"fr_FR\" \/>\n<meta property=\"og:type\" content=\"article\" \/>\n<meta property=\"og:title\" content=\"El R&#039;hysh - Timuntu Travel\" \/>\n<meta property=\"og:description\" content=\"Vous avez besoin de voyages culinaires, de recettes authentiques revisit\u00e9es aux saveurs originales, de la gastronomie fran\u00e7aise aux notes exotiques ? Ces confitures artisanales porteront haut les couleurs et les saveurs de la tradition ivoirienne. Nous souhaitons vous emmener dans un v\u00e9ritable voyage de saveurs en vous faisant d\u00e9couvrir des produits de qualit\u00e9 avec ces [&hellip;]\" \/>\n<meta property=\"og:url\" content=\"https:\/\/timuntutravel.com\/v3\/produit\/el-rhysh\/\" \/>\n<meta property=\"og:site_name\" content=\"Timuntu Travel\" \/>\n<meta property=\"article:modified_time\" content=\"2022-04-16T20:46:37+00:00\" \/>\n<meta property=\"og:image\" content=\"https:\/\/timuntutravel.com\/v3\/wp-content\/uploads\/2022\/04\/rish-1024x640.png\" \/>\n\t<meta property=\"og:image:width\" content=\"1024\" \/>\n\t<meta property=\"og:image:height\" content=\"640\" \/>\n\t<meta property=\"og:image:type\" content=\"image\/png\" \/>\n<meta name=\"twitter:card\" content=\"summary_large_image\" \/>\n<meta name=\"twitter:label1\" content=\"Dur\u00e9e de lecture estim\u00e9e\" \/>\n\t<meta name=\"twitter:data1\" content=\"1 minute\" \/>\n<script type=\"application\/ld+json\" class=\"yoast-schema-graph\">{\"@context\":\"https:\/\/schema.org\",\"@graph\":[{\"@type\":\"WebPage\",\"@id\":\"https:\/\/timuntutravel.com\/v3\/produit\/el-rhysh\/\",\"url\":\"https:\/\/timuntutravel.com\/v3\/produit\/el-rhysh\/\",\"name\":\"El R'hysh - Timuntu Travel\",\"isPartOf\":{\"@id\":\"https:\/\/timuntutravel.com\/#website\"},\"primaryImageOfPage\":{\"@id\":\"https:\/\/timuntutravel.com\/v3\/produit\/el-rhysh\/#primaryimage\"},\"image\":{\"@id\":\"https:\/\/timuntutravel.com\/v3\/produit\/el-rhysh\/#primaryimage\"},\"thumbnailUrl\":\"https:\/\/timuntutravel.com\/v3\/wp-content\/uploads\/2022\/04\/rish.png\",\"datePublished\":\"2022-04-16T20:46:36+00:00\",\"dateModified\":\"2022-04-16T20:46:37+00:00\",\"breadcrumb\":{\"@id\":\"https:\/\/timuntutravel.com\/v3\/produit\/el-rhysh\/#breadcrumb\"},\"inLanguage\":\"fr-FR\",\"potentialAction\":[{\"@type\":\"ReadAction\",\"target\":[\"https:\/\/timuntutravel.com\/v3\/produit\/el-rhysh\/\"]}]},{\"@type\":\"ImageObject\",\"inLanguage\":\"fr-FR\",\"@id\":\"https:\/\/timuntutravel.com\/v3\/produit\/el-rhysh\/#primaryimage\",\"url\":\"https:\/\/timuntutravel.com\/v3\/wp-content\/uploads\/2022\/04\/rish.png\",\"contentUrl\":\"https:\/\/timuntutravel.com\/v3\/wp-content\/uploads\/2022\/04\/rish.png\",\"width\":2880,\"height\":1800},{\"@type\":\"BreadcrumbList\",\"@id\":\"https:\/\/timuntutravel.com\/v3\/produit\/el-rhysh\/#breadcrumb\",\"itemListElement\":[{\"@type\":\"ListItem\",\"position\":1,\"name\":\"Accueil\",\"item\":\"https:\/\/timuntutravel.com\/v3\/\"},{\"@type\":\"ListItem\",\"position\":2,\"name\":\"Boutique\",\"item\":\"https:\/\/timuntutravel.com\/v3\/boutique\/\"},{\"@type\":\"ListItem\",\"position\":3,\"name\":\"El R&rsquo;hysh\"}]},{\"@type\":\"WebSite\",\"@id\":\"https:\/\/timuntutravel.com\/#website\",\"url\":\"https:\/\/timuntutravel.com\/\",\"name\":\"Timuntu Travel\",\"description\":\"Timuntu Travel\",\"publisher\":{\"@id\":\"https:\/\/timuntutravel.com\/#organization\"},\"potentialAction\":[{\"@type\":\"SearchAction\",\"target\":{\"@type\":\"EntryPoint\",\"urlTemplate\":\"https:\/\/timuntutravel.com\/?s={search_term_string}\"},\"query-input\":{\"@type\":\"PropertyValueSpecification\",\"valueRequired\":true,\"valueName\":\"search_term_string\"}}],\"inLanguage\":\"fr-FR\"},{\"@type\":\"Organization\",\"@id\":\"https:\/\/timuntutravel.com\/#organization\",\"name\":\"Timuntu Travel\",\"url\":\"https:\/\/timuntutravel.com\/\",\"logo\":{\"@type\":\"ImageObject\",\"inLanguage\":\"fr-FR\",\"@id\":\"https:\/\/timuntutravel.com\/#\/schema\/logo\/image\/\",\"url\":\"https:\/\/timuntutravel.com\/v3\/wp-content\/uploads\/2022\/04\/Original.png\",\"contentUrl\":\"https:\/\/timuntutravel.com\/v3\/wp-content\/uploads\/2022\/04\/Original.png\",\"width\":800,\"height\":361,\"caption\":\"Timuntu Travel\"},\"image\":{\"@id\":\"https:\/\/timuntutravel.com\/#\/schema\/logo\/image\/\"}}]}<\/script>\n<!-- \/ Yoast SEO plugin. -->","yoast_head_json":{"title":"El R'hysh - Timuntu Travel","robots":{"index":"index","follow":"follow","max-snippet":"max-snippet:-1","max-image-preview":"max-image-preview:large","max-video-preview":"max-video-preview:-1"},"canonical":"https:\/\/timuntutravel.com\/v3\/produit\/el-rhysh\/","og_locale":"fr_FR","og_type":"article","og_title":"El R'hysh - Timuntu Travel","og_description":"Vous avez besoin de voyages culinaires, de recettes authentiques revisit\u00e9es aux saveurs originales, de la gastronomie fran\u00e7aise aux notes exotiques ? Ces confitures artisanales porteront haut les couleurs et les saveurs de la tradition ivoirienne. Nous souhaitons vous emmener dans un v\u00e9ritable voyage de saveurs en vous faisant d\u00e9couvrir des produits de qualit\u00e9 avec ces [&hellip;]","og_url":"https:\/\/timuntutravel.com\/v3\/produit\/el-rhysh\/","og_site_name":"Timuntu Travel","article_modified_time":"2022-04-16T20:46:37+00:00","og_image":[{"width":1024,"height":640,"url":"https:\/\/timuntutravel.com\/v3\/wp-content\/uploads\/2022\/04\/rish-1024x640.png","type":"image\/png"}],"twitter_card":"summary_large_image","twitter_misc":{"Dur\u00e9e de lecture estim\u00e9e":"1 minute"},"schema":{"@context":"https:\/\/schema.org","@graph":[{"@type":"WebPage","@id":"https:\/\/timuntutravel.com\/v3\/produit\/el-rhysh\/","url":"https:\/\/timuntutravel.com\/v3\/produit\/el-rhysh\/","name":"El R'hysh - Timuntu Travel","isPartOf":{"@id":"https:\/\/timuntutravel.com\/#website"},"primaryImageOfPage":{"@id":"https:\/\/timuntutravel.com\/v3\/produit\/el-rhysh\/#primaryimage"},"image":{"@id":"https:\/\/timuntutravel.com\/v3\/produit\/el-rhysh\/#primaryimage"},"thumbnailUrl":"https:\/\/timuntutravel.com\/v3\/wp-content\/uploads\/2022\/04\/rish.png","datePublished":"2022-04-16T20:46:36+00:00","dateModified":"2022-04-16T20:46:37+00:00","breadcrumb":{"@id":"https:\/\/timuntutravel.com\/v3\/produit\/el-rhysh\/#breadcrumb"},"inLanguage":"fr-FR","potentialAction":[{"@type":"ReadAction","target":["https:\/\/timuntutravel.com\/v3\/produit\/el-rhysh\/"]}]},{"@type":"ImageObject","inLanguage":"fr-FR","@id":"https:\/\/timuntutravel.com\/v3\/produit\/el-rhysh\/#primaryimage","url":"https:\/\/timuntutravel.com\/v3\/wp-content\/uploads\/2022\/04\/rish.png","contentUrl":"https:\/\/timuntutravel.com\/v3\/wp-content\/uploads\/2022\/04\/rish.png","width":2880,"height":1800},{"@type":"BreadcrumbList","@id":"https:\/\/timuntutravel.com\/v3\/produit\/el-rhysh\/#breadcrumb","itemListElement":[{"@type":"ListItem","position":1,"name":"Accueil","item":"https:\/\/timuntutravel.com\/v3\/"},{"@type":"ListItem","position":2,"name":"Boutique","item":"https:\/\/timuntutravel.com\/v3\/boutique\/"},{"@type":"ListItem","position":3,"name":"El R&rsquo;hysh"}]},{"@type":"WebSite","@id":"https:\/\/timuntutravel.com\/#website","url":"https:\/\/timuntutravel.com\/","name":"Timuntu Travel","description":"Timuntu Travel","publisher":{"@id":"https:\/\/timuntutravel.com\/#organization"},"potentialAction":[{"@type":"SearchAction","target":{"@type":"EntryPoint","urlTemplate":"https:\/\/timuntutravel.com\/?s={search_term_string}"},"query-input":{"@type":"PropertyValueSpecification","valueRequired":true,"valueName":"search_term_string"}}],"inLanguage":"fr-FR"},{"@type":"Organization","@id":"https:\/\/timuntutravel.com\/#organization","name":"Timuntu Travel","url":"https:\/\/timuntutravel.com\/","logo":{"@type":"ImageObject","inLanguage":"fr-FR","@id":"https:\/\/timuntutravel.com\/#\/schema\/logo\/image\/","url":"https:\/\/timuntutravel.com\/v3\/wp-content\/uploads\/2022\/04\/Original.png","contentUrl":"https:\/\/timuntutravel.com\/v3\/wp-content\/uploads\/2022\/04\/Original.png","width":800,"height":361,"caption":"Timuntu Travel"},"image":{"@id":"https:\/\/timuntutravel.com\/#\/schema\/logo\/image\/"}}]}},"_links":{"self":[{"href":"https:\/\/timuntutravel.com\/v3\/wp-json\/wp\/v2\/product\/1595","targetHints":{"allow":["GET"]}}],"collection":[{"href":"https:\/\/timuntutravel.com\/v3\/wp-json\/wp\/v2\/product"}],"about":[{"href":"https:\/\/timuntutravel.com\/v3\/wp-json\/wp\/v2\/types\/product"}],"replies":[{"embeddable":true,"href":"https:\/\/timuntutravel.com\/v3\/wp-json\/wp\/v2\/comments?post=1595"}],"wp:featuredmedia":[{"embeddable":true,"href":"https:\/\/timuntutravel.com\/v3\/wp-json\/wp\/v2\/media\/1596"}],"wp:attachment":[{"href":"https:\/\/timuntutravel.com\/v3\/wp-json\/wp\/v2\/media?parent=1595"}],"wp:term":[{"taxonomy":"product_brand","embeddable":true,"href":"https:\/\/timuntutravel.com\/v3\/wp-json\/wp\/v2\/product_brand?post=1595"},{"taxonomy":"product_cat","embeddable":true,"href":"https:\/\/timuntutravel.com\/v3\/wp-json\/wp\/v2\/product_cat?post=1595"},{"taxonomy":"product_tag","embeddable":true,"href":"https:\/\/timuntutravel.com\/v3\/wp-json\/wp\/v2\/product_tag?post=1595"}],"curies":[{"name":"wp","href":"https:\/\/api.w.org\/{rel}","templated":true}]}}