{"id":1597,"date":"2022-04-16T22:53:12","date_gmt":"2022-04-16T20:53:12","guid":{"rendered":"https:\/\/timuntutravel.com\/v3\/?post_type=product&#038;p=1597"},"modified":"2022-04-16T22:53:13","modified_gmt":"2022-04-16T20:53:13","slug":"africa-blossoms","status":"publish","type":"product","link":"https:\/\/timuntutravel.com\/v3\/produit\/africa-blossoms\/","title":{"rendered":"Africa Blossoms"},"content":{"rendered":"<p>C\u2019est en novembre 2020, que les biscuits Africa Blossoms ont \u00e9t\u00e9 lanc\u00e9s. Cette marque permet de raconter l\u2019Afrique aux gourmands curieux gr\u00e2ce \u00e0 un concept ludique et culturel. On retrouve dans ces bo\u00eetes des biscuits sucr\u00e9s aux \u00e9pices africaines afin d\u2019offrir un v\u00e9ritable voyage gustatif.<\/p>\n<p>A travers les produits Africa Blosooms, l\u2019envie d\u2019allier culture et gourmandise est n\u00e9e, vous permettant de d\u00e9couvrir tout un continent.<\/p>\n<p>Vous trouverez dans votre colis 12 biscuits aux \u00e9pices africaines ainsi qu\u2019une carte historique de l\u2019Afrique.<br \/>\nLes produits sont sans conservateurs ni additifs, faits maison avec passion et douceur \u00e0 partir d\u2019ingr\u00e9dients de qualit\u00e9. Les \u00e9pices proviennent d\u2019Afrique et les sacs sont en plastique \u00e9co-responsable \u00e0 base d\u2019amidon de ma\u00efs.<\/p>\n","protected":false},"excerpt":{"rendered":"<p>C\u2019est en novembre 2020, que les biscuits Africa Blossoms ont \u00e9t\u00e9 lanc\u00e9s. Cette marque permet de raconter l\u2019Afrique aux gourmands curieux gr\u00e2ce \u00e0 un concept ludique et culturel. On retrouve dans ces bo\u00eetes des biscuits sucr\u00e9s aux \u00e9pices africaines afin d\u2019offrir un v\u00e9ritable voyage gustatif.<\/p>\n","protected":false},"featured_media":5723,"comment_status":"open","ping_status":"closed","template":"","meta":{"_acf_changed":false,"_jet_sm_ready_style":"","_jet_sm_style":"","_jet_sm_controls_values":"","_jet_sm_fonts_collection":"","_jet_sm_fonts_links":""},"product_brand":[],"product_cat":[216],"product_tag":[],"class_list":{"0":"post-1597","1":"product","2":"type-product","3":"status-publish","4":"has-post-thumbnail","6":"product_cat-gastronomie","8":"first","9":"instock","10":"shipping-taxable","11":"purchasable","12":"product-type-simple"},"acf":[],"yoast_head":"<!-- This site is optimized with the Yoast SEO plugin v25.4 - https:\/\/yoast.com\/wordpress\/plugins\/seo\/ -->\n<title>Africa Blossoms - Timuntu Travel<\/title>\n<meta name=\"robots\" content=\"index, follow, max-snippet:-1, max-image-preview:large, max-video-preview:-1\" \/>\n<link rel=\"canonical\" href=\"https:\/\/timuntutravel.com\/v3\/produit\/africa-blossoms\/\" \/>\n<meta property=\"og:locale\" content=\"fr_FR\" \/>\n<meta property=\"og:type\" content=\"article\" \/>\n<meta property=\"og:title\" content=\"Africa Blossoms - Timuntu Travel\" \/>\n<meta property=\"og:description\" content=\"C\u2019est en novembre 2020, que les biscuits Africa Blossoms ont \u00e9t\u00e9 lanc\u00e9s. Cette marque permet de raconter l\u2019Afrique aux gourmands curieux gr\u00e2ce \u00e0 un concept ludique et culturel. On retrouve dans ces bo\u00eetes des biscuits sucr\u00e9s aux \u00e9pices africaines afin d\u2019offrir un v\u00e9ritable voyage gustatif.\" \/>\n<meta property=\"og:url\" content=\"https:\/\/timuntutravel.com\/v3\/produit\/africa-blossoms\/\" \/>\n<meta property=\"og:site_name\" content=\"Timuntu Travel\" \/>\n<meta property=\"article:modified_time\" content=\"2022-04-16T20:53:13+00:00\" \/>\n<meta property=\"og:image\" content=\"https:\/\/timuntutravel.com\/v3\/wp-content\/uploads\/2019\/02\/Poland-12.jpg\" \/>\n\t<meta property=\"og:image:width\" content=\"1440\" \/>\n\t<meta property=\"og:image:height\" content=\"800\" \/>\n\t<meta property=\"og:image:type\" content=\"image\/jpeg\" \/>\n<meta name=\"twitter:card\" content=\"summary_large_image\" \/>\n<meta name=\"twitter:label1\" content=\"Dur\u00e9e de lecture estim\u00e9e\" \/>\n\t<meta name=\"twitter:data1\" content=\"1 minute\" \/>\n<script type=\"application\/ld+json\" class=\"yoast-schema-graph\">{\"@context\":\"https:\/\/schema.org\",\"@graph\":[{\"@type\":\"WebPage\",\"@id\":\"https:\/\/timuntutravel.com\/v3\/produit\/africa-blossoms\/\",\"url\":\"https:\/\/timuntutravel.com\/v3\/produit\/africa-blossoms\/\",\"name\":\"Africa Blossoms - Timuntu Travel\",\"isPartOf\":{\"@id\":\"https:\/\/timuntutravel.com\/#website\"},\"primaryImageOfPage\":{\"@id\":\"https:\/\/timuntutravel.com\/v3\/produit\/africa-blossoms\/#primaryimage\"},\"image\":{\"@id\":\"https:\/\/timuntutravel.com\/v3\/produit\/africa-blossoms\/#primaryimage\"},\"thumbnailUrl\":\"https:\/\/timuntutravel.com\/v3\/wp-content\/uploads\/2019\/02\/Poland-12.jpg\",\"datePublished\":\"2022-04-16T20:53:12+00:00\",\"dateModified\":\"2022-04-16T20:53:13+00:00\",\"breadcrumb\":{\"@id\":\"https:\/\/timuntutravel.com\/v3\/produit\/africa-blossoms\/#breadcrumb\"},\"inLanguage\":\"fr-FR\",\"potentialAction\":[{\"@type\":\"ReadAction\",\"target\":[\"https:\/\/timuntutravel.com\/v3\/produit\/africa-blossoms\/\"]}]},{\"@type\":\"ImageObject\",\"inLanguage\":\"fr-FR\",\"@id\":\"https:\/\/timuntutravel.com\/v3\/produit\/africa-blossoms\/#primaryimage\",\"url\":\"https:\/\/timuntutravel.com\/v3\/wp-content\/uploads\/2019\/02\/Poland-12.jpg\",\"contentUrl\":\"https:\/\/timuntutravel.com\/v3\/wp-content\/uploads\/2019\/02\/Poland-12.jpg\",\"width\":1440,\"height\":800},{\"@type\":\"BreadcrumbList\",\"@id\":\"https:\/\/timuntutravel.com\/v3\/produit\/africa-blossoms\/#breadcrumb\",\"itemListElement\":[{\"@type\":\"ListItem\",\"position\":1,\"name\":\"Accueil\",\"item\":\"https:\/\/timuntutravel.com\/v3\/\"},{\"@type\":\"ListItem\",\"position\":2,\"name\":\"Boutique\",\"item\":\"https:\/\/timuntutravel.com\/v3\/boutique\/\"},{\"@type\":\"ListItem\",\"position\":3,\"name\":\"Africa Blossoms\"}]},{\"@type\":\"WebSite\",\"@id\":\"https:\/\/timuntutravel.com\/#website\",\"url\":\"https:\/\/timuntutravel.com\/\",\"name\":\"Timuntu Travel\",\"description\":\"Timuntu Travel\",\"publisher\":{\"@id\":\"https:\/\/timuntutravel.com\/#organization\"},\"potentialAction\":[{\"@type\":\"SearchAction\",\"target\":{\"@type\":\"EntryPoint\",\"urlTemplate\":\"https:\/\/timuntutravel.com\/?s={search_term_string}\"},\"query-input\":{\"@type\":\"PropertyValueSpecification\",\"valueRequired\":true,\"valueName\":\"search_term_string\"}}],\"inLanguage\":\"fr-FR\"},{\"@type\":\"Organization\",\"@id\":\"https:\/\/timuntutravel.com\/#organization\",\"name\":\"Timuntu Travel\",\"url\":\"https:\/\/timuntutravel.com\/\",\"logo\":{\"@type\":\"ImageObject\",\"inLanguage\":\"fr-FR\",\"@id\":\"https:\/\/timuntutravel.com\/#\/schema\/logo\/image\/\",\"url\":\"https:\/\/timuntutravel.com\/v3\/wp-content\/uploads\/2022\/04\/Original.png\",\"contentUrl\":\"https:\/\/timuntutravel.com\/v3\/wp-content\/uploads\/2022\/04\/Original.png\",\"width\":800,\"height\":361,\"caption\":\"Timuntu Travel\"},\"image\":{\"@id\":\"https:\/\/timuntutravel.com\/#\/schema\/logo\/image\/\"}}]}<\/script>\n<!-- \/ Yoast SEO plugin. -->","yoast_head_json":{"title":"Africa Blossoms - Timuntu Travel","robots":{"index":"index","follow":"follow","max-snippet":"max-snippet:-1","max-image-preview":"max-image-preview:large","max-video-preview":"max-video-preview:-1"},"canonical":"https:\/\/timuntutravel.com\/v3\/produit\/africa-blossoms\/","og_locale":"fr_FR","og_type":"article","og_title":"Africa Blossoms - Timuntu Travel","og_description":"C\u2019est en novembre 2020, que les biscuits Africa Blossoms ont \u00e9t\u00e9 lanc\u00e9s. Cette marque permet de raconter l\u2019Afrique aux gourmands curieux gr\u00e2ce \u00e0 un concept ludique et culturel. On retrouve dans ces bo\u00eetes des biscuits sucr\u00e9s aux \u00e9pices africaines afin d\u2019offrir un v\u00e9ritable voyage gustatif.","og_url":"https:\/\/timuntutravel.com\/v3\/produit\/africa-blossoms\/","og_site_name":"Timuntu Travel","article_modified_time":"2022-04-16T20:53:13+00:00","og_image":[{"width":1440,"height":800,"url":"https:\/\/timuntutravel.com\/v3\/wp-content\/uploads\/2019\/02\/Poland-12.jpg","type":"image\/jpeg"}],"twitter_card":"summary_large_image","twitter_misc":{"Dur\u00e9e de lecture estim\u00e9e":"1 minute"},"schema":{"@context":"https:\/\/schema.org","@graph":[{"@type":"WebPage","@id":"https:\/\/timuntutravel.com\/v3\/produit\/africa-blossoms\/","url":"https:\/\/timuntutravel.com\/v3\/produit\/africa-blossoms\/","name":"Africa Blossoms - Timuntu Travel","isPartOf":{"@id":"https:\/\/timuntutravel.com\/#website"},"primaryImageOfPage":{"@id":"https:\/\/timuntutravel.com\/v3\/produit\/africa-blossoms\/#primaryimage"},"image":{"@id":"https:\/\/timuntutravel.com\/v3\/produit\/africa-blossoms\/#primaryimage"},"thumbnailUrl":"https:\/\/timuntutravel.com\/v3\/wp-content\/uploads\/2019\/02\/Poland-12.jpg","datePublished":"2022-04-16T20:53:12+00:00","dateModified":"2022-04-16T20:53:13+00:00","breadcrumb":{"@id":"https:\/\/timuntutravel.com\/v3\/produit\/africa-blossoms\/#breadcrumb"},"inLanguage":"fr-FR","potentialAction":[{"@type":"ReadAction","target":["https:\/\/timuntutravel.com\/v3\/produit\/africa-blossoms\/"]}]},{"@type":"ImageObject","inLanguage":"fr-FR","@id":"https:\/\/timuntutravel.com\/v3\/produit\/africa-blossoms\/#primaryimage","url":"https:\/\/timuntutravel.com\/v3\/wp-content\/uploads\/2019\/02\/Poland-12.jpg","contentUrl":"https:\/\/timuntutravel.com\/v3\/wp-content\/uploads\/2019\/02\/Poland-12.jpg","width":1440,"height":800},{"@type":"BreadcrumbList","@id":"https:\/\/timuntutravel.com\/v3\/produit\/africa-blossoms\/#breadcrumb","itemListElement":[{"@type":"ListItem","position":1,"name":"Accueil","item":"https:\/\/timuntutravel.com\/v3\/"},{"@type":"ListItem","position":2,"name":"Boutique","item":"https:\/\/timuntutravel.com\/v3\/boutique\/"},{"@type":"ListItem","position":3,"name":"Africa Blossoms"}]},{"@type":"WebSite","@id":"https:\/\/timuntutravel.com\/#website","url":"https:\/\/timuntutravel.com\/","name":"Timuntu Travel","description":"Timuntu Travel","publisher":{"@id":"https:\/\/timuntutravel.com\/#organization"},"potentialAction":[{"@type":"SearchAction","target":{"@type":"EntryPoint","urlTemplate":"https:\/\/timuntutravel.com\/?s={search_term_string}"},"query-input":{"@type":"PropertyValueSpecification","valueRequired":true,"valueName":"search_term_string"}}],"inLanguage":"fr-FR"},{"@type":"Organization","@id":"https:\/\/timuntutravel.com\/#organization","name":"Timuntu Travel","url":"https:\/\/timuntutravel.com\/","logo":{"@type":"ImageObject","inLanguage":"fr-FR","@id":"https:\/\/timuntutravel.com\/#\/schema\/logo\/image\/","url":"https:\/\/timuntutravel.com\/v3\/wp-content\/uploads\/2022\/04\/Original.png","contentUrl":"https:\/\/timuntutravel.com\/v3\/wp-content\/uploads\/2022\/04\/Original.png","width":800,"height":361,"caption":"Timuntu Travel"},"image":{"@id":"https:\/\/timuntutravel.com\/#\/schema\/logo\/image\/"}}]}},"_links":{"self":[{"href":"https:\/\/timuntutravel.com\/v3\/wp-json\/wp\/v2\/product\/1597","targetHints":{"allow":["GET"]}}],"collection":[{"href":"https:\/\/timuntutravel.com\/v3\/wp-json\/wp\/v2\/product"}],"about":[{"href":"https:\/\/timuntutravel.com\/v3\/wp-json\/wp\/v2\/types\/product"}],"replies":[{"embeddable":true,"href":"https:\/\/timuntutravel.com\/v3\/wp-json\/wp\/v2\/comments?post=1597"}],"wp:featuredmedia":[{"embeddable":true,"href":"https:\/\/timuntutravel.com\/v3\/wp-json\/wp\/v2\/media\/5723"}],"wp:attachment":[{"href":"https:\/\/timuntutravel.com\/v3\/wp-json\/wp\/v2\/media?parent=1597"}],"wp:term":[{"taxonomy":"product_brand","embeddable":true,"href":"https:\/\/timuntutravel.com\/v3\/wp-json\/wp\/v2\/product_brand?post=1597"},{"taxonomy":"product_cat","embeddable":true,"href":"https:\/\/timuntutravel.com\/v3\/wp-json\/wp\/v2\/product_cat?post=1597"},{"taxonomy":"product_tag","embeddable":true,"href":"https:\/\/timuntutravel.com\/v3\/wp-json\/wp\/v2\/product_tag?post=1597"}],"curies":[{"name":"wp","href":"https:\/\/api.w.org\/{rel}","templated":true}]}}