{"id":5099,"date":"2023-04-27T17:05:05","date_gmt":"2023-04-27T15:05:05","guid":{"rendered":"https:\/\/timuntu-travel.com\/?post_type=product&#038;p=5099"},"modified":"2023-05-05T11:09:11","modified_gmt":"2023-05-05T09:09:11","slug":"les-5-conseils-pour-reussir-son-premier-voyage-en-afrique","status":"publish","type":"product","link":"https:\/\/timuntutravel.com\/v3\/produit\/les-5-conseils-pour-reussir-son-premier-voyage-en-afrique\/","title":{"rendered":"Les 5 conseils pour r\u00e9ussir son premier voyage en Afrique"},"content":{"rendered":"\t\t<div data-elementor-type=\"product-post\" data-elementor-id=\"5099\" class=\"elementor elementor-5099\" data-elementor-post-type=\"product\">\n\t\t\t\t<div class=\"elementor-element elementor-element-2539ff0 e-flex e-con-boxed e-con e-parent\" data-id=\"2539ff0\" data-element_type=\"container\" data-settings=\"{&quot;jet_parallax_layout_list&quot;:[]}\">\n\t\t\t\t\t<div class=\"e-con-inner\">\n\t\t\t\t<div class=\"elementor-element elementor-element-fac380c elementor-widget elementor-widget-text-editor\" data-id=\"fac380c\" data-element_type=\"widget\" data-widget_type=\"text-editor.default\">\n\t\t\t\t<div class=\"elementor-widget-container\">\n\t\t\t\t\t\t\t\t\t<h3><span style=\"text-align: var(--text-align);\">Nous sommes fiers de vous offrir gratuitement notre guide t\u00e9l\u00e9chargeable \u00ab\u00a0Les 5 conseils pour r\u00e9ussir son premier voyage en Afrique\u00a0\u00bb. \u00c9crit par nos experts du secteur, ce guide est con\u00e7u pour aider les voyageurs \u00e0 profiter au maximum de leur exp\u00e9rience de voyage en Afrique.<br><\/span>Nos conseils ont \u00e9t\u00e9 soigneusement \u00e9labor\u00e9s pour r\u00e9pondre aux questions les plus courantes que les voyageurs peuvent se poser lorsqu&rsquo;ils visitent l&rsquo;Afrique pour la premi\u00e8re fois. Que vous soyez \u00e0 la recherche de conseils pour votre sant\u00e9 et s\u00e9curit\u00e9, des astuces pour \u00e9conomiser de l&rsquo;argent, ou des suggestions d&rsquo;itin\u00e9raires, notre guide est l\u00e0 pour vous aider.<br>En t\u00e9l\u00e9chargeant notre guide gratuit, vous aurez acc\u00e8s \u00e0 des informations pratiques et concr\u00e8tes qui vous permettront de planifier votre voyage en toute confiance. Nous avons rassembl\u00e9 des informations importantes sur les coutumes et les traditions locales, ainsi que sur les meilleures p\u00e9riodes pour visiter les diff\u00e9rents pays d&rsquo;Afrique.<br>En t\u00e9l\u00e9chargeant notre guide, vous aurez \u00e9galement acc\u00e8s \u00e0 des recommandations de voyageurs exp\u00e9riment\u00e9s, qui ont parcouru l&rsquo;Afrique et partagent avec vous leurs meilleurs conseils pour r\u00e9ussir votre voyage. Que vous soyez un voyageur en solo, en couple, ou en famille, nos conseils vous seront pr\u00e9cieux pour profiter pleinement de votre exp\u00e9rience de voyage.<br>T\u00e9l\u00e9chargez d\u00e8s maintenant notre guide gratuit \u00ab\u00a0Les 5 conseils pour r\u00e9ussir son premier voyage en Afrique\u00a0\u00bb et commencez \u00e0 planifier votre voyage de r\u00eave d\u00e8s aujourd&rsquo;hui!<\/h3>\t\t\t\t\t\t\t\t<\/div>\n\t\t\t\t<\/div>\n\t\t\t\t\t<\/div>\n\t\t\t\t<\/div>\n\t\t\t\t<\/div>\n\t\t","protected":false},"excerpt":{"rendered":"<p>Nous sommes fiers de vous offrir gratuitement notre guide t\u00e9l\u00e9chargeable \u00ab\u00a0Les 5 conseils pour r\u00e9ussir son premier voyage en Afrique\u00a0\u00bb. \u00c9crit par nos experts du secteur, ce guide est con\u00e7u pour aider les voyageurs \u00e0 profiter au maximum de leur exp\u00e9rience de voyage en Afrique. Nos conseils ont \u00e9t\u00e9 soigneusement \u00e9labor\u00e9s pour r\u00e9pondre aux questions [&hellip;]<\/p>\n","protected":false},"featured_media":5100,"comment_status":"open","ping_status":"closed","template":"","meta":{"_acf_changed":false,"_jet_sm_ready_style":"","_jet_sm_style":"","_jet_sm_controls_values":"","_jet_sm_fonts_collection":"","_jet_sm_fonts_links":""},"product_brand":[],"product_cat":[343],"product_tag":[],"class_list":{"0":"post-5099","1":"product","2":"type-product","3":"status-publish","4":"has-post-thumbnail","6":"product_cat-guides","8":"first","9":"instock","10":"featured","11":"downloadable","12":"virtual","13":"purchasable","14":"product-type-simple"},"acf":[],"yoast_head":"<!-- This site is optimized with the Yoast SEO plugin v25.4 - https:\/\/yoast.com\/wordpress\/plugins\/seo\/ -->\n<title>Les 5 conseils pour r\u00e9ussir son premier voyage en Afrique - Timuntu Travel<\/title>\n<meta name=\"robots\" content=\"index, follow, max-snippet:-1, max-image-preview:large, max-video-preview:-1\" \/>\n<link rel=\"canonical\" href=\"https:\/\/timuntutravel.com\/v3\/produit\/les-5-conseils-pour-reussir-son-premier-voyage-en-afrique\/\" \/>\n<meta property=\"og:locale\" content=\"fr_FR\" \/>\n<meta property=\"og:type\" content=\"article\" \/>\n<meta property=\"og:title\" content=\"Les 5 conseils pour r\u00e9ussir son premier voyage en Afrique - Timuntu Travel\" \/>\n<meta property=\"og:description\" content=\"Nous sommes fiers de vous offrir gratuitement notre guide t\u00e9l\u00e9chargeable \u00ab\u00a0Les 5 conseils pour r\u00e9ussir son premier voyage en Afrique\u00a0\u00bb. \u00c9crit par nos experts du secteur, ce guide est con\u00e7u pour aider les voyageurs \u00e0 profiter au maximum de leur exp\u00e9rience de voyage en Afrique. Nos conseils ont \u00e9t\u00e9 soigneusement \u00e9labor\u00e9s pour r\u00e9pondre aux questions [&hellip;]\" \/>\n<meta property=\"og:url\" content=\"https:\/\/timuntutravel.com\/v3\/produit\/les-5-conseils-pour-reussir-son-premier-voyage-en-afrique\/\" \/>\n<meta property=\"og:site_name\" content=\"Timuntu Travel\" \/>\n<meta property=\"article:modified_time\" content=\"2023-05-05T09:09:11+00:00\" \/>\n<meta property=\"og:image\" content=\"https:\/\/timuntutravel.com\/v3\/wp-content\/uploads\/2023\/04\/Les-5-conseils-pour-reussir-son-premier-voyage-en-Afrique-scaled.jpg\" \/>\n\t<meta property=\"og:image:width\" content=\"1810\" \/>\n\t<meta property=\"og:image:height\" content=\"2560\" \/>\n\t<meta property=\"og:image:type\" content=\"image\/jpeg\" \/>\n<meta name=\"twitter:card\" content=\"summary_large_image\" \/>\n<meta name=\"twitter:label1\" content=\"Dur\u00e9e de lecture estim\u00e9e\" \/>\n\t<meta name=\"twitter:data1\" content=\"1 minute\" \/>\n<script type=\"application\/ld+json\" class=\"yoast-schema-graph\">{\"@context\":\"https:\/\/schema.org\",\"@graph\":[{\"@type\":\"WebPage\",\"@id\":\"https:\/\/timuntutravel.com\/v3\/produit\/les-5-conseils-pour-reussir-son-premier-voyage-en-afrique\/\",\"url\":\"https:\/\/timuntutravel.com\/v3\/produit\/les-5-conseils-pour-reussir-son-premier-voyage-en-afrique\/\",\"name\":\"Les 5 conseils pour r\u00e9ussir son premier voyage en Afrique - Timuntu Travel\",\"isPartOf\":{\"@id\":\"https:\/\/timuntutravel.com\/#website\"},\"primaryImageOfPage\":{\"@id\":\"https:\/\/timuntutravel.com\/v3\/produit\/les-5-conseils-pour-reussir-son-premier-voyage-en-afrique\/#primaryimage\"},\"image\":{\"@id\":\"https:\/\/timuntutravel.com\/v3\/produit\/les-5-conseils-pour-reussir-son-premier-voyage-en-afrique\/#primaryimage\"},\"thumbnailUrl\":\"https:\/\/timuntutravel.com\/v3\/wp-content\/uploads\/2023\/04\/Les-5-conseils-pour-reussir-son-premier-voyage-en-Afrique-scaled.jpg\",\"datePublished\":\"2023-04-27T15:05:05+00:00\",\"dateModified\":\"2023-05-05T09:09:11+00:00\",\"breadcrumb\":{\"@id\":\"https:\/\/timuntutravel.com\/v3\/produit\/les-5-conseils-pour-reussir-son-premier-voyage-en-afrique\/#breadcrumb\"},\"inLanguage\":\"fr-FR\",\"potentialAction\":[{\"@type\":\"ReadAction\",\"target\":[\"https:\/\/timuntutravel.com\/v3\/produit\/les-5-conseils-pour-reussir-son-premier-voyage-en-afrique\/\"]}]},{\"@type\":\"ImageObject\",\"inLanguage\":\"fr-FR\",\"@id\":\"https:\/\/timuntutravel.com\/v3\/produit\/les-5-conseils-pour-reussir-son-premier-voyage-en-afrique\/#primaryimage\",\"url\":\"https:\/\/timuntutravel.com\/v3\/wp-content\/uploads\/2023\/04\/Les-5-conseils-pour-reussir-son-premier-voyage-en-Afrique-scaled.jpg\",\"contentUrl\":\"https:\/\/timuntutravel.com\/v3\/wp-content\/uploads\/2023\/04\/Les-5-conseils-pour-reussir-son-premier-voyage-en-Afrique-scaled.jpg\",\"width\":1810,\"height\":2560,\"caption\":\"Les 5 conseils pour r\u00e9ussir son premier voyage en Afrique\"},{\"@type\":\"BreadcrumbList\",\"@id\":\"https:\/\/timuntutravel.com\/v3\/produit\/les-5-conseils-pour-reussir-son-premier-voyage-en-afrique\/#breadcrumb\",\"itemListElement\":[{\"@type\":\"ListItem\",\"position\":1,\"name\":\"Accueil\",\"item\":\"https:\/\/timuntutravel.com\/v3\/\"},{\"@type\":\"ListItem\",\"position\":2,\"name\":\"Boutique\",\"item\":\"https:\/\/timuntutravel.com\/v3\/boutique\/\"},{\"@type\":\"ListItem\",\"position\":3,\"name\":\"Les 5 conseils pour r\u00e9ussir son premier voyage en Afrique\"}]},{\"@type\":\"WebSite\",\"@id\":\"https:\/\/timuntutravel.com\/#website\",\"url\":\"https:\/\/timuntutravel.com\/\",\"name\":\"Timuntu Travel\",\"description\":\"Timuntu Travel\",\"publisher\":{\"@id\":\"https:\/\/timuntutravel.com\/#organization\"},\"potentialAction\":[{\"@type\":\"SearchAction\",\"target\":{\"@type\":\"EntryPoint\",\"urlTemplate\":\"https:\/\/timuntutravel.com\/?s={search_term_string}\"},\"query-input\":{\"@type\":\"PropertyValueSpecification\",\"valueRequired\":true,\"valueName\":\"search_term_string\"}}],\"inLanguage\":\"fr-FR\"},{\"@type\":\"Organization\",\"@id\":\"https:\/\/timuntutravel.com\/#organization\",\"name\":\"Timuntu Travel\",\"url\":\"https:\/\/timuntutravel.com\/\",\"logo\":{\"@type\":\"ImageObject\",\"inLanguage\":\"fr-FR\",\"@id\":\"https:\/\/timuntutravel.com\/#\/schema\/logo\/image\/\",\"url\":\"https:\/\/timuntutravel.com\/v3\/wp-content\/uploads\/2022\/04\/Original.png\",\"contentUrl\":\"https:\/\/timuntutravel.com\/v3\/wp-content\/uploads\/2022\/04\/Original.png\",\"width\":800,\"height\":361,\"caption\":\"Timuntu Travel\"},\"image\":{\"@id\":\"https:\/\/timuntutravel.com\/#\/schema\/logo\/image\/\"}}]}<\/script>\n<!-- \/ Yoast SEO plugin. -->","yoast_head_json":{"title":"Les 5 conseils pour r\u00e9ussir son premier voyage en Afrique - Timuntu Travel","robots":{"index":"index","follow":"follow","max-snippet":"max-snippet:-1","max-image-preview":"max-image-preview:large","max-video-preview":"max-video-preview:-1"},"canonical":"https:\/\/timuntutravel.com\/v3\/produit\/les-5-conseils-pour-reussir-son-premier-voyage-en-afrique\/","og_locale":"fr_FR","og_type":"article","og_title":"Les 5 conseils pour r\u00e9ussir son premier voyage en Afrique - Timuntu Travel","og_description":"Nous sommes fiers de vous offrir gratuitement notre guide t\u00e9l\u00e9chargeable \u00ab\u00a0Les 5 conseils pour r\u00e9ussir son premier voyage en Afrique\u00a0\u00bb. \u00c9crit par nos experts du secteur, ce guide est con\u00e7u pour aider les voyageurs \u00e0 profiter au maximum de leur exp\u00e9rience de voyage en Afrique. Nos conseils ont \u00e9t\u00e9 soigneusement \u00e9labor\u00e9s pour r\u00e9pondre aux questions [&hellip;]","og_url":"https:\/\/timuntutravel.com\/v3\/produit\/les-5-conseils-pour-reussir-son-premier-voyage-en-afrique\/","og_site_name":"Timuntu Travel","article_modified_time":"2023-05-05T09:09:11+00:00","og_image":[{"width":1810,"height":2560,"url":"https:\/\/timuntutravel.com\/v3\/wp-content\/uploads\/2023\/04\/Les-5-conseils-pour-reussir-son-premier-voyage-en-Afrique-scaled.jpg","type":"image\/jpeg"}],"twitter_card":"summary_large_image","twitter_misc":{"Dur\u00e9e de lecture estim\u00e9e":"1 minute"},"schema":{"@context":"https:\/\/schema.org","@graph":[{"@type":"WebPage","@id":"https:\/\/timuntutravel.com\/v3\/produit\/les-5-conseils-pour-reussir-son-premier-voyage-en-afrique\/","url":"https:\/\/timuntutravel.com\/v3\/produit\/les-5-conseils-pour-reussir-son-premier-voyage-en-afrique\/","name":"Les 5 conseils pour r\u00e9ussir son premier voyage en Afrique - Timuntu Travel","isPartOf":{"@id":"https:\/\/timuntutravel.com\/#website"},"primaryImageOfPage":{"@id":"https:\/\/timuntutravel.com\/v3\/produit\/les-5-conseils-pour-reussir-son-premier-voyage-en-afrique\/#primaryimage"},"image":{"@id":"https:\/\/timuntutravel.com\/v3\/produit\/les-5-conseils-pour-reussir-son-premier-voyage-en-afrique\/#primaryimage"},"thumbnailUrl":"https:\/\/timuntutravel.com\/v3\/wp-content\/uploads\/2023\/04\/Les-5-conseils-pour-reussir-son-premier-voyage-en-Afrique-scaled.jpg","datePublished":"2023-04-27T15:05:05+00:00","dateModified":"2023-05-05T09:09:11+00:00","breadcrumb":{"@id":"https:\/\/timuntutravel.com\/v3\/produit\/les-5-conseils-pour-reussir-son-premier-voyage-en-afrique\/#breadcrumb"},"inLanguage":"fr-FR","potentialAction":[{"@type":"ReadAction","target":["https:\/\/timuntutravel.com\/v3\/produit\/les-5-conseils-pour-reussir-son-premier-voyage-en-afrique\/"]}]},{"@type":"ImageObject","inLanguage":"fr-FR","@id":"https:\/\/timuntutravel.com\/v3\/produit\/les-5-conseils-pour-reussir-son-premier-voyage-en-afrique\/#primaryimage","url":"https:\/\/timuntutravel.com\/v3\/wp-content\/uploads\/2023\/04\/Les-5-conseils-pour-reussir-son-premier-voyage-en-Afrique-scaled.jpg","contentUrl":"https:\/\/timuntutravel.com\/v3\/wp-content\/uploads\/2023\/04\/Les-5-conseils-pour-reussir-son-premier-voyage-en-Afrique-scaled.jpg","width":1810,"height":2560,"caption":"Les 5 conseils pour r\u00e9ussir son premier voyage en Afrique"},{"@type":"BreadcrumbList","@id":"https:\/\/timuntutravel.com\/v3\/produit\/les-5-conseils-pour-reussir-son-premier-voyage-en-afrique\/#breadcrumb","itemListElement":[{"@type":"ListItem","position":1,"name":"Accueil","item":"https:\/\/timuntutravel.com\/v3\/"},{"@type":"ListItem","position":2,"name":"Boutique","item":"https:\/\/timuntutravel.com\/v3\/boutique\/"},{"@type":"ListItem","position":3,"name":"Les 5 conseils pour r\u00e9ussir son premier voyage en Afrique"}]},{"@type":"WebSite","@id":"https:\/\/timuntutravel.com\/#website","url":"https:\/\/timuntutravel.com\/","name":"Timuntu Travel","description":"Timuntu Travel","publisher":{"@id":"https:\/\/timuntutravel.com\/#organization"},"potentialAction":[{"@type":"SearchAction","target":{"@type":"EntryPoint","urlTemplate":"https:\/\/timuntutravel.com\/?s={search_term_string}"},"query-input":{"@type":"PropertyValueSpecification","valueRequired":true,"valueName":"search_term_string"}}],"inLanguage":"fr-FR"},{"@type":"Organization","@id":"https:\/\/timuntutravel.com\/#organization","name":"Timuntu Travel","url":"https:\/\/timuntutravel.com\/","logo":{"@type":"ImageObject","inLanguage":"fr-FR","@id":"https:\/\/timuntutravel.com\/#\/schema\/logo\/image\/","url":"https:\/\/timuntutravel.com\/v3\/wp-content\/uploads\/2022\/04\/Original.png","contentUrl":"https:\/\/timuntutravel.com\/v3\/wp-content\/uploads\/2022\/04\/Original.png","width":800,"height":361,"caption":"Timuntu Travel"},"image":{"@id":"https:\/\/timuntutravel.com\/#\/schema\/logo\/image\/"}}]}},"_links":{"self":[{"href":"https:\/\/timuntutravel.com\/v3\/wp-json\/wp\/v2\/product\/5099","targetHints":{"allow":["GET"]}}],"collection":[{"href":"https:\/\/timuntutravel.com\/v3\/wp-json\/wp\/v2\/product"}],"about":[{"href":"https:\/\/timuntutravel.com\/v3\/wp-json\/wp\/v2\/types\/product"}],"replies":[{"embeddable":true,"href":"https:\/\/timuntutravel.com\/v3\/wp-json\/wp\/v2\/comments?post=5099"}],"wp:featuredmedia":[{"embeddable":true,"href":"https:\/\/timuntutravel.com\/v3\/wp-json\/wp\/v2\/media\/5100"}],"wp:attachment":[{"href":"https:\/\/timuntutravel.com\/v3\/wp-json\/wp\/v2\/media?parent=5099"}],"wp:term":[{"taxonomy":"product_brand","embeddable":true,"href":"https:\/\/timuntutravel.com\/v3\/wp-json\/wp\/v2\/product_brand?post=5099"},{"taxonomy":"product_cat","embeddable":true,"href":"https:\/\/timuntutravel.com\/v3\/wp-json\/wp\/v2\/product_cat?post=5099"},{"taxonomy":"product_tag","embeddable":true,"href":"https:\/\/timuntutravel.com\/v3\/wp-json\/wp\/v2\/product_tag?post=5099"}],"curies":[{"name":"wp","href":"https:\/\/api.w.org\/{rel}","templated":true}]}}